{"id":338184,"date":"2022-02-16T14:00:18","date_gmt":"2022-02-16T14:00:18","guid":{"rendered":"https:\/\/joancerda.com\/team\/"},"modified":"2026-02-04T07:56:51","modified_gmt":"2026-02-04T07:56:51","slug":"team","status":"publish","type":"page","link":"https:\/\/joancerda.com\/de\/team\/","title":{"rendered":"Team"},"content":{"rendered":"<p>[et_pb_section fb_built=&#8220;1&#8243; _builder_version=&#8220;4.16&#8243; _module_preset=&#8220;default&#8220; background_color=&#8220;#F3F2EF&#8220; background_enable_image=&#8220;off&#8220; background_size=&#8220;contain&#8220; background_position=&#8220;center_right&#8220; custom_padding=&#8220;120px||120px||true|false&#8220; locked=&#8220;off&#8220; global_colors_info=&#8220;{}&#8220;][et_pb_row _builder_version=&#8220;4.16&#8243; _module_preset=&#8220;default&#8220; max_width=&#8220;1400px&#8220; custom_margin=&#8220;|auto|8vh|auto|false|false&#8220; global_colors_info=&#8220;{}&#8220;][et_pb_column type=&#8220;4_4&#8243; _builder_version=&#8220;4.16&#8243; _module_preset=&#8220;default&#8220; global_colors_info=&#8220;{}&#8220;][et_pb_text _builder_version=&#8220;4.16&#8243; _module_preset=&#8220;default&#8220; header_3_font=&#8220;Lato|700|||||||&#8220; header_3_text_color=&#8220;#152052&#8243; header_3_font_size=&#8220;18px&#8220; header_3_letter_spacing=&#8220;2.5px&#8220; header_4_font=&#8220;|700|||||||&#8220; header_4_text_color=&#8220;#152052&#8243; header_4_letter_spacing=&#8220;2.5px&#8220; custom_margin=&#8220;||15px||false|false&#8220; custom_padding=&#8220;||||false|false&#8220; header_3_font_size_tablet=&#8220;16px&#8220; header_3_font_size_phone=&#8220;14px&#8220; header_3_font_size_last_edited=&#8220;on|tablet&#8220; locked=&#8220;off&#8220; global_colors_info=&#8220;{}&#8220;]<\/p>\n<h3 style=\"text-align: center;\">TEAM<\/h3>\n<p>[\/et_pb_text][et_pb_text _builder_version=&#8220;4.16&#8243; _module_preset=&#8220;default&#8220; text_font=&#8220;ogg||||||||&#8220; text_text_color=&#8220;#152052&#8243; text_font_size=&#8220;56px&#8220; text_letter_spacing=&#8220;0.2px&#8220; text_line_height=&#8220;1em&#8220; header_text_color=&#8220;#00C6DA&#8220; header_2_font=&#8220;ogg||||||||&#8220; header_2_text_color=&#8220;#152052&#8243; header_2_font_size=&#8220;56px&#8220; header_2_line_height=&#8220;1.2em&#8220; header_4_font=&#8220;|700|||||||&#8220; header_4_text_color=&#8220;#00C6DA&#8220; header_4_letter_spacing=&#8220;2.5px&#8220; custom_margin=&#8220;||||false|false&#8220; custom_padding=&#8220;||||false|false&#8220; custom_padding_tablet=&#8220;||30px||false|false&#8220; custom_padding_phone=&#8220;||30px||false|false&#8220; custom_padding_last_edited=&#8220;on|phone&#8220; text_font_size_tablet=&#8220;50px&#8220; text_font_size_phone=&#8220;42px&#8220; text_font_size_last_edited=&#8220;on|phone&#8220; header_2_font_size_tablet=&#8220;52px&#8220; header_2_font_size_phone=&#8220;46px&#8220; header_2_font_size_last_edited=&#8220;on|phone&#8220; global_colors_info=&#8220;{}&#8220;]<\/p>\n<h2 style=\"text-align: center;\">Hervorragende Leistungen lassen sich nur mit einem gro\u00dfartigen Team und unter Einhaltung der eigenen Werte erreichen<\/h2>\n<p>[\/et_pb_text][et_pb_button button_url=&#8220;#Conocenos&#8220; button_text=&#8220;\u00dcBER UNS&#8220; button_alignment=&#8220;center&#8220; _builder_version=&#8220;4.16&#8243; _module_preset=&#8220;default&#8220; custom_button=&#8220;on&#8220; button_text_size=&#8220;14px&#8220; button_text_color=&#8220;#00C6DA&#8220; button_border_width=&#8220;0px&#8220; button_border_color=&#8220;RGBA(255,255,255,0)&#8220; button_border_radius=&#8220;0px&#8220; button_letter_spacing=&#8220;1px&#8220; button_font=&#8220;|600|||||||&#8220; button_icon=&#8220;&#x22;||divi||400&#8243; button_icon_color=&#8220;#00C6DA&#8220; button_on_hover=&#8220;off&#8220; custom_margin=&#8220;20px||||false|false&#8220; custom_padding=&#8220;12px|45px|12px|45px|true|true&#8220; locked=&#8220;off&#8220; global_colors_info=&#8220;{}&#8220; button_text_size__hover_enabled=&#8220;on|hover&#8220; button_text_color__hover_enabled=&#8220;on|hover&#8220; button_text_color__hover=&#8220;#152052&#8243; button_bg_color__hover_enabled=&#8220;on|desktop&#8220; button_bg_color__hover=&#8220;RGBA(255,255,255,0)&#8220; button_bg_enable_color__hover=&#8220;on&#8220; button_border_color__hover_enabled=&#8220;on|hover&#8220; button_border_color__hover=&#8220;#152052&#8243; button_text_size__hover=&#8220;14px&#8220; button_icon_color__hover_enabled=&#8220;on|desktop&#8220; button_icon_color__hover=&#8220;#152052&#8243; button_letter_spacing__hover_enabled=&#8220;on|hover&#8220; button_letter_spacing__hover=&#8220;1.5px&#8220;][\/et_pb_button][\/et_pb_column][\/et_pb_row][et_pb_row module_id=&#8220;Conocenos&#8220; _builder_version=&#8220;4.16&#8243; _module_preset=&#8220;default&#8220; global_colors_info=&#8220;{}&#8220;][et_pb_column type=&#8220;4_4&#8243; _builder_version=&#8220;4.16&#8243; _module_preset=&#8220;default&#8220; global_colors_info=&#8220;{}&#8220;][et_pb_filterable_portfolio fullwidth=&#8220;off&#8220; posts_number=&#8220;50&#8243; zoom_icon_color=&#8220;RGBA(255,255,255,0)&#8220; hover_overlay_color=&#8220;RGBA(255,255,255,0)&#8220; module_id=&#8220;equipos&#8220; module_class=&#8220;three-column-grid&#8220; _builder_version=&#8220;4.21.0&#8243; _module_preset=&#8220;default&#8220; title_font=&#8220;ogg|700|||||||&#8220; title_text_align=&#8220;left&#8220; title_text_color=&#8220;#F7F7F7&#8243; title_font_size=&#8220;20px&#8220; title_letter_spacing=&#8220;0.5px&#8220; title_line_height=&#8220;1.2em&#8220; caption_font=&#8220;Lato||||||||&#8220; caption_text_align=&#8220;left&#8220; caption_text_color=&#8220;#00C6DA&#8220; caption_font_size=&#8220;14px&#8220; caption_line_height=&#8220;1.2em&#8220; pagination_font=&#8220;Lato|||on|||||&#8220; pagination_text_align=&#8220;left&#8220; pagination_text_color=&#8220;#152052&#8243; pagination_font_size=&#8220;14px&#8220; pagination_letter_spacing=&#8220;0.5px&#8220; text_orientation=&#8220;center&#8220; custom_margin=&#8220;||||false|false&#8220; custom_padding=&#8220;||||false|false&#8220; title_font_size_tablet=&#8220;18px&#8220; title_font_size_phone=&#8220;16px&#8220; title_font_size_last_edited=&#8220;on|phone&#8220; caption_font_size_tablet=&#8220;14px&#8220; caption_font_size_phone=&#8220;12px&#8220; caption_font_size_last_edited=&#8220;on|phone&#8220; custom_css_overlay=&#8220;|| -webkit-filter: grayscale(100%); \/* Safari 6.0 &#8211; 9.0 *\/|| filter: grayscale(100%);||&#8220; custom_css_portfolio_pagination_active=&#8220;color: #00C6DA!important;||background: #152052;||padding: 5px 9px 5px 9px;||border-radius: 30px;&#8220; border_radii_image=&#8220;on|6px|6px|6px|6px&#8220; box_shadow_style_image=&#8220;preset2&#8243; box_shadow_blur_image=&#8220;15px&#8220; box_shadow_color_image=&#8220;RGBA(255,255,255,0)&#8220; global_colors_info=&#8220;{}&#8220; pagination_text_color__hover_enabled=&#8220;off|hover&#8220; pagination_text_color__hover=&#8220;#00C6DA&#8220;][\/et_pb_filterable_portfolio][\/et_pb_column][\/et_pb_row][\/et_pb_section][et_pb_section fb_built=&#8220;1&#8243; admin_label=&#8220;M\u00f3dulo botones flotantes&#8220; _builder_version=&#8220;4.27.4&#8243; _module_preset=&#8220;default&#8220; custom_margin=&#8220;0px||0px||false|false&#8220; custom_padding=&#8220;0px||0px||false|false&#8220; locked=&#8220;off&#8220; collapsed=&#8220;off&#8220; global_colors_info=&#8220;{}&#8220;][et_pb_row _builder_version=&#8220;4.27.4&#8243; _module_preset=&#8220;default&#8220; custom_margin=&#8220;0px||0px||false|false&#8220; custom_padding=&#8220;0px||0px||false|false&#8220; global_colors_info=&#8220;{}&#8220;][et_pb_column type=&#8220;4_4&#8243; _builder_version=&#8220;4.27.4&#8243; _module_preset=&#8220;default&#8220; global_colors_info=&#8220;{}&#8220;][et_pb_code _builder_version=&#8220;4.27.4&#8243; _module_preset=&#8220;default&#8220; custom_margin=&#8220;0px||0px||false|false&#8220; custom_padding=&#8220;0px||0px||false|false&#8220; custom_css_main_element=&#8220;.floating-contact-buttons {||  position: fixed;||  top: 40%;||  left: 0;||  display: flex;||  flex-direction: column;||  gap: 12px;||  z-index: 9999;||}||||.floating-btn {||  display: flex;||  align-items: center;||  padding: 12px;||  background-color: #00c6da; \/* por defecto rojo *\/||  color: #fff;||  text-decoration: none;||  border-radius: 0 30px 30px 0;||  overflow: hidden;||  width: 50px;||  transition: width 0.3s ease;||  white-space: nowrap;||}||||.floating-btn .text {||  margin-left: 10px;||  opacity: 0;||  transition: opacity 0.3s ease;||  font-size: 16px;||  font-family: &#8218;Lato&#8216;, sans-serif;||  font-weight: 700; \/* Bold *\/||  letter-spacing: -0.5px;||}||||.floating-btn:hover {||  width: 180px;||}||||.floating-btn:hover .text {||  opacity: 1;||}||||\/* Colores espec\u00edficos *\/||.floating-btn.email {||  background-color: #333;||}||.floating-btn.email:hover {||  background-color: #000;||}&#8220; custom_css_free_form=&#8220;\/* &#8212;&#8212;&#8212;- Posicionamiento general &#8212;&#8212;&#8212;- *\/||.floating-contact-buttons{||  position: fixed;||  right: 20px;||  bottom: 20px;||  display: flex;||  flex-direction: column;||  gap: 14px;||  z-index: 9999;||}||||\/* &#8212;&#8212;&#8212;- Bot\u00f3n base &#8212;&#8212;&#8212;- *\/||.floating-btn{||  display: flex;||  align-items: center;||                  \/* separaci\u00f3n icono-texto *\/||  padding: 10px 14px;||  border-radius: 30px;||  text-decoration: none;||  color: #fff;||  font-family: sans-serif;||  font-weight: 600;||  overflow: hidden;             \/* oculta el texto antes de desplegar *\/||  transition: max-width .3s ease, opacity .3s ease;||  max-width: 48px;              \/* solo icono visible al principio *\/||}||||\/* Colores de cada acci\u00f3n *\/||.floating-btn.phone  { background:#00c7d9; }||.floating-btn.email  { background:#333;   }||||\/* &#8212;&#8212;&#8212;- Texto que se despliega &#8212;&#8212;&#8212;- *\/||.floating-btn .text{||  white-space: nowrap;||  opacity: 0;||}||||\/* \u2500\u2500\u2500\u2500\u2500\u2500\u2500\u2500\u2500\u2500\u2500\u2500\u2500\u2500\u2500\u2500\u2500\u2500\u2500\u2500\u2500\u2500\u2500\u2500\u2500\u2500\u2500\u2500\u2500\u2500\u2500\u2500 *\/||\/* 1. SOLO para dispositivos con RAT\u00d3N (hover &#038; pointer:fine)||      aqu\u00ed S\u00cd mostramos la animaci\u00f3n                *\/||\/* \u2500\u2500\u2500\u2500\u2500\u2500\u2500\u2500\u2500\u2500\u2500\u2500\u2500\u2500\u2500\u2500\u2500\u2500\u2500\u2500\u2500\u2500\u2500\u2500\u2500\u2500\u2500\u2500\u2500\u2500\u2500\u2500 *\/||@media (hover:hover) and (pointer:fine){||  .floating-btn:hover{||    max-width: 220px;           \/* ancho suficiente para el texto *\/||  }||  .floating-btn:hover .text{||    opacity: 1;||  }||}||||\/* \u2500\u2500\u2500\u2500\u2500\u2500\u2500\u2500\u2500\u2500\u2500\u2500\u2500\u2500\u2500\u2500\u2500\u2500\u2500\u2500\u2500\u2500\u2500\u2500\u2500\u2500\u2500\u2500\u2500\u2500\u2500\u2500 *\/||\/* 2. Pantallas T\u00c1CTILES (hover:none  &#038;  pointer:coarse)||      \u2192 desactivamos la animaci\u00f3n y||        dejamos el bot\u00f3n \u201cfijo\u201d               *\/||\/* \u2500\u2500\u2500\u2500\u2500\u2500\u2500\u2500\u2500\u2500\u2500\u2500\u2500\u2500\u2500\u2500\u2500\u2500\u2500\u2500\u2500\u2500\u2500\u2500\u2500\u2500\u2500\u2500\u2500\u2500\u2500\u2500 *\/||@media (hover:none) and (pointer:coarse){||  \/* Opci\u00f3n A: que se vean solo los iconos||     (quedan \u2018fijos\u2019 tal como pides)        *\/||  .floating-btn{||    max-width: 48px;            \/* no se desplegar\u00e1 nunca *\/||  }||  .floating-btn .text{||    display: none;              \/* ocultamos totalmente el texto *\/||  }||||  \/* Si prefieres que en m\u00f3vil se vea SIEMPRE el texto,||     comenta el bloque anterior y descomenta este:     *\/||  \/*||  .floating-btn{||    max-width: 220px;||  }||  .floating-btn .text{||    opacity: 1;||  }||  *\/||}||&#8220; global_colors_info=&#8220;{}&#8220;]<\/p>\n<div class=\"floating-contact-buttons\"><!-- [et_pb_line_break_holder] -->  <!-- Tel\u00e9fono --><!-- [et_pb_line_break_holder] -->  <a href=\"tel:+34971764242\" class=\"floating-btn phone\"><!-- [et_pb_line_break_holder] -->    <i class=\"fas fa-phone-alt\"><\/i><!-- [et_pb_line_break_holder] -->    <span class=\"text\">+34 971 76 42 42<\/span><!-- [et_pb_line_break_holder] -->  <\/a><!-- [et_pb_line_break_holder] --><!-- [et_pb_line_break_holder] -->  <!-- Email --><!-- [et_pb_line_break_holder] -->  <a href=\"mailto:info@tudominio.com\" class=\"floating-btn email\"><!-- [et_pb_line_break_holder] -->    <i class=\"fas fa-envelope\"><\/i><!-- [et_pb_line_break_holder] -->    <span class=\"text\">info@joancerda.com<\/span><!-- [et_pb_line_break_holder] -->  <\/a><!-- [et_pb_line_break_holder] --><\/div>\n<p><!-- [et_pb_line_break_holder] -->[\/et_pb_code][\/et_pb_column][\/et_pb_row][\/et_pb_section][et_pb_section fb_built=&#8220;1&#8243; _builder_version=&#8220;4.27.5&#8243; _module_preset=&#8220;default&#8220; background_color=&#8220;rgba(21,32,82,0.4)&#8220; background_image=&#8220;https:\/\/joancerda.com\/wp-content\/uploads\/2026\/01\/Img_Contacto_Joan_Cerda.jpg&#8220; background_blend=&#8220;multiply&#8220; custom_padding=&#8220;110px||110px||true|false&#8220; hover_enabled=&#8220;0&#8243; locked=&#8220;off&#8220; collapsed=&#8220;off&#8220; global_colors_info=&#8220;{}&#8220; admin_label=&#8220;Kontakt&#8220; sticky_enabled=&#8220;0&#8243;][et_pb_row _builder_version=&#8220;4.16&#8243; _module_preset=&#8220;default&#8220; max_width=&#8220;1400px&#8220; global_colors_info=&#8220;{}&#8220;][et_pb_column type=&#8220;4_4&#8243; _builder_version=&#8220;4.16&#8243; _module_preset=&#8220;default&#8220; global_colors_info=&#8220;{}&#8220;][et_pb_text _builder_version=&#8220;4.27.5&#8243; _module_preset=&#8220;default&#8220; header_font=&#8220;|600|||||||&#8220; header_3_font=&#8220;Lato|700||on|||||&#8220; header_3_text_color=&#8220;#F7F7F7&#8243; header_3_font_size=&#8220;14px&#8220; header_3_letter_spacing=&#8220;0.5px&#8220; header_4_font=&#8220;|700|||||||&#8220; header_4_text_color=&#8220;#00C6DA&#8220; header_4_letter_spacing=&#8220;2.5px&#8220; custom_margin=&#8220;||1%||false|false&#8220; custom_padding=&#8220;||||false|false&#8220; header_3_font_size_tablet=&#8220;16px&#8220; header_3_font_size_phone=&#8220;14px&#8220; header_3_font_size_last_edited=&#8220;on|desktop&#8220; global_colors_info=&#8220;{}&#8220;]<\/p>\n<h3><span>Hilfe und Unterst\u00fctzung<\/span><\/h3>\n<p>[\/et_pb_text][et_pb_text _builder_version=&#8220;4.27.5&#8243; _module_preset=&#8220;default&#8220; text_font=&#8220;ogg||||||||&#8220; text_text_color=&#8220;#152052&#8243; text_font_size=&#8220;56px&#8220; text_letter_spacing=&#8220;0.2px&#8220; text_line_height=&#8220;1em&#8220; header_text_color=&#8220;#00C6DA&#8220; header_2_font=&#8220;ogg||||||||&#8220; header_2_text_color=&#8220;#152052&#8243; header_2_font_size=&#8220;56px&#8220; header_4_font=&#8220;|700|||||||&#8220; header_4_text_color=&#8220;#00C6DA&#8220; header_4_letter_spacing=&#8220;2.5px&#8220; custom_margin=&#8220;||15px||false|false&#8220; custom_padding=&#8220;||||false|false&#8220; custom_padding_tablet=&#8220;||30px||false|false&#8220; custom_padding_phone=&#8220;||30px||false|false&#8220; custom_padding_last_edited=&#8220;on|phone&#8220; text_font_size_tablet=&#8220;50px&#8220; text_font_size_phone=&#8220;42px&#8220; text_font_size_last_edited=&#8220;on|phone&#8220; header_2_font_size_tablet=&#8220;52px&#8220; header_2_font_size_phone=&#8220;48px&#8220; header_2_font_size_last_edited=&#8220;on|desktop&#8220; global_colors_info=&#8220;{}&#8220;]<\/p>\n<h2><strong>Kontaktieren<br \/>Sie uns<\/strong><\/h2>\n<p>[\/et_pb_text][et_pb_text _builder_version=&#8220;4.27.5&#8243; _module_preset=&#8220;default&#8220; text_font=&#8220;||||||||&#8220; text_text_color=&#8220;#ffffff&#8220; text_font_size=&#8220;26px&#8220; text_letter_spacing=&#8220;0.2px&#8220; text_line_height=&#8220;1.2em&#8220; header_2_font=&#8220;||||||||&#8220; width=&#8220;450px&#8220; width_tablet=&#8220;450px&#8220; width_phone=&#8220;320px&#8220; width_last_edited=&#8220;on|tablet&#8220; module_alignment=&#8220;left&#8220; custom_margin=&#8220;||15px||false|false&#8220; custom_padding=&#8220;||0px||false|false&#8220; text_font_size_tablet=&#8220;22px&#8220; text_font_size_phone=&#8220;18px&#8220; text_font_size_last_edited=&#8220;on|phone&#8220; locked=&#8220;off&#8220; global_colors_info=&#8220;{}&#8220;]<\/p>\n<p><span>M\u00f6chten Sie uns fragen?<\/span><\/p>\n<p>[\/et_pb_text][et_pb_button button_url=&#8220;https:\/\/joancerda.com\/de\/kontakt\/#Escribenos&#8220; button_text=&#8220;Kontaktaufnahme&#8220; _builder_version=&#8220;4.16&#8243; _module_preset=&#8220;default&#8220; custom_button=&#8220;on&#8220; button_text_size=&#8220;14px&#8220; button_text_color=&#8220;#F7F7F7&#8243; button_bg_color=&#8220;#152052&#8243; button_border_color=&#8220;#152052&#8243; button_border_radius=&#8220;0px&#8220; button_letter_spacing=&#8220;1.5px&#8220; button_font=&#8220;|600||on|||||&#8220; button_use_icon=&#8220;off&#8220; custom_margin=&#8220;40px||||false|false&#8220; custom_padding=&#8220;12px|45px|12px|45px|true|true&#8220; global_colors_info=&#8220;{}&#8220; button_text_size__hover_enabled=&#8220;on|desktop&#8220; button_text_color__hover_enabled=&#8220;on|hover&#8220; button_text_color__hover=&#8220;#ffffff&#8220; button_bg_color__hover_enabled=&#8220;on|desktop&#8220; button_bg_color__hover=&#8220;RGBA(255,255,255,0)&#8220; button_bg_enable_color__hover=&#8220;on&#8220; button_border_color__hover_enabled=&#8220;on|hover&#8220; button_border_color__hover=&#8220;#152052&#8243; button_text_size__hover=&#8220;14px&#8220;][\/et_pb_button][\/et_pb_column][\/et_pb_row][\/et_pb_section]<\/p>\n","protected":false},"excerpt":{"rendered":"<p>TEAMHervorragende Leistungen lassen sich nur mit einem gro\u00dfartigen Team und unter Einhaltung der eigenen Werte erreichenHilfe und Unterst\u00fctzungKontaktierenSie unsM\u00f6chten Sie uns fragen?<\/p>\n","protected":false},"author":1,"featured_media":0,"parent":0,"menu_order":0,"comment_status":"closed","ping_status":"closed","template":"","meta":{"_et_pb_use_builder":"on","_et_pb_old_content":"","_et_gb_content_width":"","inline_featured_image":false,"footnotes":""},"class_list":["post-338184","page","type-page","status-publish","hentry"],"yoast_head":"<!-- This site is optimized with the Yoast SEO plugin v27.3 - https:\/\/yoast.com\/product\/yoast-seo-wordpress\/ -->\n<title>Wir sind ein tolles Team | Joan Cerd\u00e0<\/title>\n<meta name=\"description\" content=\"Hervorragende Leistungen lassen sich nur mit einem gro\u00dfartigen Team und unter Einhaltung der eigenen Werte erreichen. Lernen Sie unser Team kennen.\" \/>\n<meta name=\"robots\" content=\"index, follow, max-snippet:-1, max-image-preview:large, max-video-preview:-1\" \/>\n<link rel=\"canonical\" href=\"https:\/\/joancerda.com\/de\/team\/\" \/>\n<meta property=\"og:locale\" content=\"de_DE\" \/>\n<meta property=\"og:type\" content=\"article\" \/>\n<meta property=\"og:title\" content=\"Wir sind ein tolles Team | Joan Cerd\u00e0\" \/>\n<meta property=\"og:description\" content=\"Hervorragende Leistungen lassen sich nur mit einem gro\u00dfartigen Team und unter Einhaltung der eigenen Werte erreichen. Lernen Sie unser Team kennen.\" \/>\n<meta property=\"og:url\" content=\"https:\/\/joancerda.com\/de\/team\/\" \/>\n<meta property=\"og:site_name\" content=\"Joan Cerd\u00e0\" \/>\n<meta property=\"article:modified_time\" content=\"2026-02-04T07:56:51+00:00\" \/>\n<meta name=\"twitter:card\" content=\"summary_large_image\" \/>\n<meta name=\"twitter:label1\" content=\"Gesch\u00e4tzte Lesezeit\" \/>\n\t<meta name=\"twitter:data1\" content=\"2\u00a0Minuten\" \/>\n<script type=\"application\/ld+json\" class=\"yoast-schema-graph\">{\"@context\":\"https:\\\/\\\/schema.org\",\"@graph\":[{\"@type\":\"WebPage\",\"@id\":\"https:\\\/\\\/joancerda.com\\\/de\\\/team\\\/\",\"url\":\"https:\\\/\\\/joancerda.com\\\/de\\\/team\\\/\",\"name\":\"Wir sind ein tolles Team | Joan Cerd\u00e0\",\"isPartOf\":{\"@id\":\"https:\\\/\\\/joancerda.com\\\/de\\\/#website\"},\"datePublished\":\"2022-02-16T14:00:18+00:00\",\"dateModified\":\"2026-02-04T07:56:51+00:00\",\"description\":\"Hervorragende Leistungen lassen sich nur mit einem gro\u00dfartigen Team und unter Einhaltung der eigenen Werte erreichen. Lernen Sie unser Team kennen.\",\"breadcrumb\":{\"@id\":\"https:\\\/\\\/joancerda.com\\\/de\\\/team\\\/#breadcrumb\"},\"inLanguage\":\"de\",\"potentialAction\":[{\"@type\":\"ReadAction\",\"target\":[\"https:\\\/\\\/joancerda.com\\\/de\\\/team\\\/\"]}]},{\"@type\":\"BreadcrumbList\",\"@id\":\"https:\\\/\\\/joancerda.com\\\/de\\\/team\\\/#breadcrumb\",\"itemListElement\":[{\"@type\":\"ListItem\",\"position\":1,\"name\":\"Portada\",\"item\":\"https:\\\/\\\/joancerda.com\\\/de\\\/\"},{\"@type\":\"ListItem\",\"position\":2,\"name\":\"Team\"}]},{\"@type\":\"WebSite\",\"@id\":\"https:\\\/\\\/joancerda.com\\\/de\\\/#website\",\"url\":\"https:\\\/\\\/joancerda.com\\\/de\\\/\",\"name\":\"Joan Cerd\u00e0\",\"description\":\"Firma Consultor\u00eda Fiscal\",\"publisher\":{\"@id\":\"https:\\\/\\\/joancerda.com\\\/de\\\/#organization\"},\"potentialAction\":[{\"@type\":\"SearchAction\",\"target\":{\"@type\":\"EntryPoint\",\"urlTemplate\":\"https:\\\/\\\/joancerda.com\\\/de\\\/?s={search_term_string}\"},\"query-input\":{\"@type\":\"PropertyValueSpecification\",\"valueRequired\":true,\"valueName\":\"search_term_string\"}}],\"inLanguage\":\"de\"},{\"@type\":\"Organization\",\"@id\":\"https:\\\/\\\/joancerda.com\\\/de\\\/#organization\",\"name\":\"Joan Cerd\u00e0 Consultor\u00eda Fiscal\",\"url\":\"https:\\\/\\\/joancerda.com\\\/de\\\/\",\"logo\":{\"@type\":\"ImageObject\",\"inLanguage\":\"de\",\"@id\":\"https:\\\/\\\/joancerda.com\\\/de\\\/#\\\/schema\\\/logo\\\/image\\\/\",\"url\":\"https:\\\/\\\/joancerda.com\\\/wp-content\\\/uploads\\\/2021\\\/12\\\/JoanCerda-Logo-Web-Horizontal-White-scaled.jpg\",\"contentUrl\":\"https:\\\/\\\/joancerda.com\\\/wp-content\\\/uploads\\\/2021\\\/12\\\/JoanCerda-Logo-Web-Horizontal-White-scaled.jpg\",\"width\":1920,\"height\":415,\"caption\":\"Joan Cerd\u00e0 Consultor\u00eda Fiscal\"},\"image\":{\"@id\":\"https:\\\/\\\/joancerda.com\\\/de\\\/#\\\/schema\\\/logo\\\/image\\\/\"}}]}<\/script>\n<!-- \/ Yoast SEO plugin. -->","yoast_head_json":{"title":"Wir sind ein tolles Team | Joan Cerd\u00e0","description":"Hervorragende Leistungen lassen sich nur mit einem gro\u00dfartigen Team und unter Einhaltung der eigenen Werte erreichen. Lernen Sie unser Team kennen.","robots":{"index":"index","follow":"follow","max-snippet":"max-snippet:-1","max-image-preview":"max-image-preview:large","max-video-preview":"max-video-preview:-1"},"canonical":"https:\/\/joancerda.com\/de\/team\/","og_locale":"de_DE","og_type":"article","og_title":"Wir sind ein tolles Team | Joan Cerd\u00e0","og_description":"Hervorragende Leistungen lassen sich nur mit einem gro\u00dfartigen Team und unter Einhaltung der eigenen Werte erreichen. Lernen Sie unser Team kennen.","og_url":"https:\/\/joancerda.com\/de\/team\/","og_site_name":"Joan Cerd\u00e0","article_modified_time":"2026-02-04T07:56:51+00:00","twitter_card":"summary_large_image","twitter_misc":{"Gesch\u00e4tzte Lesezeit":"2\u00a0Minuten"},"schema":{"@context":"https:\/\/schema.org","@graph":[{"@type":"WebPage","@id":"https:\/\/joancerda.com\/de\/team\/","url":"https:\/\/joancerda.com\/de\/team\/","name":"Wir sind ein tolles Team | Joan Cerd\u00e0","isPartOf":{"@id":"https:\/\/joancerda.com\/de\/#website"},"datePublished":"2022-02-16T14:00:18+00:00","dateModified":"2026-02-04T07:56:51+00:00","description":"Hervorragende Leistungen lassen sich nur mit einem gro\u00dfartigen Team und unter Einhaltung der eigenen Werte erreichen. Lernen Sie unser Team kennen.","breadcrumb":{"@id":"https:\/\/joancerda.com\/de\/team\/#breadcrumb"},"inLanguage":"de","potentialAction":[{"@type":"ReadAction","target":["https:\/\/joancerda.com\/de\/team\/"]}]},{"@type":"BreadcrumbList","@id":"https:\/\/joancerda.com\/de\/team\/#breadcrumb","itemListElement":[{"@type":"ListItem","position":1,"name":"Portada","item":"https:\/\/joancerda.com\/de\/"},{"@type":"ListItem","position":2,"name":"Team"}]},{"@type":"WebSite","@id":"https:\/\/joancerda.com\/de\/#website","url":"https:\/\/joancerda.com\/de\/","name":"Joan Cerd\u00e0","description":"Firma Consultor\u00eda Fiscal","publisher":{"@id":"https:\/\/joancerda.com\/de\/#organization"},"potentialAction":[{"@type":"SearchAction","target":{"@type":"EntryPoint","urlTemplate":"https:\/\/joancerda.com\/de\/?s={search_term_string}"},"query-input":{"@type":"PropertyValueSpecification","valueRequired":true,"valueName":"search_term_string"}}],"inLanguage":"de"},{"@type":"Organization","@id":"https:\/\/joancerda.com\/de\/#organization","name":"Joan Cerd\u00e0 Consultor\u00eda Fiscal","url":"https:\/\/joancerda.com\/de\/","logo":{"@type":"ImageObject","inLanguage":"de","@id":"https:\/\/joancerda.com\/de\/#\/schema\/logo\/image\/","url":"https:\/\/joancerda.com\/wp-content\/uploads\/2021\/12\/JoanCerda-Logo-Web-Horizontal-White-scaled.jpg","contentUrl":"https:\/\/joancerda.com\/wp-content\/uploads\/2021\/12\/JoanCerda-Logo-Web-Horizontal-White-scaled.jpg","width":1920,"height":415,"caption":"Joan Cerd\u00e0 Consultor\u00eda Fiscal"},"image":{"@id":"https:\/\/joancerda.com\/de\/#\/schema\/logo\/image\/"}}]}},"_links":{"self":[{"href":"https:\/\/joancerda.com\/de\/wp-json\/wp\/v2\/pages\/338184","targetHints":{"allow":["GET"]}}],"collection":[{"href":"https:\/\/joancerda.com\/de\/wp-json\/wp\/v2\/pages"}],"about":[{"href":"https:\/\/joancerda.com\/de\/wp-json\/wp\/v2\/types\/page"}],"author":[{"embeddable":true,"href":"https:\/\/joancerda.com\/de\/wp-json\/wp\/v2\/users\/1"}],"replies":[{"embeddable":true,"href":"https:\/\/joancerda.com\/de\/wp-json\/wp\/v2\/comments?post=338184"}],"version-history":[{"count":20,"href":"https:\/\/joancerda.com\/de\/wp-json\/wp\/v2\/pages\/338184\/revisions"}],"predecessor-version":[{"id":342569,"href":"https:\/\/joancerda.com\/de\/wp-json\/wp\/v2\/pages\/338184\/revisions\/342569"}],"wp:attachment":[{"href":"https:\/\/joancerda.com\/de\/wp-json\/wp\/v2\/media?parent=338184"}],"curies":[{"name":"wp","href":"https:\/\/api.w.org\/{rel}","templated":true}]}}