{"id":338334,"date":"2022-02-17T08:39:17","date_gmt":"2022-02-17T08:39:17","guid":{"rendered":"https:\/\/joancerda.com\/dankeschoen\/"},"modified":"2022-02-18T09:48:45","modified_gmt":"2022-02-18T09:48:45","slug":"dankeschoen","status":"publish","type":"page","link":"https:\/\/joancerda.com\/de\/dankeschoen\/","title":{"rendered":"Dankesch\u00f6n"},"content":{"rendered":"<p>[et_pb_section fb_built=&#8220;1&#8243; _builder_version=&#8220;4.14.2&#8243; _module_preset=&#8220;default&#8220; background_color=&#8220;#E7E7E7&#8243; background_video_mp4=&#8220;https:\/\/joancerda.com\/wp-content\/uploads\/2021\/12\/production-ID_4729774.mp4&#8243; background_video_pause_outside_viewport=&#8220;off&#8220; custom_padding=&#8220;100px||180px||false|false&#8220; global_colors_info=&#8220;{}&#8220;][et_pb_row _builder_version=&#8220;4.14.7&#8243; _module_preset=&#8220;default&#8220; max_width=&#8220;1400px&#8220; custom_margin=&#8220;||10vh||false|false&#8220; locked=&#8220;off&#8220; global_colors_info=&#8220;{}&#8220;][et_pb_column type=&#8220;4_4&#8243; _builder_version=&#8220;4.14.2&#8243; _module_preset=&#8220;default&#8220; global_colors_info=&#8220;{}&#8220;][et_pb_image src=&#8220;https:\/\/joancerda.com\/wp-content\/uploads\/2021\/11\/cropped-Favicon-Joan-Cerda-2.png&#8220; title_text=&#8220;cropped-Favicon-Joan-Cerda-2.png&#8220; align=&#8220;center&#8220; _builder_version=&#8220;4.10.8&#8243; _module_preset=&#8220;default&#8220; width=&#8220;8%&#8220; locked=&#8220;off&#8220; global_colors_info=&#8220;{}&#8220;][\/et_pb_image][et_pb_text _builder_version=&#8220;4.14.7&#8243; _module_preset=&#8220;default&#8220; header_3_font=&#8220;Lato|700|||||||&#8220; header_3_text_color=&#8220;#152052&#8243; header_3_font_size=&#8220;18px&#8220; header_3_letter_spacing=&#8220;2.5px&#8220; header_4_font=&#8220;|700|||||||&#8220; header_4_text_color=&#8220;#152052&#8243; header_4_letter_spacing=&#8220;2.5px&#8220; custom_margin=&#8220;||15px||false|false&#8220; custom_padding=&#8220;||||false|false&#8220; header_3_font_size_tablet=&#8220;16px&#8220; header_3_font_size_phone=&#8220;14px&#8220; header_3_font_size_last_edited=&#8220;on|phone&#8220; locked=&#8220;off&#8220; global_colors_info=&#8220;{}&#8220;]<\/p>\n<h3 style=\"text-align: center;\"><span class=\"s1\">DANKESCH\u00d6N<\/span><\/h3>\n<p>[\/et_pb_text][et_pb_text _builder_version=&#8220;4.14.7&#8243; _module_preset=&#8220;default&#8220; text_font=&#8220;ogg||||||||&#8220; text_text_color=&#8220;#152052&#8243; text_font_size=&#8220;56px&#8220; text_letter_spacing=&#8220;0.2px&#8220; text_line_height=&#8220;1em&#8220; header_text_color=&#8220;#00C6DA&#8220; header_2_font=&#8220;ogg||||||||&#8220; header_2_text_color=&#8220;#F7F7F7&#8243; header_2_font_size=&#8220;42px&#8220; header_2_letter_spacing=&#8220;-0.2px&#8220; header_2_line_height=&#8220;1.2em&#8220; header_4_font=&#8220;|700|||||||&#8220; header_4_text_color=&#8220;#00C6DA&#8220; header_4_letter_spacing=&#8220;2.5px&#8220; custom_margin=&#8220;||||false|false&#8220; custom_padding=&#8220;||||false|false&#8220; custom_padding_tablet=&#8220;||30px||false|false&#8220; custom_padding_phone=&#8220;||30px||false|false&#8220; custom_padding_last_edited=&#8220;on|phone&#8220; hover_enabled=&#8220;0&#8243; text_font_size_tablet=&#8220;50px&#8220; text_font_size_phone=&#8220;42px&#8220; text_font_size_last_edited=&#8220;on|phone&#8220; header_2_font_size_tablet=&#8220;32px&#8220; header_2_font_size_phone=&#8220;32px&#8220; header_2_font_size_last_edited=&#8220;on|phone&#8220; global_colors_info=&#8220;{}&#8220; sticky_enabled=&#8220;0&#8243;]<\/p>\n<h2 style=\"text-align: center;\">Ihre Nachricht wurde erfolgreich gesendet.<br \/>Vielen Dank f\u00fcr Ihre Kontaktaufnahme!!<\/h2>\n<p>[\/et_pb_text][et_pb_text _builder_version=&#8220;4.14.7&#8243; _module_preset=&#8220;default&#8220; text_font=&#8220;|300|||||||&#8220; text_text_color=&#8220;#F7F7F7&#8243; text_font_size=&#8220;26px&#8220; text_line_height=&#8220;1.2em&#8220; header_2_font=&#8220;||||||||&#8220; max_width=&#8220;900px&#8220; module_alignment=&#8220;center&#8220; custom_margin=&#8220;10px||10px||true|false&#8220; custom_padding=&#8220;20px||20px||true|false&#8220; text_font_size_tablet=&#8220;24px&#8220; text_font_size_phone=&#8220;20px&#8220; text_font_size_last_edited=&#8220;on|phone&#8220; global_colors_info=&#8220;{}&#8220;]<\/p>\n<p style=\"text-align: center;\">Ihr Auskunftsersuchen wurde abgeschickt.<br \/>\nWir werden Sie so bald wie m\u00f6glich kontaktieren.<\/p>\n<p>[\/et_pb_text][et_pb_button button_url=&#8220;https:\/\/joancerda.com\/de\/&#8220; button_text=&#8220;ZUR\u00dcCK ZUR HAUPTSEITE&#8220; button_alignment=&#8220;center&#8220; _builder_version=&#8220;4.14.7&#8243; _module_preset=&#8220;default&#8220; custom_button=&#8220;on&#8220; button_text_size=&#8220;14px&#8220; button_text_color=&#8220;#00C6DA&#8220; button_border_width=&#8220;0px&#8220; button_border_color=&#8220;RGBA(255,255,255,0)&#8220; button_border_radius=&#8220;0px&#8220; button_letter_spacing=&#8220;1.5px&#8220; button_font=&#8220;|600|||||||&#8220; button_use_icon=&#8220;off&#8220; custom_margin=&#8220;20px||||false|false&#8220; custom_padding=&#8220;12px|45px|12px|45px|true|true&#8220; hover_enabled=&#8220;0&#8243; locked=&#8220;off&#8220; global_colors_info=&#8220;{}&#8220; button_text_size__hover_enabled=&#8220;on|hover&#8220; button_text_color__hover_enabled=&#8220;on|hover&#8220; button_text_color__hover=&#8220;#152052&#8243; button_bg_color__hover_enabled=&#8220;on|desktop&#8220; button_bg_color__hover=&#8220;RGBA(255,255,255,0)&#8220; button_bg_enable_color__hover=&#8220;on&#8220; button_border_color__hover_enabled=&#8220;on|hover&#8220; button_border_color__hover=&#8220;#152052&#8243; button_text_size__hover=&#8220;14px&#8220; button_icon_color__hover_enabled=&#8220;on|desktop&#8220; button_icon_color__hover=&#8220;#152052&#8243; sticky_enabled=&#8220;0&#8243;][\/et_pb_button][\/et_pb_column][\/et_pb_row][\/et_pb_section]<\/p>\n","protected":false},"excerpt":{"rendered":"<p>DANKESCH\u00d6NIhre Nachricht wurde erfolgreich gesendet.Vielen Dank f\u00fcr Ihre Kontaktaufnahme!!Ihr Auskunftsersuchen wurde abgeschickt. Wir werden Sie so bald wie m\u00f6glich kontaktieren.<\/p>\n","protected":false},"author":1,"featured_media":0,"parent":0,"menu_order":0,"comment_status":"closed","ping_status":"closed","template":"","meta":{"_et_pb_use_builder":"on","_et_pb_old_content":"","_et_gb_content_width":"","inline_featured_image":false,"footnotes":""},"class_list":["post-338334","page","type-page","status-publish","hentry"],"yoast_head":"<!-- This site is optimized with the Yoast SEO plugin v27.5 - https:\/\/yoast.com\/product\/yoast-seo-wordpress\/ -->\n<title>Dankesch\u00f6n | Joan Cerd\u00e0<\/title>\n<meta name=\"robots\" content=\"index, follow, max-snippet:-1, max-image-preview:large, max-video-preview:-1\" \/>\n<link rel=\"canonical\" href=\"https:\/\/joancerda.com\/de\/dankeschoen\/\" \/>\n<meta property=\"og:locale\" content=\"de_DE\" \/>\n<meta property=\"og:type\" content=\"article\" \/>\n<meta property=\"og:title\" content=\"Dankesch\u00f6n | Joan Cerd\u00e0\" \/>\n<meta property=\"og:description\" content=\"DANKESCH\u00d6NIhre Nachricht wurde erfolgreich gesendet.Vielen Dank f\u00fcr Ihre Kontaktaufnahme!!Ihr Auskunftsersuchen wurde abgeschickt. Wir werden Sie so bald wie m\u00f6glich kontaktieren.\" \/>\n<meta property=\"og:url\" content=\"https:\/\/joancerda.com\/de\/dankeschoen\/\" \/>\n<meta property=\"og:site_name\" content=\"Joan Cerd\u00e0\" \/>\n<meta property=\"article:modified_time\" content=\"2022-02-18T09:48:45+00:00\" \/>\n<meta name=\"twitter:card\" content=\"summary_large_image\" \/>\n<meta name=\"twitter:label1\" content=\"Gesch\u00e4tzte Lesezeit\" \/>\n\t<meta name=\"twitter:data1\" content=\"3\u00a0Minuten\" \/>\n<script type=\"application\/ld+json\" class=\"yoast-schema-graph\">{\"@context\":\"https:\\\/\\\/schema.org\",\"@graph\":[{\"@type\":\"WebPage\",\"@id\":\"https:\\\/\\\/joancerda.com\\\/de\\\/dankeschoen\\\/\",\"url\":\"https:\\\/\\\/joancerda.com\\\/de\\\/dankeschoen\\\/\",\"name\":\"Dankesch\u00f6n | Joan Cerd\u00e0\",\"isPartOf\":{\"@id\":\"https:\\\/\\\/joancerda.com\\\/de\\\/#website\"},\"datePublished\":\"2022-02-17T08:39:17+00:00\",\"dateModified\":\"2022-02-18T09:48:45+00:00\",\"breadcrumb\":{\"@id\":\"https:\\\/\\\/joancerda.com\\\/de\\\/dankeschoen\\\/#breadcrumb\"},\"inLanguage\":\"de\",\"potentialAction\":[{\"@type\":\"ReadAction\",\"target\":[\"https:\\\/\\\/joancerda.com\\\/de\\\/dankeschoen\\\/\"]}]},{\"@type\":\"BreadcrumbList\",\"@id\":\"https:\\\/\\\/joancerda.com\\\/de\\\/dankeschoen\\\/#breadcrumb\",\"itemListElement\":[{\"@type\":\"ListItem\",\"position\":1,\"name\":\"Portada\",\"item\":\"https:\\\/\\\/joancerda.com\\\/de\\\/\"},{\"@type\":\"ListItem\",\"position\":2,\"name\":\"Dankesch\u00f6n\"}]},{\"@type\":\"WebSite\",\"@id\":\"https:\\\/\\\/joancerda.com\\\/de\\\/#website\",\"url\":\"https:\\\/\\\/joancerda.com\\\/de\\\/\",\"name\":\"Joan Cerd\u00e0\",\"description\":\"Firma Consultor\u00eda Fiscal\",\"publisher\":{\"@id\":\"https:\\\/\\\/joancerda.com\\\/de\\\/#organization\"},\"potentialAction\":[{\"@type\":\"SearchAction\",\"target\":{\"@type\":\"EntryPoint\",\"urlTemplate\":\"https:\\\/\\\/joancerda.com\\\/de\\\/?s={search_term_string}\"},\"query-input\":{\"@type\":\"PropertyValueSpecification\",\"valueRequired\":true,\"valueName\":\"search_term_string\"}}],\"inLanguage\":\"de\"},{\"@type\":\"Organization\",\"@id\":\"https:\\\/\\\/joancerda.com\\\/de\\\/#organization\",\"name\":\"Joan Cerd\u00e0 Consultor\u00eda Fiscal\",\"url\":\"https:\\\/\\\/joancerda.com\\\/de\\\/\",\"logo\":{\"@type\":\"ImageObject\",\"inLanguage\":\"de\",\"@id\":\"https:\\\/\\\/joancerda.com\\\/de\\\/#\\\/schema\\\/logo\\\/image\\\/\",\"url\":\"https:\\\/\\\/joancerda.com\\\/wp-content\\\/uploads\\\/2021\\\/12\\\/JoanCerda-Logo-Web-Horizontal-White-scaled.jpg\",\"contentUrl\":\"https:\\\/\\\/joancerda.com\\\/wp-content\\\/uploads\\\/2021\\\/12\\\/JoanCerda-Logo-Web-Horizontal-White-scaled.jpg\",\"width\":1920,\"height\":415,\"caption\":\"Joan Cerd\u00e0 Consultor\u00eda Fiscal\"},\"image\":{\"@id\":\"https:\\\/\\\/joancerda.com\\\/de\\\/#\\\/schema\\\/logo\\\/image\\\/\"}}]}<\/script>\n<!-- \/ Yoast SEO plugin. -->","yoast_head_json":{"title":"Dankesch\u00f6n | Joan Cerd\u00e0","robots":{"index":"index","follow":"follow","max-snippet":"max-snippet:-1","max-image-preview":"max-image-preview:large","max-video-preview":"max-video-preview:-1"},"canonical":"https:\/\/joancerda.com\/de\/dankeschoen\/","og_locale":"de_DE","og_type":"article","og_title":"Dankesch\u00f6n | Joan Cerd\u00e0","og_description":"DANKESCH\u00d6NIhre Nachricht wurde erfolgreich gesendet.Vielen Dank f\u00fcr Ihre Kontaktaufnahme!!Ihr Auskunftsersuchen wurde abgeschickt. Wir werden Sie so bald wie m\u00f6glich kontaktieren.","og_url":"https:\/\/joancerda.com\/de\/dankeschoen\/","og_site_name":"Joan Cerd\u00e0","article_modified_time":"2022-02-18T09:48:45+00:00","twitter_card":"summary_large_image","twitter_misc":{"Gesch\u00e4tzte Lesezeit":"3\u00a0Minuten"},"schema":{"@context":"https:\/\/schema.org","@graph":[{"@type":"WebPage","@id":"https:\/\/joancerda.com\/de\/dankeschoen\/","url":"https:\/\/joancerda.com\/de\/dankeschoen\/","name":"Dankesch\u00f6n | Joan Cerd\u00e0","isPartOf":{"@id":"https:\/\/joancerda.com\/de\/#website"},"datePublished":"2022-02-17T08:39:17+00:00","dateModified":"2022-02-18T09:48:45+00:00","breadcrumb":{"@id":"https:\/\/joancerda.com\/de\/dankeschoen\/#breadcrumb"},"inLanguage":"de","potentialAction":[{"@type":"ReadAction","target":["https:\/\/joancerda.com\/de\/dankeschoen\/"]}]},{"@type":"BreadcrumbList","@id":"https:\/\/joancerda.com\/de\/dankeschoen\/#breadcrumb","itemListElement":[{"@type":"ListItem","position":1,"name":"Portada","item":"https:\/\/joancerda.com\/de\/"},{"@type":"ListItem","position":2,"name":"Dankesch\u00f6n"}]},{"@type":"WebSite","@id":"https:\/\/joancerda.com\/de\/#website","url":"https:\/\/joancerda.com\/de\/","name":"Joan Cerd\u00e0","description":"Firma Consultor\u00eda Fiscal","publisher":{"@id":"https:\/\/joancerda.com\/de\/#organization"},"potentialAction":[{"@type":"SearchAction","target":{"@type":"EntryPoint","urlTemplate":"https:\/\/joancerda.com\/de\/?s={search_term_string}"},"query-input":{"@type":"PropertyValueSpecification","valueRequired":true,"valueName":"search_term_string"}}],"inLanguage":"de"},{"@type":"Organization","@id":"https:\/\/joancerda.com\/de\/#organization","name":"Joan Cerd\u00e0 Consultor\u00eda Fiscal","url":"https:\/\/joancerda.com\/de\/","logo":{"@type":"ImageObject","inLanguage":"de","@id":"https:\/\/joancerda.com\/de\/#\/schema\/logo\/image\/","url":"https:\/\/joancerda.com\/wp-content\/uploads\/2021\/12\/JoanCerda-Logo-Web-Horizontal-White-scaled.jpg","contentUrl":"https:\/\/joancerda.com\/wp-content\/uploads\/2021\/12\/JoanCerda-Logo-Web-Horizontal-White-scaled.jpg","width":1920,"height":415,"caption":"Joan Cerd\u00e0 Consultor\u00eda Fiscal"},"image":{"@id":"https:\/\/joancerda.com\/de\/#\/schema\/logo\/image\/"}}]}},"_links":{"self":[{"href":"https:\/\/joancerda.com\/de\/wp-json\/wp\/v2\/pages\/338334","targetHints":{"allow":["GET"]}}],"collection":[{"href":"https:\/\/joancerda.com\/de\/wp-json\/wp\/v2\/pages"}],"about":[{"href":"https:\/\/joancerda.com\/de\/wp-json\/wp\/v2\/types\/page"}],"author":[{"embeddable":true,"href":"https:\/\/joancerda.com\/de\/wp-json\/wp\/v2\/users\/1"}],"replies":[{"embeddable":true,"href":"https:\/\/joancerda.com\/de\/wp-json\/wp\/v2\/comments?post=338334"}],"version-history":[{"count":5,"href":"https:\/\/joancerda.com\/de\/wp-json\/wp\/v2\/pages\/338334\/revisions"}],"predecessor-version":[{"id":338549,"href":"https:\/\/joancerda.com\/de\/wp-json\/wp\/v2\/pages\/338334\/revisions\/338549"}],"wp:attachment":[{"href":"https:\/\/joancerda.com\/de\/wp-json\/wp\/v2\/media?parent=338334"}],"curies":[{"name":"wp","href":"https:\/\/api.w.org\/{rel}","templated":true}]}}