{"id":339875,"date":"2022-07-27T10:09:34","date_gmt":"2022-07-27T10:09:34","guid":{"rendered":"https:\/\/joancerda.com\/?page_id=339875"},"modified":"2023-01-11T14:40:03","modified_gmt":"2023-01-11T14:40:03","slug":"unternehmensberatung-mallorca","status":"publish","type":"page","link":"https:\/\/joancerda.com\/de\/unternehmensberatung-mallorca\/","title":{"rendered":"Unternehmensberatung mallorca"},"content":{"rendered":"<p>[et_pb_section fb_built=&#8220;1&#8243; _builder_version=&#8220;4.16&#8243; _module_preset=&#8220;default&#8220; custom_margin=&#8220;|200px||200px|false|true&#8220; custom_padding=&#8220;|||0px||&#8220; global_colors_info=&#8220;{}&#8220;][et_pb_row _builder_version=&#8220;4.16&#8243; _module_preset=&#8220;default&#8220; global_colors_info=&#8220;{}&#8220;][et_pb_column type=&#8220;4_4&#8243; _builder_version=&#8220;4.16&#8243; _module_preset=&#8220;default&#8220; global_colors_info=&#8220;{}&#8220;][et_pb_text _builder_version=&#8220;4.16&#8243; _module_preset=&#8220;default&#8220; text_font=&#8220;Arial||||||||&#8220; text_text_color=&#8220;#0a0a0a&#8220; text_font_size=&#8220;15px&#8220; text_letter_spacing=&#8220;1px&#8220; text_line_height=&#8220;1.5em&#8220; header_text_color=&#8220;#0a0a0a&#8220; global_colors_info=&#8220;{}&#8220;]<\/p>\n<h1><strong>Unternehmensberatung mallorca<\/strong><\/h1>\n<p>[\/et_pb_text][\/et_pb_column][\/et_pb_row][et_pb_row column_structure=&#8220;1_2,1_2&#8243; _builder_version=&#8220;4.16&#8243; _module_preset=&#8220;default&#8220; global_colors_info=&#8220;{}&#8220;][et_pb_column type=&#8220;1_2&#8243; _builder_version=&#8220;4.16&#8243; _module_preset=&#8220;default&#8220; global_colors_info=&#8220;{}&#8220;][et_pb_text _builder_version=&#8220;4.19.2&#8243; _module_preset=&#8220;default&#8220; text_font=&#8220;Arial||||||||&#8220; text_text_color=&#8220;#0a0a0a&#8220; text_font_size=&#8220;15px&#8220; text_letter_spacing=&#8220;1px&#8220; text_line_height=&#8220;1.5em&#8220; custom_margin=&#8220;||||true|false&#8220; hover_enabled=&#8220;0&#8243; global_colors_info=&#8220;{}&#8220; sticky_enabled=&#8220;0&#8243;]<span>Suchen Sie Steuerberatung f\u00fcr <strong>Unternehmen auf Mallorca<\/strong>? Wenn ja, bleiben Sie bei uns. Bei Joan Cerd\u00e0 Associats haben wir alles, was Sie brauchen. Wir sind ein Unternehmen, das seit mehr als 50 Jahren in diesem Sektor t\u00e4tig ist, und das hat uns zu einem echten Spezialisten in diesem Bereich gemacht. Wenn Sie auf der Suche nach einer zuverl\u00e4ssigen Steuerberatung sind, z\u00f6gern Sie nicht, uns zu kontaktieren. Wir warten darauf, Ihnen die L\u00f6sung zu bieten, die Ihren Bed\u00fcrfnissen am besten entspricht. Unabh\u00e4ngig davon, welches Profil Sie haben, wir k\u00f6nnen Ihnen helfen, denn wir arbeiten mit Einzelpersonen, Unternehmen und Familiengruppen. Dar\u00fcber hinaus beraten wir auch internationale Kunden, wenn Sie also einen <a title=\"deutschsprachigen Steuerberater auf Mallorca\" alt=\"deutschsprachigen Steuerberater auf Mallorca\" href=\"\/de\/steuerberater-mallorca-deutschsprachig\/\">deutschsprachigen Steuerberater auf Mallorca<\/a> suchen, haben Sie ihn bei uns gefunden. Wir sind uns dessen bewusst, dass manche Dinge nicht warten k\u00f6nnen. Deshalb sind wir bestrebt, einen schnellen und effizienten Service zu bieten, der sich an Werten wie Professionalit\u00e4t, Qualit\u00e4t und Effizienz orientiert.<\/span>[\/et_pb_text][\/et_pb_column][et_pb_column type=&#8220;1_2&#8243; _builder_version=&#8220;4.16&#8243; _module_preset=&#8220;default&#8220; global_colors_info=&#8220;{}&#8220;][et_pb_image src=&#8220;https:\/\/joancerda.com\/wp-content\/uploads\/2022\/05\/jeshoots-com-fzOITuS1DIQ-unsplash-1.jpg&#8220; alt=&#8220;unternehmensberatung mallorca&#8220; title_text=&#8220;jeshoots-com-fzOITuS1DIQ-unsplash (1)&#8220; _builder_version=&#8220;4.16&#8243; _module_preset=&#8220;default&#8220; width=&#8220;79%&#8220; global_colors_info=&#8220;{}&#8220;][\/et_pb_image][\/et_pb_column][\/et_pb_row][et_pb_row _builder_version=&#8220;4.16&#8243; _module_preset=&#8220;default&#8220; global_colors_info=&#8220;{}&#8220;][et_pb_column type=&#8220;4_4&#8243; _builder_version=&#8220;4.16&#8243; _module_preset=&#8220;default&#8220; global_colors_info=&#8220;{}&#8220;][et_pb_text _builder_version=&#8220;4.19.2&#8243; _module_preset=&#8220;default&#8220; text_font=&#8220;Arial||||||||&#8220; text_text_color=&#8220;#0a0a0a&#8220; text_font_size=&#8220;15px&#8220; text_letter_spacing=&#8220;1px&#8220; header_2_text_color=&#8220;#0a0a0a&#8220; hover_enabled=&#8220;0&#8243; global_colors_info=&#8220;{}&#8220; sticky_enabled=&#8220;0&#8243;]<\/p>\n<h2><b><span>Fachleute f\u00fcr Unternehmensberatung auf Mallorca<\/span><\/b><\/h2>\n<p><b><span><\/span><\/b><\/p>\n<p>Dank unseres Teams k\u00f6nnen wir eine <strong>Unternehmensberatung auf Mallorca<\/strong> mit maximalen Garantien anbieten. Jetzt sind Sie n\u00e4her denn je an der M\u00f6glichkeit, sich in die H\u00e4nde von hochqualifizierten Fachleuten zu begeben, die \u00fcber das n\u00f6tige Wissen verf\u00fcgen, um Sie bestm\u00f6glich zu beraten. In all dieser Zeit haben sich viele Kunden f\u00fcr unsere Dienste entschieden und waren rundum zufrieden. Unser Hauptziel ist es, die Bed\u00fcrfnisse unserer Kunden zu befriedigen und ihre Erwartungen zu erf\u00fcllen. Jeder Kunde wird f\u00fcr uns zum wichtigsten Kunden, und wir wollen, dass Sie der n\u00e4chste sind. Wir sind Experten in der <a title=\"Rechtsberatung auf Mallorca\" alt=\"Rechtsberatung auf Mallorca\" href=\"\/de\/rechtsberatung-mallorca\/\">Rechtsberatung auf Mallorca<\/a>. Wenn Sie uns brauchen, sind wir auf der Insel pr\u00e4sent, um Ihnen zu helfen.<\/p>\n<p>Bei Joan Cerd\u00e0 Associats stehen wir jedem einzelnen unserer Kunden zur Verf\u00fcgung. Wir geben bei jedem Projekt unser Bestes. Wir warten auf Sie.[\/et_pb_text][\/et_pb_column][\/et_pb_row][\/et_pb_section]<\/p>\n","protected":false},"excerpt":{"rendered":"<p>Unternehmensberatung mallorcaSuchen Sie Steuerberatung f\u00fcr Unternehmen auf Mallorca? Wenn ja, bleiben Sie bei uns. Bei Joan Cerd\u00e0 Associats haben wir alles, was Sie brauchen. Wir sind ein Unternehmen, das seit mehr als 50 Jahren in diesem Sektor t\u00e4tig ist, und das hat uns zu einem echten Spezialisten in diesem Bereich gemacht. Wenn Sie auf der [&hellip;]<\/p>\n","protected":false},"author":1,"featured_media":0,"parent":0,"menu_order":0,"comment_status":"closed","ping_status":"closed","template":"","meta":{"_et_pb_use_builder":"on","_et_pb_old_content":"","_et_gb_content_width":"","inline_featured_image":false,"footnotes":""},"class_list":["post-339875","page","type-page","status-publish","hentry"],"yoast_head":"<!-- This site is optimized with the Yoast SEO plugin v27.4 - https:\/\/yoast.com\/product\/yoast-seo-wordpress\/ -->\n<title>Unternehmensberatung mallorca | Joan Cerd\u00e0<\/title>\n<meta name=\"description\" content=\"Sie suchen unternehmensberatung mallorca? Dann bleiben Sie bei uns. Bei Joan Cerd\u00e0 Associats haben wir alles, was Sie brauchen. Anruf!\" \/>\n<meta name=\"robots\" content=\"index, follow, max-snippet:-1, max-image-preview:large, max-video-preview:-1\" \/>\n<link rel=\"canonical\" href=\"https:\/\/joancerda.com\/de\/unternehmensberatung-mallorca\/\" \/>\n<meta property=\"og:locale\" content=\"de_DE\" \/>\n<meta property=\"og:type\" content=\"article\" \/>\n<meta property=\"og:title\" content=\"Unternehmensberatung mallorca | Joan Cerd\u00e0\" \/>\n<meta property=\"og:description\" content=\"Sie suchen unternehmensberatung mallorca? Dann bleiben Sie bei uns. Bei Joan Cerd\u00e0 Associats haben wir alles, was Sie brauchen. Anruf!\" \/>\n<meta property=\"og:url\" content=\"https:\/\/joancerda.com\/de\/unternehmensberatung-mallorca\/\" \/>\n<meta property=\"og:site_name\" content=\"Joan Cerd\u00e0\" \/>\n<meta property=\"article:modified_time\" content=\"2023-01-11T14:40:03+00:00\" \/>\n<meta name=\"twitter:card\" content=\"summary_large_image\" \/>\n<meta name=\"twitter:label1\" content=\"Gesch\u00e4tzte Lesezeit\" \/>\n\t<meta name=\"twitter:data1\" content=\"2\u00a0Minuten\" \/>\n<script type=\"application\/ld+json\" class=\"yoast-schema-graph\">{\"@context\":\"https:\\\/\\\/schema.org\",\"@graph\":[{\"@type\":\"WebPage\",\"@id\":\"https:\\\/\\\/joancerda.com\\\/de\\\/unternehmensberatung-mallorca\\\/\",\"url\":\"https:\\\/\\\/joancerda.com\\\/de\\\/unternehmensberatung-mallorca\\\/\",\"name\":\"Unternehmensberatung mallorca | Joan Cerd\u00e0\",\"isPartOf\":{\"@id\":\"https:\\\/\\\/joancerda.com\\\/de\\\/#website\"},\"datePublished\":\"2022-07-27T10:09:34+00:00\",\"dateModified\":\"2023-01-11T14:40:03+00:00\",\"description\":\"Sie suchen unternehmensberatung mallorca? Dann bleiben Sie bei uns. Bei Joan Cerd\u00e0 Associats haben wir alles, was Sie brauchen. Anruf!\",\"breadcrumb\":{\"@id\":\"https:\\\/\\\/joancerda.com\\\/de\\\/unternehmensberatung-mallorca\\\/#breadcrumb\"},\"inLanguage\":\"de\",\"potentialAction\":[{\"@type\":\"ReadAction\",\"target\":[\"https:\\\/\\\/joancerda.com\\\/de\\\/unternehmensberatung-mallorca\\\/\"]}]},{\"@type\":\"BreadcrumbList\",\"@id\":\"https:\\\/\\\/joancerda.com\\\/de\\\/unternehmensberatung-mallorca\\\/#breadcrumb\",\"itemListElement\":[{\"@type\":\"ListItem\",\"position\":1,\"name\":\"Portada\",\"item\":\"https:\\\/\\\/joancerda.com\\\/de\\\/\"},{\"@type\":\"ListItem\",\"position\":2,\"name\":\"Unternehmensberatung mallorca\"}]},{\"@type\":\"WebSite\",\"@id\":\"https:\\\/\\\/joancerda.com\\\/de\\\/#website\",\"url\":\"https:\\\/\\\/joancerda.com\\\/de\\\/\",\"name\":\"Joan Cerd\u00e0\",\"description\":\"Firma Consultor\u00eda Fiscal\",\"publisher\":{\"@id\":\"https:\\\/\\\/joancerda.com\\\/de\\\/#organization\"},\"potentialAction\":[{\"@type\":\"SearchAction\",\"target\":{\"@type\":\"EntryPoint\",\"urlTemplate\":\"https:\\\/\\\/joancerda.com\\\/de\\\/?s={search_term_string}\"},\"query-input\":{\"@type\":\"PropertyValueSpecification\",\"valueRequired\":true,\"valueName\":\"search_term_string\"}}],\"inLanguage\":\"de\"},{\"@type\":\"Organization\",\"@id\":\"https:\\\/\\\/joancerda.com\\\/de\\\/#organization\",\"name\":\"Joan Cerd\u00e0 Consultor\u00eda Fiscal\",\"url\":\"https:\\\/\\\/joancerda.com\\\/de\\\/\",\"logo\":{\"@type\":\"ImageObject\",\"inLanguage\":\"de\",\"@id\":\"https:\\\/\\\/joancerda.com\\\/de\\\/#\\\/schema\\\/logo\\\/image\\\/\",\"url\":\"https:\\\/\\\/joancerda.com\\\/wp-content\\\/uploads\\\/2021\\\/12\\\/JoanCerda-Logo-Web-Horizontal-White-scaled.jpg\",\"contentUrl\":\"https:\\\/\\\/joancerda.com\\\/wp-content\\\/uploads\\\/2021\\\/12\\\/JoanCerda-Logo-Web-Horizontal-White-scaled.jpg\",\"width\":1920,\"height\":415,\"caption\":\"Joan Cerd\u00e0 Consultor\u00eda Fiscal\"},\"image\":{\"@id\":\"https:\\\/\\\/joancerda.com\\\/de\\\/#\\\/schema\\\/logo\\\/image\\\/\"}}]}<\/script>\n<!-- \/ Yoast SEO plugin. -->","yoast_head_json":{"title":"Unternehmensberatung mallorca | Joan Cerd\u00e0","description":"Sie suchen unternehmensberatung mallorca? Dann bleiben Sie bei uns. Bei Joan Cerd\u00e0 Associats haben wir alles, was Sie brauchen. Anruf!","robots":{"index":"index","follow":"follow","max-snippet":"max-snippet:-1","max-image-preview":"max-image-preview:large","max-video-preview":"max-video-preview:-1"},"canonical":"https:\/\/joancerda.com\/de\/unternehmensberatung-mallorca\/","og_locale":"de_DE","og_type":"article","og_title":"Unternehmensberatung mallorca | Joan Cerd\u00e0","og_description":"Sie suchen unternehmensberatung mallorca? Dann bleiben Sie bei uns. Bei Joan Cerd\u00e0 Associats haben wir alles, was Sie brauchen. Anruf!","og_url":"https:\/\/joancerda.com\/de\/unternehmensberatung-mallorca\/","og_site_name":"Joan Cerd\u00e0","article_modified_time":"2023-01-11T14:40:03+00:00","twitter_card":"summary_large_image","twitter_misc":{"Gesch\u00e4tzte Lesezeit":"2\u00a0Minuten"},"schema":{"@context":"https:\/\/schema.org","@graph":[{"@type":"WebPage","@id":"https:\/\/joancerda.com\/de\/unternehmensberatung-mallorca\/","url":"https:\/\/joancerda.com\/de\/unternehmensberatung-mallorca\/","name":"Unternehmensberatung mallorca | Joan Cerd\u00e0","isPartOf":{"@id":"https:\/\/joancerda.com\/de\/#website"},"datePublished":"2022-07-27T10:09:34+00:00","dateModified":"2023-01-11T14:40:03+00:00","description":"Sie suchen unternehmensberatung mallorca? Dann bleiben Sie bei uns. Bei Joan Cerd\u00e0 Associats haben wir alles, was Sie brauchen. Anruf!","breadcrumb":{"@id":"https:\/\/joancerda.com\/de\/unternehmensberatung-mallorca\/#breadcrumb"},"inLanguage":"de","potentialAction":[{"@type":"ReadAction","target":["https:\/\/joancerda.com\/de\/unternehmensberatung-mallorca\/"]}]},{"@type":"BreadcrumbList","@id":"https:\/\/joancerda.com\/de\/unternehmensberatung-mallorca\/#breadcrumb","itemListElement":[{"@type":"ListItem","position":1,"name":"Portada","item":"https:\/\/joancerda.com\/de\/"},{"@type":"ListItem","position":2,"name":"Unternehmensberatung mallorca"}]},{"@type":"WebSite","@id":"https:\/\/joancerda.com\/de\/#website","url":"https:\/\/joancerda.com\/de\/","name":"Joan Cerd\u00e0","description":"Firma Consultor\u00eda Fiscal","publisher":{"@id":"https:\/\/joancerda.com\/de\/#organization"},"potentialAction":[{"@type":"SearchAction","target":{"@type":"EntryPoint","urlTemplate":"https:\/\/joancerda.com\/de\/?s={search_term_string}"},"query-input":{"@type":"PropertyValueSpecification","valueRequired":true,"valueName":"search_term_string"}}],"inLanguage":"de"},{"@type":"Organization","@id":"https:\/\/joancerda.com\/de\/#organization","name":"Joan Cerd\u00e0 Consultor\u00eda Fiscal","url":"https:\/\/joancerda.com\/de\/","logo":{"@type":"ImageObject","inLanguage":"de","@id":"https:\/\/joancerda.com\/de\/#\/schema\/logo\/image\/","url":"https:\/\/joancerda.com\/wp-content\/uploads\/2021\/12\/JoanCerda-Logo-Web-Horizontal-White-scaled.jpg","contentUrl":"https:\/\/joancerda.com\/wp-content\/uploads\/2021\/12\/JoanCerda-Logo-Web-Horizontal-White-scaled.jpg","width":1920,"height":415,"caption":"Joan Cerd\u00e0 Consultor\u00eda Fiscal"},"image":{"@id":"https:\/\/joancerda.com\/de\/#\/schema\/logo\/image\/"}}]}},"_links":{"self":[{"href":"https:\/\/joancerda.com\/de\/wp-json\/wp\/v2\/pages\/339875","targetHints":{"allow":["GET"]}}],"collection":[{"href":"https:\/\/joancerda.com\/de\/wp-json\/wp\/v2\/pages"}],"about":[{"href":"https:\/\/joancerda.com\/de\/wp-json\/wp\/v2\/types\/page"}],"author":[{"embeddable":true,"href":"https:\/\/joancerda.com\/de\/wp-json\/wp\/v2\/users\/1"}],"replies":[{"embeddable":true,"href":"https:\/\/joancerda.com\/de\/wp-json\/wp\/v2\/comments?post=339875"}],"version-history":[{"count":4,"href":"https:\/\/joancerda.com\/de\/wp-json\/wp\/v2\/pages\/339875\/revisions"}],"predecessor-version":[{"id":340556,"href":"https:\/\/joancerda.com\/de\/wp-json\/wp\/v2\/pages\/339875\/revisions\/340556"}],"wp:attachment":[{"href":"https:\/\/joancerda.com\/de\/wp-json\/wp\/v2\/media?parent=339875"}],"curies":[{"name":"wp","href":"https:\/\/api.w.org\/{rel}","templated":true}]}}