{"id":339879,"date":"2022-07-27T10:22:00","date_gmt":"2022-07-27T10:22:00","guid":{"rendered":"https:\/\/joancerda.com\/?page_id=339879"},"modified":"2023-01-10T15:01:21","modified_gmt":"2023-01-10T15:01:21","slug":"steuerberater-mallorca-deutschsprachig","status":"publish","type":"page","link":"https:\/\/joancerda.com\/de\/steuerberater-mallorca-deutschsprachig\/","title":{"rendered":"Steuerberater mallorca deutschsprachig"},"content":{"rendered":"<p>[et_pb_section fb_built=&#8220;1&#8243; _builder_version=&#8220;4.16&#8243; _module_preset=&#8220;default&#8220; custom_margin=&#8220;|200px||200px|false|true&#8220; custom_padding=&#8220;|||0px||&#8220; global_colors_info=&#8220;{}&#8220;][et_pb_row _builder_version=&#8220;4.16&#8243; _module_preset=&#8220;default&#8220; global_colors_info=&#8220;{}&#8220;][et_pb_column type=&#8220;4_4&#8243; _builder_version=&#8220;4.16&#8243; _module_preset=&#8220;default&#8220; global_colors_info=&#8220;{}&#8220;][et_pb_text _builder_version=&#8220;4.16&#8243; _module_preset=&#8220;default&#8220; text_font=&#8220;Arial||||||||&#8220; text_text_color=&#8220;#0a0a0a&#8220; text_font_size=&#8220;15px&#8220; text_letter_spacing=&#8220;1px&#8220; text_line_height=&#8220;1.5em&#8220; header_text_color=&#8220;#0a0a0a&#8220; global_colors_info=&#8220;{}&#8220;]<\/p>\n<h1><strong>Steuerberater mallorca deutschsprachig<\/strong><\/h1>\n<p>[\/et_pb_text][\/et_pb_column][\/et_pb_row][et_pb_row column_structure=&#8220;1_2,1_2&#8243; _builder_version=&#8220;4.16&#8243; _module_preset=&#8220;default&#8220; global_colors_info=&#8220;{}&#8220;][et_pb_column type=&#8220;1_2&#8243; _builder_version=&#8220;4.16&#8243; _module_preset=&#8220;default&#8220; global_colors_info=&#8220;{}&#8220;][et_pb_text _builder_version=&#8220;4.16&#8243; _module_preset=&#8220;default&#8220; text_font=&#8220;Arial||||||||&#8220; text_text_color=&#8220;#0a0a0a&#8220; text_font_size=&#8220;15px&#8220; text_letter_spacing=&#8220;1px&#8220; text_line_height=&#8220;1.5em&#8220; custom_margin=&#8220;||||true|false&#8220; global_colors_info=&#8220;{}&#8220;]<\/p>\n<p><span>Wir von Joan Cerd\u00e0 Associats sind uns der deutschen Anwesenheit auf den Balearen und insbesondere auf Mallorca voll bewusst. Es gibt viele Deutsche, die auf der Insel ein Unternehmen haben oder in komplexen Situationen leben und den Rat eines Spezialisten ben\u00f6tigen. Wenn Sie zu denjenigen geh\u00f6ren, die sich in dieser Situation befinden, m\u00f6chten wir Ihnen mitteilen, dass wir <strong>deutschsprechende Steuerberater auf Mallorca<\/strong> sind und dass wir \u00fcber eine gro\u00dfe Erfahrung und eine tadellose Erfolgsbilanz in diesem Sektor verf\u00fcgen und internationalen Kunden die beste Beratung bieten. Wir stehen allen zur Verf\u00fcgung, die sich in unsere H\u00e4nde begeben.<\/span><\/p>\n<p>[\/et_pb_text][\/et_pb_column][et_pb_column type=&#8220;1_2&#8243; _builder_version=&#8220;4.16&#8243; _module_preset=&#8220;default&#8220; global_colors_info=&#8220;{}&#8220;][et_pb_image src=&#8220;https:\/\/joancerda.com\/wp-content\/uploads\/2022\/04\/cytonn-photography-GJao3ZTX9gU-unsplash.jpg&#8220; alt=&#8220;steuerberater mallorca deutschsprachig&#8220; title_text=&#8220;cytonn-photography-GJao3ZTX9gU-unsplash&#8220; _builder_version=&#8220;4.16&#8243; _module_preset=&#8220;default&#8220; width=&#8220;79%&#8220; global_colors_info=&#8220;{}&#8220;][\/et_pb_image][\/et_pb_column][\/et_pb_row][et_pb_row _builder_version=&#8220;4.16&#8243; _module_preset=&#8220;default&#8220; global_colors_info=&#8220;{}&#8220;][et_pb_column type=&#8220;4_4&#8243; _builder_version=&#8220;4.16&#8243; _module_preset=&#8220;default&#8220; global_colors_info=&#8220;{}&#8220;][et_pb_text _builder_version=&#8220;4.19.2&#8243; _module_preset=&#8220;default&#8220; text_font=&#8220;Arial||||||||&#8220; text_text_color=&#8220;#0a0a0a&#8220; text_font_size=&#8220;15px&#8220; text_letter_spacing=&#8220;1px&#8220; header_2_text_color=&#8220;#0a0a0a&#8220; hover_enabled=&#8220;0&#8243; global_colors_info=&#8220;{}&#8220; sticky_enabled=&#8220;0&#8243;]<\/p>\n<h2><b><span>Ihr deutschsprachiger Steuerberater auf Mallorca<\/span><\/b><\/h2>\n<p>&nbsp;<\/p>\n<p><span>Vom ersten Moment an bieten wir einen ganz pers\u00f6nlichen Service an. Wir tun dies mit dem Ziel, die Bed\u00fcrfnisse der Einzelpersonen, Unternehmen oder Familiengruppen, die sich an uns wenden, aus erster Hand kennen zu lernen. Auf diese Weise gelingt es uns, alles, was sie brauchen, genau zu verstehen, und wir k\u00f6nnen ihnen einen umfassenden Service bieten, indem wir die am besten geeignete L\u00f6sung f\u00fcr ihre Bed\u00fcrfnisse finden. Wir sind <a title=\"Steuerberater Mallorca\" alt=\"Steuerberater Mallorca\" href=\"\/de\/steuerberater-mallorca\/\">Steuerberater auf Mallorca<\/a> mit sehr positiven Bewertungen. Lassen Sie uns Ihnen helfen.<\/span><\/p>\n<p><span>Wir k\u00fcmmern uns um unsere Kunden. Aus diesem Grund arbeiten wir in mehr als sieben Sprachen. Wir tun unser Bestes, um sicherzustellen, dass es keinerlei Kommunikationsprobleme gibt. Wir sind Ihr <strong>deutschsprachiger Steuerberater auf Mallorca<\/strong> mit mehr als 35 Spezialisten auf nationaler und internationaler Ebene, die es uns erm\u00f6glichen, alle Projekte zu bearbeiten. Wir bieten einen umfassenden Service und sind von Anfang bis Ende eines jeden Prozesses, an dem wir arbeiten, pr\u00e4sent. Wir gehen den ganzen Weg mit unseren Kunden. Dies ist eine unserer festen Verpflichtungen bei Joan Cerd\u00e0 Associats. Wenn Sie eine <a title=\"Rechtsberatung Mallorca\" alt=\"Rechtsberatung Mallorca\" href=\"\/de\/rechtsberatung-mallorca\/\">Rechtsberatung auf Mallorca<\/a> w\u00fcnschen, die Ihnen die besten Ergebnisse garantiert, z\u00f6gern Sie nicht, uns zu kontaktieren.<\/span><\/p>\n<p><span><\/span><\/p>\n<div>\n<p><span>Wir arbeiten in verschiedenen Disziplinen. Wir k\u00f6nnen dies dank der Bem\u00fchungen eines multidisziplin\u00e4ren Teams erreichen, das auf die Bed\u00fcrfnisse jedes einzelnen Kunden eingehen kann. Wollen wir reden?<\/span><\/p>\n<\/div>\n<p>[\/et_pb_text][\/et_pb_column][\/et_pb_row][\/et_pb_section]<\/p>\n","protected":false},"excerpt":{"rendered":"<p>Steuerberater mallorca deutschsprachigWir von Joan Cerd\u00e0 Associats sind uns der deutschen Anwesenheit auf den Balearen und insbesondere auf Mallorca voll bewusst. Es gibt viele Deutsche, die auf der Insel ein Unternehmen haben oder in komplexen Situationen leben und den Rat eines Spezialisten ben\u00f6tigen. Wenn Sie zu denjenigen geh\u00f6ren, die sich in dieser Situation befinden, m\u00f6chten [&hellip;]<\/p>\n","protected":false},"author":1,"featured_media":0,"parent":0,"menu_order":0,"comment_status":"closed","ping_status":"closed","template":"","meta":{"_et_pb_use_builder":"on","_et_pb_old_content":"","_et_gb_content_width":"","inline_featured_image":false,"footnotes":""},"class_list":["post-339879","page","type-page","status-publish","hentry"],"yoast_head":"<!-- This site is optimized with the Yoast SEO plugin v27.1.1 - https:\/\/yoast.com\/product\/yoast-seo-wordpress\/ -->\n<title>Steuerberater mallorca deutschsprachig | Joan Cerd\u00e0<\/title>\n<meta name=\"description\" content=\"Wir sind Ihr steuerberater mallorca deutschsprachig. Wir sind mehr als 35 Spezialisten, die sich jedem Projekt widmen. Anruf!\" \/>\n<meta name=\"robots\" content=\"index, follow, max-snippet:-1, max-image-preview:large, max-video-preview:-1\" \/>\n<link rel=\"canonical\" href=\"https:\/\/joancerda.com\/de\/steuerberater-mallorca-deutschsprachig\/\" \/>\n<meta property=\"og:locale\" content=\"de_DE\" \/>\n<meta property=\"og:type\" content=\"article\" \/>\n<meta property=\"og:title\" content=\"Steuerberater mallorca deutschsprachig | Joan Cerd\u00e0\" \/>\n<meta property=\"og:description\" content=\"Wir sind Ihr steuerberater mallorca deutschsprachig. Wir sind mehr als 35 Spezialisten, die sich jedem Projekt widmen. Anruf!\" \/>\n<meta property=\"og:url\" content=\"https:\/\/joancerda.com\/de\/steuerberater-mallorca-deutschsprachig\/\" \/>\n<meta property=\"og:site_name\" content=\"Joan Cerd\u00e0\" \/>\n<meta property=\"article:modified_time\" content=\"2023-01-10T15:01:21+00:00\" \/>\n<meta name=\"twitter:card\" content=\"summary_large_image\" \/>\n<script type=\"application\/ld+json\" class=\"yoast-schema-graph\">{\"@context\":\"https:\/\/schema.org\",\"@graph\":[{\"@type\":\"WebPage\",\"@id\":\"https:\/\/joancerda.com\/de\/steuerberater-mallorca-deutschsprachig\/\",\"url\":\"https:\/\/joancerda.com\/de\/steuerberater-mallorca-deutschsprachig\/\",\"name\":\"Steuerberater mallorca deutschsprachig | Joan Cerd\u00e0\",\"isPartOf\":{\"@id\":\"https:\/\/joancerda.com\/de\/#website\"},\"datePublished\":\"2022-07-27T10:22:00+00:00\",\"dateModified\":\"2023-01-10T15:01:21+00:00\",\"description\":\"Wir sind Ihr steuerberater mallorca deutschsprachig. Wir sind mehr als 35 Spezialisten, die sich jedem Projekt widmen. Anruf!\",\"breadcrumb\":{\"@id\":\"https:\/\/joancerda.com\/de\/steuerberater-mallorca-deutschsprachig\/#breadcrumb\"},\"inLanguage\":\"de\",\"potentialAction\":[{\"@type\":\"ReadAction\",\"target\":[\"https:\/\/joancerda.com\/de\/steuerberater-mallorca-deutschsprachig\/\"]}]},{\"@type\":\"BreadcrumbList\",\"@id\":\"https:\/\/joancerda.com\/de\/steuerberater-mallorca-deutschsprachig\/#breadcrumb\",\"itemListElement\":[{\"@type\":\"ListItem\",\"position\":1,\"name\":\"Portada\",\"item\":\"https:\/\/joancerda.com\/de\/\"},{\"@type\":\"ListItem\",\"position\":2,\"name\":\"Steuerberater mallorca deutschsprachig\"}]},{\"@type\":\"WebSite\",\"@id\":\"https:\/\/joancerda.com\/de\/#website\",\"url\":\"https:\/\/joancerda.com\/de\/\",\"name\":\"Joan Cerd\u00e0\",\"description\":\"Firma Consultor\u00eda Fiscal\",\"publisher\":{\"@id\":\"https:\/\/joancerda.com\/de\/#organization\"},\"potentialAction\":[{\"@type\":\"SearchAction\",\"target\":{\"@type\":\"EntryPoint\",\"urlTemplate\":\"https:\/\/joancerda.com\/de\/?s={search_term_string}\"},\"query-input\":{\"@type\":\"PropertyValueSpecification\",\"valueRequired\":true,\"valueName\":\"search_term_string\"}}],\"inLanguage\":\"de\"},{\"@type\":\"Organization\",\"@id\":\"https:\/\/joancerda.com\/de\/#organization\",\"name\":\"Joan Cerd\u00e0 Consultor\u00eda Fiscal\",\"url\":\"https:\/\/joancerda.com\/de\/\",\"logo\":{\"@type\":\"ImageObject\",\"inLanguage\":\"de\",\"@id\":\"https:\/\/joancerda.com\/de\/#\/schema\/logo\/image\/\",\"url\":\"https:\/\/joancerda.com\/wp-content\/uploads\/2021\/12\/JoanCerda-Logo-Web-Horizontal-White-scaled.jpg\",\"contentUrl\":\"https:\/\/joancerda.com\/wp-content\/uploads\/2021\/12\/JoanCerda-Logo-Web-Horizontal-White-scaled.jpg\",\"width\":1920,\"height\":415,\"caption\":\"Joan Cerd\u00e0 Consultor\u00eda Fiscal\"},\"image\":{\"@id\":\"https:\/\/joancerda.com\/de\/#\/schema\/logo\/image\/\"}}]}<\/script>\n<!-- \/ Yoast SEO plugin. -->","yoast_head_json":{"title":"Steuerberater mallorca deutschsprachig | Joan Cerd\u00e0","description":"Wir sind Ihr steuerberater mallorca deutschsprachig. Wir sind mehr als 35 Spezialisten, die sich jedem Projekt widmen. Anruf!","robots":{"index":"index","follow":"follow","max-snippet":"max-snippet:-1","max-image-preview":"max-image-preview:large","max-video-preview":"max-video-preview:-1"},"canonical":"https:\/\/joancerda.com\/de\/steuerberater-mallorca-deutschsprachig\/","og_locale":"de_DE","og_type":"article","og_title":"Steuerberater mallorca deutschsprachig | Joan Cerd\u00e0","og_description":"Wir sind Ihr steuerberater mallorca deutschsprachig. Wir sind mehr als 35 Spezialisten, die sich jedem Projekt widmen. Anruf!","og_url":"https:\/\/joancerda.com\/de\/steuerberater-mallorca-deutschsprachig\/","og_site_name":"Joan Cerd\u00e0","article_modified_time":"2023-01-10T15:01:21+00:00","twitter_card":"summary_large_image","schema":{"@context":"https:\/\/schema.org","@graph":[{"@type":"WebPage","@id":"https:\/\/joancerda.com\/de\/steuerberater-mallorca-deutschsprachig\/","url":"https:\/\/joancerda.com\/de\/steuerberater-mallorca-deutschsprachig\/","name":"Steuerberater mallorca deutschsprachig | Joan Cerd\u00e0","isPartOf":{"@id":"https:\/\/joancerda.com\/de\/#website"},"datePublished":"2022-07-27T10:22:00+00:00","dateModified":"2023-01-10T15:01:21+00:00","description":"Wir sind Ihr steuerberater mallorca deutschsprachig. Wir sind mehr als 35 Spezialisten, die sich jedem Projekt widmen. Anruf!","breadcrumb":{"@id":"https:\/\/joancerda.com\/de\/steuerberater-mallorca-deutschsprachig\/#breadcrumb"},"inLanguage":"de","potentialAction":[{"@type":"ReadAction","target":["https:\/\/joancerda.com\/de\/steuerberater-mallorca-deutschsprachig\/"]}]},{"@type":"BreadcrumbList","@id":"https:\/\/joancerda.com\/de\/steuerberater-mallorca-deutschsprachig\/#breadcrumb","itemListElement":[{"@type":"ListItem","position":1,"name":"Portada","item":"https:\/\/joancerda.com\/de\/"},{"@type":"ListItem","position":2,"name":"Steuerberater mallorca deutschsprachig"}]},{"@type":"WebSite","@id":"https:\/\/joancerda.com\/de\/#website","url":"https:\/\/joancerda.com\/de\/","name":"Joan Cerd\u00e0","description":"Firma Consultor\u00eda Fiscal","publisher":{"@id":"https:\/\/joancerda.com\/de\/#organization"},"potentialAction":[{"@type":"SearchAction","target":{"@type":"EntryPoint","urlTemplate":"https:\/\/joancerda.com\/de\/?s={search_term_string}"},"query-input":{"@type":"PropertyValueSpecification","valueRequired":true,"valueName":"search_term_string"}}],"inLanguage":"de"},{"@type":"Organization","@id":"https:\/\/joancerda.com\/de\/#organization","name":"Joan Cerd\u00e0 Consultor\u00eda Fiscal","url":"https:\/\/joancerda.com\/de\/","logo":{"@type":"ImageObject","inLanguage":"de","@id":"https:\/\/joancerda.com\/de\/#\/schema\/logo\/image\/","url":"https:\/\/joancerda.com\/wp-content\/uploads\/2021\/12\/JoanCerda-Logo-Web-Horizontal-White-scaled.jpg","contentUrl":"https:\/\/joancerda.com\/wp-content\/uploads\/2021\/12\/JoanCerda-Logo-Web-Horizontal-White-scaled.jpg","width":1920,"height":415,"caption":"Joan Cerd\u00e0 Consultor\u00eda Fiscal"},"image":{"@id":"https:\/\/joancerda.com\/de\/#\/schema\/logo\/image\/"}}]}},"_links":{"self":[{"href":"https:\/\/joancerda.com\/de\/wp-json\/wp\/v2\/pages\/339879","targetHints":{"allow":["GET"]}}],"collection":[{"href":"https:\/\/joancerda.com\/de\/wp-json\/wp\/v2\/pages"}],"about":[{"href":"https:\/\/joancerda.com\/de\/wp-json\/wp\/v2\/types\/page"}],"author":[{"embeddable":true,"href":"https:\/\/joancerda.com\/de\/wp-json\/wp\/v2\/users\/1"}],"replies":[{"embeddable":true,"href":"https:\/\/joancerda.com\/de\/wp-json\/wp\/v2\/comments?post=339879"}],"version-history":[{"count":6,"href":"https:\/\/joancerda.com\/de\/wp-json\/wp\/v2\/pages\/339879\/revisions"}],"predecessor-version":[{"id":340422,"href":"https:\/\/joancerda.com\/de\/wp-json\/wp\/v2\/pages\/339879\/revisions\/340422"}],"wp:attachment":[{"href":"https:\/\/joancerda.com\/de\/wp-json\/wp\/v2\/media?parent=339879"}],"curies":[{"name":"wp","href":"https:\/\/api.w.org\/{rel}","templated":true}]}}