{"id":342172,"date":"2025-12-04T10:03:27","date_gmt":"2025-12-04T10:03:27","guid":{"rendered":"https:\/\/joancerda.com\/kommunikationskanal\/"},"modified":"2025-12-04T10:03:27","modified_gmt":"2025-12-04T10:03:27","slug":"kommunikationskanal","status":"publish","type":"page","link":"https:\/\/joancerda.com\/de\/kommunikationskanal\/","title":{"rendered":"Kommunikationskanal"},"content":{"rendered":"<p>[et_pb_section fb_built=&#8220;1&#8243; fullwidth=&#8220;on&#8220; _builder_version=&#8220;4.16&#8243; _module_preset=&#8220;default&#8220; locked=&#8220;off&#8220; global_colors_info=&#8220;{}&#8220;][et_pb_fullwidth_slider _builder_version=&#8220;4.21.0&#8243; _module_preset=&#8220;default&#8220; custom_padding=&#8220;30vh||30vh||true|false&#8220; global_colors_info=&#8220;{}&#8220;][et_pb_slide heading=&#8220;Kommunikationskanal&#8220; _builder_version=&#8220;4.21.0&#8243; _module_preset=&#8220;default&#8220; header_level=&#8220;h1&#8243; header_font=&#8220;ogg||||||||&#8220; header_font_size=&#8220;36px&#8220; header_letter_spacing=&#8220;1px&#8220; body_font=&#8220;|300|||||||&#8220; body_font_size=&#8220;24px&#8220; background_color=&#8220;#152052&#8243; background_enable_color=&#8220;on&#8220; background_enable_image=&#8220;off&#8220; background_size=&#8220;initial&#8220; background_blend=&#8220;multiply&#8220; custom_button=&#8220;on&#8220; button_text_size=&#8220;14px&#8220; button_text_color=&#8220;#F7F7F7&#8243; button_border_color=&#8220;#152052&#8243; button_border_radius=&#8220;0px&#8220; button_font=&#8220;|600||on|||||&#8220; button_use_icon=&#8220;off&#8220; button_custom_margin=&#8220;20px||||false|false&#8220; button_custom_padding=&#8220;12px|40px|12px|40px|true|true&#8220; header_font_size_tablet=&#8220;32px&#8220; header_font_size_phone=&#8220;28px&#8220; header_font_size_last_edited=&#8220;off|desktop&#8220; body_font_size_tablet=&#8220;22px&#8220; body_font_size_phone=&#8220;18px&#8220; body_font_size_last_edited=&#8220;on|desktop&#8220; global_colors_info=&#8220;{}&#8220; button_text_size__hover_enabled=&#8220;on|desktop&#8220; button_text_color__hover=&#8220;#ffffff&#8220; button_text_color__hover_enabled=&#8220;on|hover&#8220; button_bg_color__hover=&#8220;#152052&#8243; button_bg_color__hover_enabled=&#8220;on|hover&#8220; button_border_color__hover=&#8220;#152052&#8243; button_border_color__hover_enabled=&#8220;on|hover&#8220; button_text_size__hover=&#8220;14px&#8220; sticky_transition=&#8220;on&#8220;][\/et_pb_slide][\/et_pb_fullwidth_slider][\/et_pb_section][et_pb_section fb_built=&#8220;1&#8243; module_id=&#8220;Escribenos&#8220; _builder_version=&#8220;4.16&#8243; _module_preset=&#8220;default&#8220; background_color=&#8220;#F7F7F7&#8243; global_colors_info=&#8220;{}&#8220;][et_pb_row _builder_version=&#8220;4.16&#8243; _module_preset=&#8220;default&#8220; locked=&#8220;off&#8220; global_colors_info=&#8220;{}&#8220;][et_pb_column type=&#8220;4_4&#8243; _builder_version=&#8220;4.16&#8243; _module_preset=&#8220;default&#8220; global_colors_info=&#8220;{}&#8220;][et_pb_text _builder_version=&#8220;4.27.4&#8243; _module_preset=&#8220;default&#8220; text_font=&#8220;||||||||&#8220; text_text_color=&#8220;#152052&#8243; text_font_size=&#8220;18px&#8220; text_line_height=&#8220;1.6em&#8220; header_2_font=&#8220;||||||||&#8220; header_3_font=&#8220;|600|||||||&#8220; header_3_text_color=&#8220;#152052&#8243; header_3_font_size=&#8220;24px&#8220; max_width=&#8220;1024px&#8220; module_alignment=&#8220;center&#8220; custom_margin=&#8220;10px||10px||true|false&#8220; custom_padding=&#8220;20px||20px||true|false&#8220; hover_enabled=&#8220;0&#8243; text_font_size_tablet=&#8220;21px&#8220; text_font_size_phone=&#8220;18px&#8220; text_font_size_last_edited=&#8220;on|desktop&#8220; global_colors_info=&#8220;{}&#8220; sticky_enabled=&#8220;0&#8243;]<\/p>\n<p>Willkommen,<\/p>\n<p><\/p>\n<p>Gem\u00e4\u00df den Bestimmungen des Gesetzes 2\u202f<a id=\"m_-7366755985289402853OWAe9e220e1-e307-0ad7-e470-01eaaa87ea57\" href=\"https:\/\/www.boe.es\/eli\/es\/l\/2023\/02\/20\/2\/con\" target=\"_blank\" rel=\"noopener\" data-saferedirecturl=\"https:\/\/www.google.com\/url?q=https:\/\/www.boe.es\/eli\/es\/l\/2023\/02\/20\/2\/con&amp;source=gmail&amp;ust=1705475689625000&amp;usg=AOvVaw0iZzTFPL81FqvR547oriGz\">Ley 2\/2023, de 20 de febrero, reguladora de la protecci\u00f3n de las personas que informen sobre infracciones normativas y de lucha contra la corrupci\u00f3n<\/a> hat JOAN CERD\u00c1 &amp; ASSOCIATS, ASESORES S.L. ein internes Informationssystem (im Folgenden: SII) eingerichtet, das ab Januar 2024 in Betrieb sein wird.<\/p>\n<p><\/p>\n<h3><em><strong>Was ist das SII?<\/strong><\/em><\/h3>\n<p><\/p>\n<p>Dieses System bietet Personen, die im beruflichen Kontext Informationen \u00fcber Handlungen oder Unterlassungen erlangt haben, die gegen EU-Recht versto\u00dfen oder schwere Straftaten oder Ordnungswidrigkeiten innerhalb der Organisation darstellen k\u00f6nnten, die M\u00f6glichkeit, diese unter Gew\u00e4hrleistung vollst\u00e4ndiger Vertraulichkeit, Datenschutz und Geheimhaltung der Kommunikation zu melden.<\/p>\n<p><\/p>\n<p>Das Gesetz legt den rechtlichen Rahmen f\u00fcr das interne Informationssystem fest und umfasst sowohl den Kanal \u2013 verstanden als Postfach oder Kanal zum Empfang von Informationen \u2013 als auch die f\u00fcr das System und das Verfahren verantwortliche Person.<\/p>\n<p><\/p>\n<h3><em><strong>Ziel<\/strong><\/em><\/h3>\n<p><\/p>\n<p>St\u00e4rkung der Informationskultur, der Infrastruktur f\u00fcr organisatorische Integrit\u00e4t und F\u00f6rderung einer Informations- und Kommunikationskultur als Mechanismus zur Pr\u00e4vention und Aufdeckung von Gefahren f\u00fcr das \u00f6ffentliche Interesse.<\/p>\n<p><\/p>\n<p>Daher stellen wir die folgende Dokumentation allen Interessierten zur Verf\u00fcgung:<\/p>\n<p><\/p>\n<ul>\n<li><strong><a href=\"https:\/\/joancerda.com\/wp-content\/uploads\/2024\/01\/Politica-del-Sistema-Interno-de-Informacion-rev01.pdf\">Pol\u00edtica del SII\u00a0\u00a0<\/a><\/strong><\/li>\n<li><strong><a href=\"https:\/\/joancerda.com\/wp-content\/uploads\/2025\/11\/Protocolo-del-canal-de-comunicacion.docx\" target=\"_blank\" rel=\"noopener\">Protocolo del SII\u00a0\u00a0<\/a><\/strong><\/li>\n<li><strong><a href=\"https:\/\/joancerda.com\/wp-content\/uploads\/2024\/01\/Anexo-III-DEL-ANEXO-IV-MANUAL-USUARIO-CANAL-DE-COMUNICACIONES-PUBLICO.pdf\" target=\"_blank\" rel=\"noopener\">Manual de uso de la herramienta del Canal interno de informaci\u00f3n<\/a><\/strong><\/li>\n<li><strong>Canal de infor<\/strong><strong>maci\u00f3n, <a href=\"https:\/\/www.ovetauki.com\/canal\/joan-cerda%20\" target=\"_blank\" rel=\"noopener\">click aqu\u00ed.<\/a><\/strong><\/li>\n<\/ul>\n<p><\/p>\n<p>Sollten Sie schlie\u00dflich Fragen zur Implementierung des SII, zur Nutzung seiner Instrumente oder zur einschl\u00e4gigen Gesetzgebung haben, steht Ihnen die SII-Managerin <strong>Catalina Ferrer Garcias<\/strong> (<a href=\"mailto:cferrer@joancerda.com\">cferrer@joancerda.com<\/a>) jederzeit zur Verf\u00fcgung.<\/p>\n<p>[\/et_pb_text][\/et_pb_column][\/et_pb_row][\/et_pb_section]<\/p>\n","protected":false},"excerpt":{"rendered":"<p>Willkommen,Gem\u00e4\u00df den Bestimmungen des Gesetzes 2\u202fLey 2\/2023, de 20 de febrero, reguladora de la protecci\u00f3n de las personas que informen sobre infracciones normativas y de lucha contra la corrupci\u00f3n hat JOAN CERD\u00c1 &amp; ASSOCIATS, ASESORES S.L. ein internes Informationssystem (im Folgenden: SII) eingerichtet, das ab Januar 2024 in Betrieb sein wird.Was ist das SII?Dieses System [&hellip;]<\/p>\n","protected":false},"author":1,"featured_media":0,"parent":0,"menu_order":0,"comment_status":"closed","ping_status":"closed","template":"","meta":{"_et_pb_use_builder":"on","_et_pb_old_content":"","_et_gb_content_width":"","inline_featured_image":false,"footnotes":""},"class_list":["post-342172","page","type-page","status-publish","hentry"],"yoast_head":"<!-- This site is optimized with the Yoast SEO plugin v27.3 - https:\/\/yoast.com\/product\/yoast-seo-wordpress\/ -->\n<title>Kommunikationskanal | Joan Cerd\u00e0<\/title>\n<meta name=\"robots\" content=\"index, follow, max-snippet:-1, max-image-preview:large, max-video-preview:-1\" \/>\n<link rel=\"canonical\" href=\"https:\/\/joancerda.com\/de\/kommunikationskanal\/\" \/>\n<meta property=\"og:locale\" content=\"de_DE\" \/>\n<meta property=\"og:type\" content=\"article\" \/>\n<meta property=\"og:title\" content=\"Kommunikationskanal | Joan Cerd\u00e0\" \/>\n<meta property=\"og:description\" content=\"Willkommen,Gem\u00e4\u00df den Bestimmungen des Gesetzes 2\u202fLey 2\/2023, de 20 de febrero, reguladora de la protecci\u00f3n de las personas que informen sobre infracciones normativas y de lucha contra la corrupci\u00f3n hat JOAN CERD\u00c1 &amp; ASSOCIATS, ASESORES S.L. ein internes Informationssystem (im Folgenden: SII) eingerichtet, das ab Januar 2024 in Betrieb sein wird.Was ist das SII?Dieses System [&hellip;]\" \/>\n<meta property=\"og:url\" content=\"https:\/\/joancerda.com\/de\/kommunikationskanal\/\" \/>\n<meta property=\"og:site_name\" content=\"Joan Cerd\u00e0\" \/>\n<meta name=\"twitter:card\" content=\"summary_large_image\" \/>\n<meta name=\"twitter:label1\" content=\"Gesch\u00e4tzte Lesezeit\" \/>\n\t<meta name=\"twitter:data1\" content=\"3\u00a0Minuten\" \/>\n<script type=\"application\/ld+json\" class=\"yoast-schema-graph\">{\"@context\":\"https:\\\/\\\/schema.org\",\"@graph\":[{\"@type\":\"WebPage\",\"@id\":\"https:\\\/\\\/joancerda.com\\\/de\\\/kommunikationskanal\\\/\",\"url\":\"https:\\\/\\\/joancerda.com\\\/de\\\/kommunikationskanal\\\/\",\"name\":\"Kommunikationskanal | Joan Cerd\u00e0\",\"isPartOf\":{\"@id\":\"https:\\\/\\\/joancerda.com\\\/de\\\/#website\"},\"datePublished\":\"2025-12-04T10:03:27+00:00\",\"breadcrumb\":{\"@id\":\"https:\\\/\\\/joancerda.com\\\/de\\\/kommunikationskanal\\\/#breadcrumb\"},\"inLanguage\":\"de\",\"potentialAction\":[{\"@type\":\"ReadAction\",\"target\":[\"https:\\\/\\\/joancerda.com\\\/de\\\/kommunikationskanal\\\/\"]}]},{\"@type\":\"BreadcrumbList\",\"@id\":\"https:\\\/\\\/joancerda.com\\\/de\\\/kommunikationskanal\\\/#breadcrumb\",\"itemListElement\":[{\"@type\":\"ListItem\",\"position\":1,\"name\":\"Portada\",\"item\":\"https:\\\/\\\/joancerda.com\\\/de\\\/\"},{\"@type\":\"ListItem\",\"position\":2,\"name\":\"Kommunikationskanal\"}]},{\"@type\":\"WebSite\",\"@id\":\"https:\\\/\\\/joancerda.com\\\/de\\\/#website\",\"url\":\"https:\\\/\\\/joancerda.com\\\/de\\\/\",\"name\":\"Joan Cerd\u00e0\",\"description\":\"Firma Consultor\u00eda Fiscal\",\"publisher\":{\"@id\":\"https:\\\/\\\/joancerda.com\\\/de\\\/#organization\"},\"potentialAction\":[{\"@type\":\"SearchAction\",\"target\":{\"@type\":\"EntryPoint\",\"urlTemplate\":\"https:\\\/\\\/joancerda.com\\\/de\\\/?s={search_term_string}\"},\"query-input\":{\"@type\":\"PropertyValueSpecification\",\"valueRequired\":true,\"valueName\":\"search_term_string\"}}],\"inLanguage\":\"de\"},{\"@type\":\"Organization\",\"@id\":\"https:\\\/\\\/joancerda.com\\\/de\\\/#organization\",\"name\":\"Joan Cerd\u00e0 Consultor\u00eda Fiscal\",\"url\":\"https:\\\/\\\/joancerda.com\\\/de\\\/\",\"logo\":{\"@type\":\"ImageObject\",\"inLanguage\":\"de\",\"@id\":\"https:\\\/\\\/joancerda.com\\\/de\\\/#\\\/schema\\\/logo\\\/image\\\/\",\"url\":\"https:\\\/\\\/joancerda.com\\\/wp-content\\\/uploads\\\/2021\\\/12\\\/JoanCerda-Logo-Web-Horizontal-White-scaled.jpg\",\"contentUrl\":\"https:\\\/\\\/joancerda.com\\\/wp-content\\\/uploads\\\/2021\\\/12\\\/JoanCerda-Logo-Web-Horizontal-White-scaled.jpg\",\"width\":1920,\"height\":415,\"caption\":\"Joan Cerd\u00e0 Consultor\u00eda Fiscal\"},\"image\":{\"@id\":\"https:\\\/\\\/joancerda.com\\\/de\\\/#\\\/schema\\\/logo\\\/image\\\/\"}}]}<\/script>\n<!-- \/ Yoast SEO plugin. -->","yoast_head_json":{"title":"Kommunikationskanal | Joan Cerd\u00e0","robots":{"index":"index","follow":"follow","max-snippet":"max-snippet:-1","max-image-preview":"max-image-preview:large","max-video-preview":"max-video-preview:-1"},"canonical":"https:\/\/joancerda.com\/de\/kommunikationskanal\/","og_locale":"de_DE","og_type":"article","og_title":"Kommunikationskanal | Joan Cerd\u00e0","og_description":"Willkommen,Gem\u00e4\u00df den Bestimmungen des Gesetzes 2\u202fLey 2\/2023, de 20 de febrero, reguladora de la protecci\u00f3n de las personas que informen sobre infracciones normativas y de lucha contra la corrupci\u00f3n hat JOAN CERD\u00c1 &amp; ASSOCIATS, ASESORES S.L. ein internes Informationssystem (im Folgenden: SII) eingerichtet, das ab Januar 2024 in Betrieb sein wird.Was ist das SII?Dieses System [&hellip;]","og_url":"https:\/\/joancerda.com\/de\/kommunikationskanal\/","og_site_name":"Joan Cerd\u00e0","twitter_card":"summary_large_image","twitter_misc":{"Gesch\u00e4tzte Lesezeit":"3\u00a0Minuten"},"schema":{"@context":"https:\/\/schema.org","@graph":[{"@type":"WebPage","@id":"https:\/\/joancerda.com\/de\/kommunikationskanal\/","url":"https:\/\/joancerda.com\/de\/kommunikationskanal\/","name":"Kommunikationskanal | Joan Cerd\u00e0","isPartOf":{"@id":"https:\/\/joancerda.com\/de\/#website"},"datePublished":"2025-12-04T10:03:27+00:00","breadcrumb":{"@id":"https:\/\/joancerda.com\/de\/kommunikationskanal\/#breadcrumb"},"inLanguage":"de","potentialAction":[{"@type":"ReadAction","target":["https:\/\/joancerda.com\/de\/kommunikationskanal\/"]}]},{"@type":"BreadcrumbList","@id":"https:\/\/joancerda.com\/de\/kommunikationskanal\/#breadcrumb","itemListElement":[{"@type":"ListItem","position":1,"name":"Portada","item":"https:\/\/joancerda.com\/de\/"},{"@type":"ListItem","position":2,"name":"Kommunikationskanal"}]},{"@type":"WebSite","@id":"https:\/\/joancerda.com\/de\/#website","url":"https:\/\/joancerda.com\/de\/","name":"Joan Cerd\u00e0","description":"Firma Consultor\u00eda Fiscal","publisher":{"@id":"https:\/\/joancerda.com\/de\/#organization"},"potentialAction":[{"@type":"SearchAction","target":{"@type":"EntryPoint","urlTemplate":"https:\/\/joancerda.com\/de\/?s={search_term_string}"},"query-input":{"@type":"PropertyValueSpecification","valueRequired":true,"valueName":"search_term_string"}}],"inLanguage":"de"},{"@type":"Organization","@id":"https:\/\/joancerda.com\/de\/#organization","name":"Joan Cerd\u00e0 Consultor\u00eda Fiscal","url":"https:\/\/joancerda.com\/de\/","logo":{"@type":"ImageObject","inLanguage":"de","@id":"https:\/\/joancerda.com\/de\/#\/schema\/logo\/image\/","url":"https:\/\/joancerda.com\/wp-content\/uploads\/2021\/12\/JoanCerda-Logo-Web-Horizontal-White-scaled.jpg","contentUrl":"https:\/\/joancerda.com\/wp-content\/uploads\/2021\/12\/JoanCerda-Logo-Web-Horizontal-White-scaled.jpg","width":1920,"height":415,"caption":"Joan Cerd\u00e0 Consultor\u00eda Fiscal"},"image":{"@id":"https:\/\/joancerda.com\/de\/#\/schema\/logo\/image\/"}}]}},"_links":{"self":[{"href":"https:\/\/joancerda.com\/de\/wp-json\/wp\/v2\/pages\/342172","targetHints":{"allow":["GET"]}}],"collection":[{"href":"https:\/\/joancerda.com\/de\/wp-json\/wp\/v2\/pages"}],"about":[{"href":"https:\/\/joancerda.com\/de\/wp-json\/wp\/v2\/types\/page"}],"author":[{"embeddable":true,"href":"https:\/\/joancerda.com\/de\/wp-json\/wp\/v2\/users\/1"}],"replies":[{"embeddable":true,"href":"https:\/\/joancerda.com\/de\/wp-json\/wp\/v2\/comments?post=342172"}],"version-history":[{"count":2,"href":"https:\/\/joancerda.com\/de\/wp-json\/wp\/v2\/pages\/342172\/revisions"}],"predecessor-version":[{"id":342174,"href":"https:\/\/joancerda.com\/de\/wp-json\/wp\/v2\/pages\/342172\/revisions\/342174"}],"wp:attachment":[{"href":"https:\/\/joancerda.com\/de\/wp-json\/wp\/v2\/media?parent=342172"}],"curies":[{"name":"wp","href":"https:\/\/api.w.org\/{rel}","templated":true}]}}