{"id":342178,"date":"2025-12-04T10:13:24","date_gmt":"2025-12-04T10:13:24","guid":{"rendered":"https:\/\/joancerda.com\/rechtlicher-hinweis\/"},"modified":"2025-12-04T10:13:25","modified_gmt":"2025-12-04T10:13:25","slug":"rechtlicher-hinweis","status":"publish","type":"page","link":"https:\/\/joancerda.com\/de\/rechtlicher-hinweis\/","title":{"rendered":"Rechtlicher Hinweis"},"content":{"rendered":"<p>[et_pb_section fb_built=&#8220;1&#8243; fullwidth=&#8220;on&#8220; _builder_version=&#8220;4.16&#8243; _module_preset=&#8220;default&#8220; locked=&#8220;off&#8220; global_colors_info=&#8220;{}&#8220;][et_pb_fullwidth_slider _builder_version=&#8220;4.16&#8243; _module_preset=&#8220;default&#8220; custom_padding=&#8220;30vh||30vh||true|false&#8220; global_colors_info=&#8220;{}&#8220;][et_pb_slide heading=&#8220;Rechtlicher Hinweis&#8220; _builder_version=&#8220;4.16&#8243; _module_preset=&#8220;default&#8220; header_level=&#8220;h1&#8243; header_font=&#8220;ogg||||||||&#8220; header_font_size=&#8220;36px&#8220; header_letter_spacing=&#8220;1px&#8220; body_font=&#8220;|300|||||||&#8220; body_font_size=&#8220;24px&#8220; background_color=&#8220;#152052&#8243; background_enable_color=&#8220;on&#8220; background_enable_image=&#8220;off&#8220; background_size=&#8220;initial&#8220; background_blend=&#8220;multiply&#8220; custom_button=&#8220;on&#8220; button_text_size=&#8220;14px&#8220; button_text_color=&#8220;#F7F7F7&#8243; button_border_color=&#8220;#152052&#8243; button_border_radius=&#8220;0px&#8220; button_font=&#8220;|600||on|||||&#8220; button_use_icon=&#8220;off&#8220; button_custom_margin=&#8220;20px||||false|false&#8220; button_custom_padding=&#8220;12px|40px|12px|40px|true|true&#8220; header_font_size_tablet=&#8220;32px&#8220; header_font_size_phone=&#8220;28px&#8220; header_font_size_last_edited=&#8220;off|desktop&#8220; body_font_size_tablet=&#8220;22px&#8220; body_font_size_phone=&#8220;18px&#8220; body_font_size_last_edited=&#8220;on|desktop&#8220; global_colors_info=&#8220;{}&#8220; button_text_size__hover_enabled=&#8220;on|desktop&#8220; button_text_color__hover=&#8220;#ffffff&#8220; button_text_color__hover_enabled=&#8220;on|hover&#8220; button_bg_color__hover=&#8220;#152052&#8243; button_bg_color__hover_enabled=&#8220;on|hover&#8220; button_border_color__hover=&#8220;#152052&#8243; button_border_color__hover_enabled=&#8220;on|hover&#8220; button_text_size__hover=&#8220;14px&#8220; sticky_transition=&#8220;on&#8220;][\/et_pb_slide][\/et_pb_fullwidth_slider][\/et_pb_section][et_pb_section fb_built=&#8220;1&#8243; module_id=&#8220;Escribenos&#8220; _builder_version=&#8220;4.16&#8243; _module_preset=&#8220;default&#8220; background_color=&#8220;#F7F7F7&#8243; global_colors_info=&#8220;{}&#8220;][et_pb_row _builder_version=&#8220;4.16&#8243; _module_preset=&#8220;default&#8220; locked=&#8220;off&#8220; global_colors_info=&#8220;{}&#8220;][et_pb_column type=&#8220;4_4&#8243; _builder_version=&#8220;4.16&#8243; _module_preset=&#8220;default&#8220; global_colors_info=&#8220;{}&#8220;][et_pb_text _builder_version=&#8220;4.16&#8243; _module_preset=&#8220;default&#8220; text_font=&#8220;||||||||&#8220; text_text_color=&#8220;#152052&#8243; text_font_size=&#8220;18px&#8220; text_line_height=&#8220;1.6em&#8220; header_2_font=&#8220;||||||||&#8220; header_3_font=&#8220;|600|||||||&#8220; header_3_text_color=&#8220;#152052&#8243; header_3_font_size=&#8220;24px&#8220; max_width=&#8220;1024px&#8220; module_alignment=&#8220;center&#8220; custom_margin=&#8220;10px||10px||true|false&#8220; custom_padding=&#8220;20px||20px||true|false&#8220; text_font_size_tablet=&#8220;21px&#8220; text_font_size_phone=&#8220;18px&#8220; text_font_size_last_edited=&#8220;on|desktop&#8220; global_colors_info=&#8220;{}&#8220;]<\/p>\n<h3><strong>1. Eigentum<\/strong><\/h3>\n<p><\/p>\n<p><strong><a href=\"https:\/\/joancerda.com\/de\/\">https:\/\/joancerda.com\/<\/a> <\/strong>Dies ist eine Internetdomain im Besitz von JOAN CERD\u00c1 &amp; ASSOCIATS ASESORES S.L., mit der Steuernummer (NIF) B57917650 und Sitz in C\/ Jes\u00fas n\u00ba 18-3\u00ba, 07003 Palma de Mallorca, Balearen. Sie ist im Handelsregister von Mallorca, Band 990, Blatt 52, Seite 1 PM-8.759, Eintrag 20, und Band 2616, Blatt 87, Seite PM-76.495, Eintrag 1 (nachfolgend: Inhaber) eingetragen.<\/p>\n<p><\/p>\n<p>JOAN CERD\u00c1 &amp; ASSOCIATS ist die Marke eines Unternehmens mit langj\u00e4hriger Erfahrung in den Bereichen Steuerberatung, Buchhaltung und Wirtschaftsrecht.<\/p>\n<p><\/p>\n<h3><strong>2. Allgemeine Nutzungsbedingungen<\/strong><\/h3>\n<p><\/p>\n<p>Durch den Zugriff auf diese Website erkl\u00e4rt sich der Nutzer mit diesem Rechtshinweis und allen seinen Nutzungsbedingungen einverstanden. Dieser Rechtshinweis ist verbindlich; wer seinen Bedingungen nicht zustimmt, darf die Website und\/oder die vom Betreiber dar\u00fcber angebotenen Dienste nicht nutzen. Durch diese Bedingungen wird kein Partnerschafts-, Agentur-, Franchise- oder Arbeitsverh\u00e4ltnis zwischen dem Betreiber und den Nutzern begr\u00fcndet.<\/p>\n<p><\/p>\n<p>Dieser Rechtshinweis regelt die Nutzung dieser Website, die der Betreiber den Nutzern zur Verf\u00fcgung stellt, um sie \u00fcber seine Dienste zu informieren und ihnen den Zugriff auf diese Dienste sowie deren Vertragsabschluss zu erleichtern.<\/p>\n<p><\/p>\n<h3><strong>3. Anwendbare Vorschriften<\/strong><\/h3>\n<p><\/p>\n<p>Dieser Rechtshinweis unterliegt den Bestimmungen des spanischen Organgesetzes 3\/2018 vom 5. Dezember 2018 zum Schutz personenbezogener Daten und zur Gew\u00e4hrleistung digitaler Rechte (LOPDGDD), der Verordnung (EU) 2016\/679 des Europ\u00e4ischen Parlaments und des Rates vom 27. April 2016 zum Schutz nat\u00fcrlicher Personen bei der Verarbeitung personenbezogener Daten, zum freien Datenverkehr und zur Aufhebung der Richtlinie 95\/46\/EG (DSGVO), den Leitlinien 5\/2020 zur Einwilligung im Sinne der Verordnung (EU) 2016\/679, dem Gesetz 11\/2022 vom 28. Juni, dem Allgemeinen Telekommunikationsgesetz, dem Gesetz 34\/2002 vom 11. Juli \u00fcber Dienste der Informationsgesellschaft und des elektronischen Gesch\u00e4ftsverkehrs sowie dem K\u00f6niglichen Gesetzesdekret 13\/2012 vom 30. M\u00e4rz, mit dem Richtlinien f\u00fcr den Binnenmarkt f\u00fcr Elektrizit\u00e4t und Gas sowie f\u00fcr elektronische Kommunikation umgesetzt und Ma\u00dfnahmen zur Behebung von Abweichungen aufgrund von \u2026 erlassen wurden. Ungleichgewichte zwischen Kosten und Einnahmen im Strom- und Gassektor, Leitlinien 03\/2022 des Europ\u00e4ischen Datenschutzausschusses (EDPB) zu irref\u00fchrenden Gesch\u00e4ftspraktiken, Gesetz 2\/2023 vom 20. Februar zur Regelung des Schutzes von Hinweisgebern und zur Bek\u00e4mpfung von Korruption sowie alle nachfolgenden Verordnungen, die diese \u00e4ndern oder erweitern.<\/p>\n<p><\/p>\n<p>Der Zugriff auf die Website des Eigent\u00fcmers sowie jegliche Nutzung der darin enthaltenen Informationen und Inhalte erfolgt auf eigene Verantwortung des Nutzers. Der Zugriff auf die Website unterliegt den geltenden Gesetzen und den Grunds\u00e4tzen von Treu und Glauben sowie der rechtm\u00e4\u00dfigen Nutzung durch den Nutzer. Jegliche dem Eigent\u00fcmer schadende Handlung ist grunds\u00e4tzlich untersagt. Die Nutzung der Website f\u00fcr illegale oder unbefugte Zwecke ist strengstens verboten.<\/p>\n<p><\/p>\n<h3><strong>4. \u00c4nderung der Nutzungsbedingungen<\/strong><\/h3>\n<p><\/p>\n<p>Der Betreiber beh\u00e4lt sich das Recht vor, die Darstellung und Konfiguration der Website sowie diesen Rechtshinweis jederzeit zu \u00e4ndern. Daher empfiehlt der Betreiber den Nutzern, diese bei jedem Besuch der Website sorgf\u00e4ltig zu lesen. Der Rechtshinweis ist stets gut sichtbar und f\u00fcr R\u00fcckfragen frei zug\u00e4nglich.<\/p>\n<p><\/p>\n<h3><strong>5. Leistungsbeschreibung<\/strong><\/h3>\n<p><\/p>\n<p><a href=\"https:\/\/joancerda.com\/de\/\">https:\/\/joancerda.com\/<\/a> Dies ist die Website des Eigent\u00fcmers und dient als Informationsquelle f\u00fcr die angebotenen Dienstleistungen.<\/p>\n<p><\/p>\n<h3><strong>6. Anmeldung<\/strong><\/h3>\n<p><\/p>\n<p>Kunden erhalten einen privaten Zugang zur Website (mit Benutzername und Passwort) zur Verwaltung ihrer Dokumente. Das Passwort kann nach Erhalt jederzeit ge\u00e4ndert werden.<\/p>\n<p><\/p>\n<p>Die Benutzerkennung besteht aus der E-Mail-Adresse und einem Passwort. Das Passwort muss mindestens 6 Zeichen lang sein. Wir empfehlen ein sicheres Passwort mit m\u00f6glichst vielen Zeichen. Vermeiden Sie g\u00e4ngige W\u00f6rter und Namen und verwenden Sie eine Kombination aus Gro\u00df- und Kleinbuchstaben, Zahlen und Sonderzeichen.<\/p>\n<p><\/p>\n<p>Benutzername und Passwort sind pers\u00f6nlich und nicht \u00fcbertragbar. Die Weitergabe an Dritte, auch vor\u00fcbergehend, ist untersagt. Der Nutzer verpflichtet sich, die Zugangsdaten sorgf\u00e4ltig zu verwenden und geheim zu halten. Er tr\u00e4gt die volle Verantwortung f\u00fcr alle Folgen einer Weitergabe an Dritte. Sollte ein Nutzer Kenntnis davon erlangen oder den Verdacht haben, dass sein Passwort von Dritten verwendet wurde, muss er uns dies unverz\u00fcglich mitteilen.<\/p>\n<p><\/p>\n<p>Der Betreiber beh\u00e4lt sich das Recht vor, die Nutzung der Website f\u00fcr Nutzer zu sperren, die Inhalte oder Dienste dieser Website unethisch, beleidigend, illegal oder unsachgem\u00e4\u00df nutzen und\/oder gegen die Interessen des Betreibers versto\u00dfen. Der Eigent\u00fcmer beh\u00e4lt sich au\u00dferdem das Recht vor, Registrierungsanfragen abzulehnen oder eine zuvor akzeptierte Registrierung zu stornieren, ohne verpflichtet zu sein, die Gr\u00fcnde f\u00fcr seine Entscheidung mitzuteilen oder zu erl\u00e4utern, und ohne dass daraus ein Anspruch auf Entsch\u00e4digung oder Schadensersatz entsteht.<\/p>\n<p><\/p>\n<p><strong><span style=\"color: #333333; font-size: 22px;\">7. K\u00fcndigung<\/span><\/strong><\/p>\n<p><\/p>\n<p>Der Eigent\u00fcmer beh\u00e4lt sich das Recht vor, die Website oder einzelne Dienste darauf jederzeit und ohne vorherige Ank\u00fcndigung aus technischen oder anderen Gr\u00fcnden zu unterbrechen oder einzustellen und kann au\u00dferdem einseitig sowohl die Zugangsbedingungen als auch den gesamten oder einen Teil des Inhalts \u00e4ndern, wobei die zu diesem Zeitpunkt erworbenen Rechte unber\u00fchrt bleiben.<\/p>\n<p><\/p>\n<h3><strong>8. Verantwortlichkeiten<\/strong><\/h3>\n<p><\/p>\n<p>Die auf dieser Website enthaltenen Links k\u00f6nnen zu Websites Dritter f\u00fchren. Der Betreiber \u00fcbernimmt keine Verantwortung f\u00fcr die Inhalte, Informationen oder Dienste, die auf diesen Websites erscheinen. Diese dienen ausschlie\u00dflich Informationszwecken und begr\u00fcnden keinerlei Beziehung zwischen dem Betreiber und den Personen oder Organisationen, denen diese Inhalte geh\u00f6ren oder auf welchen Websites sie sich befinden.<\/p>\n<p><\/p>\n<p>Der Betreiber haftet unter keinen Umst\u00e4nden f\u00fcr Sch\u00e4den, die Nutzer dieser oder anderen Websites durch deren rechtswidrige oder unsachgem\u00e4\u00dfe Nutzung oder durch die Nutzung der dar\u00fcber zug\u00e4nglichen oder bereitgestellten Inhalte und Informationen zuf\u00fcgen.<\/p>\n<p><\/p>\n<p>Der Betreiber haftet nicht f\u00fcr Rechtsverletzungen, die von Nutzern seiner Website begangen werden und Dritte betreffen.<\/p>\n<p><\/p>\n<p>Der Betreiber gew\u00e4hrleistet weder die Zuverl\u00e4ssigkeit, Verf\u00fcgbarkeit noch die ununterbrochene Verf\u00fcgbarkeit seiner Website oder Dienste. Die Nutzung erfolgt daher auf eigenes Risiko des Nutzers, und der Betreiber \u00fcbernimmt keinerlei Haftung.<\/p>\n<p><\/p>\n<p>Der Eigent\u00fcmer haftet nicht f\u00fcr Serviceunterbrechungen, Verz\u00f6gerungen, Fehlfunktionen oder sonstige Unannehmlichkeiten, die auf Ursachen au\u00dferhalb seines Einflussbereichs, vors\u00e4tzliches oder fahrl\u00e4ssiges Handeln des Nutzers, h\u00f6here Gewalt oder Naturkatastrophen zur\u00fcckzuf\u00fchren sind. Unbeschadet der Bestimmungen des Artikels 1105 des B\u00fcrgerlichen Gesetzbuches umfasst h\u00f6here Gewalt im Sinne dieses Rechtshinweises auch Ereignisse, die au\u00dferhalb des Einflussbereichs des Eigent\u00fcmers liegen, wie beispielsweise: Ausf\u00e4lle von Drittanbietern oder Dienstleistern, beh\u00f6rdliche Anordnungen, fehlender Zugang zu Netzwerken Dritter, Handlungen oder Unterlassungen von Beh\u00f6rden, Naturereignisse, Stromausf\u00e4lle usw. sowie Angriffe von Hackern oder anderen auf die Sicherheit oder Integrit\u00e4t von Computersystemen spezialisierten Parteien, sofern der Eigent\u00fcmer angemessene Sicherheitsma\u00dfnahmen nach dem Stand der Technik getroffen hat. In jedem Fall, unabh\u00e4ngig von der Ursache, \u00fcbernimmt der Eigent\u00fcmer keine Haftung f\u00fcr direkte oder indirekte Sch\u00e4den, Folgesch\u00e4den und\/oder entgangenen Gewinn.<\/p>\n<p><\/p>\n<p>Der Betreiber ist bestrebt, alle Informationen auf seiner Website, die nicht den Mindeststandards f\u00fcr Genauigkeit entsprechen, zu aktualisieren und zu korrigieren. Er weist jedoch darauf hin, dass unbeabsichtigte Fehler auftreten k\u00f6nnen, und es steht den Nutzern frei, die Inhalte zu \u00fcberpr\u00fcfen. Der Betreiber ist in diesem Zusammenhang nicht verpflichtet, die von Nutzern oder Mitwirkenden \u00fcbermittelten, verbreiteten oder Dritten zug\u00e4nglich gemachten Inhalte zu \u00fcberwachen und tut dies auch nicht, es sei denn, dies ist gesetzlich vorgeschrieben oder wird von einer zust\u00e4ndigen Justiz- oder Verwaltungsbeh\u00f6rde verlangt.<\/p>\n<p><\/p>\n<p>Der Betreiber haftet nicht f\u00fcr die Nutzung dieser Website durch Dritte oder f\u00fcr Verweise auf externe Websites.<\/p>\n<p><\/p>\n<h3><strong>9. Verg\u00fctung<\/strong><\/h3>\n<p><\/p>\n<p>Die Nutzer verpflichten sich, den Eigent\u00fcmer von jeglichen Anspr\u00fcchen Dritter freizustellen und schadlos zu halten, die sich aus der Werbung f\u00fcr Aktivit\u00e4ten auf der Website, aus einem Versto\u00df gegen den Rechtshinweis und andere Richtlinien, die als Bestandteil dieses Dokuments gelten, oder aus der Verletzung von Gesetzen oder Rechten Dritter ergeben.<\/p>\n<p><\/p>\n<h3><strong>10. Nichtigkeit und Unwirksamkeit der Klauseln<\/strong><\/h3>\n<p><\/p>\n<p>Sollte eine in diesem Rechtshinweis oder den \u00fcbrigen rechtlichen und informativen Texten der Website enthaltene Klausel ganz oder teilweise f\u00fcr nichtig oder unwirksam erkl\u00e4rt werden, so betrifft diese Nichtigkeit oder Unwirksamkeit nur die betreffende Bestimmung oder den nichtigen oder unwirksamen Teil davon, wobei die \u00fcbrigen Bestimmungen weiterhin in Kraft bleiben und die betreffende Bestimmung oder der betroffene Teil davon als nicht enthalten gilt.<\/p>\n<p><\/p>\n<h3><strong>11. Benachrichtigungen<\/strong><\/h3>\n<p><\/p>\n<p>S\u00e4mtliche Mitteilungen, Anfragen, Antr\u00e4ge und sonstige Korrespondenz, die von den Parteien im Zusammenhang mit diesem Rechtshinweis oder anderen rechtlichen und informativen Texten abzugeben sind, m\u00fcssen schriftlich erfolgen und gelten als ordnungsgem\u00e4\u00df zugestellt, wenn sie pers\u00f6nlich \u00fcbergeben oder per Post an die Adresse der anderen Partei oder an deren E-Mail-Adresse oder an eine andere Adresse oder E-Mail-Adresse gesendet wurden, die jede Partei der anderen zu diesem Zweck mitteilt.<\/p>\n<p><\/p>\n<h3><strong>12. Geistiges und gewerbliches Eigentum<\/strong><\/h3>\n<p><\/p>\n<p>Die Rechte am geistigen Eigentum dieser Website, ihres Quellcodes, Designs, ihrer Navigationsstrukturen und aller darin enthaltenen Elemente liegen ausschlie\u00dflich beim Inhaber. Dieser besitzt die Rechte zur Verwertung in jeglicher Form, insbesondere die Rechte zur Vervielf\u00e4ltigung, Verbreitung, \u00f6ffentlichen Wiedergabe und Bearbeitung gem\u00e4\u00df geltendem spanischem und EU-Recht.<\/p>\n<p><\/p>\n<p>Die vollst\u00e4ndige oder teilweise Vervielf\u00e4ltigung der Inhalte dieser Website ist ohne die ausdr\u00fcckliche schriftliche Zustimmung des Inhabers strengstens untersagt. Die unbefugte Nutzung dieser Inhalte durch Dritte zieht die gesetzlich vorgesehenen rechtlichen Konsequenzen nach sich.<\/p>\n<p><\/p>\n<p>Jegliche Form der Nutzung, einschlie\u00dflich Vervielf\u00e4ltigung, Verbreitung, Weitergabe an Dritte, \u00f6ffentliche Wiedergabe und Bearbeitung der vorgenannten Werke, Kreationen und Kennzeichen, ist ohne die vorherige und ausdr\u00fcckliche Genehmigung der jeweiligen Inhaber untersagt. Zuwiderhandlungen k\u00f6nnen eine Straftat darstellen.<\/p>\n<p><\/p>\n<p>Sofern nicht ausdr\u00fccklich vom Eigent\u00fcmer genehmigt, ist es untersagt, diese Website oder die darin enthaltenen Informationen in Frames darzustellen oder Kennzeichen, Marken oder Firmen- bzw. Handelsnamen anderer Personen, Unternehmen oder Organisationen zu verwenden. Dies gilt insbesondere f\u00fcr Bildmaterial, das als ausschlie\u00dfliches Eigentum des Eigent\u00fcmers gilt.<\/p>\n<p><\/p>\n<p>Die Verletzung der vorgenannten Rechte kann einen Versto\u00df gegen diese Nutzungsbedingungen sowie eine Straftat gem\u00e4\u00df Artikel 270 ff. des spanischen Strafgesetzbuches darstellen.<\/p>\n<p><\/p>\n<p>Der Eigent\u00fcmer haftet nicht f\u00fcr die Nutzung der Website-Dienste durch den Nutzer oder f\u00fcr Inhalte, die der Nutzer auf dieser Website ver\u00f6ffentlicht und die Rechte an geistigem oder gewerblichem Eigentum oder sonstige Rechte Dritter verletzen.<\/p>\n<p><\/p>\n<h3><strong>13. Gerichtsbarkeit<\/strong><\/h3>\n<p><\/p>\n<p>F\u00fcr alle Fragen, die sich hinsichtlich der Auslegung, Anwendung und Einhaltung dieses Rechtshinweises ergeben, sowie f\u00fcr alle Anspr\u00fcche, die sich aus seiner Verwendung ergeben, unterwerfen sich alle beteiligten Parteien den f\u00fcr ihre jeweilige Gerichtsbarkeit zust\u00e4ndigen Richtern und Gerichten.<\/p>\n<p>[\/et_pb_text][\/et_pb_column][\/et_pb_row][\/et_pb_section]<\/p>\n","protected":false},"excerpt":{"rendered":"<p>1. Eigentumhttps:\/\/joancerda.com\/ Dies ist eine Internetdomain im Besitz von JOAN CERD\u00c1 &amp; ASSOCIATS ASESORES S.L., mit der Steuernummer (NIF) B57917650 und Sitz in C\/ Jes\u00fas n\u00ba 18-3\u00ba, 07003 Palma de Mallorca, Balearen. Sie ist im Handelsregister von Mallorca, Band 990, Blatt 52, Seite 1 PM-8.759, Eintrag 20, und Band 2616, Blatt 87, Seite PM-76.495, Eintrag [&hellip;]<\/p>\n","protected":false},"author":1,"featured_media":0,"parent":0,"menu_order":0,"comment_status":"closed","ping_status":"closed","template":"","meta":{"_et_pb_use_builder":"on","_et_pb_old_content":"","_et_gb_content_width":"","inline_featured_image":false,"footnotes":""},"class_list":["post-342178","page","type-page","status-publish","hentry"],"yoast_head":"<!-- This site is optimized with the Yoast SEO plugin v27.3 - https:\/\/yoast.com\/product\/yoast-seo-wordpress\/ -->\n<title>Rechtlicher Hinweis | Joan Cerd\u00e0<\/title>\n<meta name=\"robots\" content=\"index, follow, max-snippet:-1, max-image-preview:large, max-video-preview:-1\" \/>\n<link rel=\"canonical\" href=\"https:\/\/joancerda.com\/de\/rechtlicher-hinweis\/\" \/>\n<meta property=\"og:locale\" content=\"de_DE\" \/>\n<meta property=\"og:type\" content=\"article\" \/>\n<meta property=\"og:title\" content=\"Rechtlicher Hinweis | Joan Cerd\u00e0\" \/>\n<meta property=\"og:description\" content=\"1. Eigentumhttps:\/\/joancerda.com\/ Dies ist eine Internetdomain im Besitz von JOAN CERD\u00c1 &amp; ASSOCIATS ASESORES S.L., mit der Steuernummer (NIF) B57917650 und Sitz in C\/ Jes\u00fas n\u00ba 18-3\u00ba, 07003 Palma de Mallorca, Balearen. Sie ist im Handelsregister von Mallorca, Band 990, Blatt 52, Seite 1 PM-8.759, Eintrag 20, und Band 2616, Blatt 87, Seite PM-76.495, Eintrag [&hellip;]\" \/>\n<meta property=\"og:url\" content=\"https:\/\/joancerda.com\/de\/rechtlicher-hinweis\/\" \/>\n<meta property=\"og:site_name\" content=\"Joan Cerd\u00e0\" \/>\n<meta property=\"article:modified_time\" content=\"2025-12-04T10:13:25+00:00\" \/>\n<meta name=\"twitter:card\" content=\"summary_large_image\" \/>\n<meta name=\"twitter:label1\" content=\"Gesch\u00e4tzte Lesezeit\" \/>\n\t<meta name=\"twitter:data1\" content=\"10\u00a0Minuten\" \/>\n<script type=\"application\/ld+json\" class=\"yoast-schema-graph\">{\"@context\":\"https:\\\/\\\/schema.org\",\"@graph\":[{\"@type\":\"WebPage\",\"@id\":\"https:\\\/\\\/joancerda.com\\\/de\\\/rechtlicher-hinweis\\\/\",\"url\":\"https:\\\/\\\/joancerda.com\\\/de\\\/rechtlicher-hinweis\\\/\",\"name\":\"Rechtlicher Hinweis | Joan Cerd\u00e0\",\"isPartOf\":{\"@id\":\"https:\\\/\\\/joancerda.com\\\/de\\\/#website\"},\"datePublished\":\"2025-12-04T10:13:24+00:00\",\"dateModified\":\"2025-12-04T10:13:25+00:00\",\"breadcrumb\":{\"@id\":\"https:\\\/\\\/joancerda.com\\\/de\\\/rechtlicher-hinweis\\\/#breadcrumb\"},\"inLanguage\":\"de\",\"potentialAction\":[{\"@type\":\"ReadAction\",\"target\":[\"https:\\\/\\\/joancerda.com\\\/de\\\/rechtlicher-hinweis\\\/\"]}]},{\"@type\":\"BreadcrumbList\",\"@id\":\"https:\\\/\\\/joancerda.com\\\/de\\\/rechtlicher-hinweis\\\/#breadcrumb\",\"itemListElement\":[{\"@type\":\"ListItem\",\"position\":1,\"name\":\"Portada\",\"item\":\"https:\\\/\\\/joancerda.com\\\/de\\\/\"},{\"@type\":\"ListItem\",\"position\":2,\"name\":\"Rechtlicher Hinweis\"}]},{\"@type\":\"WebSite\",\"@id\":\"https:\\\/\\\/joancerda.com\\\/de\\\/#website\",\"url\":\"https:\\\/\\\/joancerda.com\\\/de\\\/\",\"name\":\"Joan Cerd\u00e0\",\"description\":\"Firma Consultor\u00eda Fiscal\",\"publisher\":{\"@id\":\"https:\\\/\\\/joancerda.com\\\/de\\\/#organization\"},\"potentialAction\":[{\"@type\":\"SearchAction\",\"target\":{\"@type\":\"EntryPoint\",\"urlTemplate\":\"https:\\\/\\\/joancerda.com\\\/de\\\/?s={search_term_string}\"},\"query-input\":{\"@type\":\"PropertyValueSpecification\",\"valueRequired\":true,\"valueName\":\"search_term_string\"}}],\"inLanguage\":\"de\"},{\"@type\":\"Organization\",\"@id\":\"https:\\\/\\\/joancerda.com\\\/de\\\/#organization\",\"name\":\"Joan Cerd\u00e0 Consultor\u00eda Fiscal\",\"url\":\"https:\\\/\\\/joancerda.com\\\/de\\\/\",\"logo\":{\"@type\":\"ImageObject\",\"inLanguage\":\"de\",\"@id\":\"https:\\\/\\\/joancerda.com\\\/de\\\/#\\\/schema\\\/logo\\\/image\\\/\",\"url\":\"https:\\\/\\\/joancerda.com\\\/wp-content\\\/uploads\\\/2021\\\/12\\\/JoanCerda-Logo-Web-Horizontal-White-scaled.jpg\",\"contentUrl\":\"https:\\\/\\\/joancerda.com\\\/wp-content\\\/uploads\\\/2021\\\/12\\\/JoanCerda-Logo-Web-Horizontal-White-scaled.jpg\",\"width\":1920,\"height\":415,\"caption\":\"Joan Cerd\u00e0 Consultor\u00eda Fiscal\"},\"image\":{\"@id\":\"https:\\\/\\\/joancerda.com\\\/de\\\/#\\\/schema\\\/logo\\\/image\\\/\"}}]}<\/script>\n<!-- \/ Yoast SEO plugin. -->","yoast_head_json":{"title":"Rechtlicher Hinweis | Joan Cerd\u00e0","robots":{"index":"index","follow":"follow","max-snippet":"max-snippet:-1","max-image-preview":"max-image-preview:large","max-video-preview":"max-video-preview:-1"},"canonical":"https:\/\/joancerda.com\/de\/rechtlicher-hinweis\/","og_locale":"de_DE","og_type":"article","og_title":"Rechtlicher Hinweis | Joan Cerd\u00e0","og_description":"1. Eigentumhttps:\/\/joancerda.com\/ Dies ist eine Internetdomain im Besitz von JOAN CERD\u00c1 &amp; ASSOCIATS ASESORES S.L., mit der Steuernummer (NIF) B57917650 und Sitz in C\/ Jes\u00fas n\u00ba 18-3\u00ba, 07003 Palma de Mallorca, Balearen. Sie ist im Handelsregister von Mallorca, Band 990, Blatt 52, Seite 1 PM-8.759, Eintrag 20, und Band 2616, Blatt 87, Seite PM-76.495, Eintrag [&hellip;]","og_url":"https:\/\/joancerda.com\/de\/rechtlicher-hinweis\/","og_site_name":"Joan Cerd\u00e0","article_modified_time":"2025-12-04T10:13:25+00:00","twitter_card":"summary_large_image","twitter_misc":{"Gesch\u00e4tzte Lesezeit":"10\u00a0Minuten"},"schema":{"@context":"https:\/\/schema.org","@graph":[{"@type":"WebPage","@id":"https:\/\/joancerda.com\/de\/rechtlicher-hinweis\/","url":"https:\/\/joancerda.com\/de\/rechtlicher-hinweis\/","name":"Rechtlicher Hinweis | Joan Cerd\u00e0","isPartOf":{"@id":"https:\/\/joancerda.com\/de\/#website"},"datePublished":"2025-12-04T10:13:24+00:00","dateModified":"2025-12-04T10:13:25+00:00","breadcrumb":{"@id":"https:\/\/joancerda.com\/de\/rechtlicher-hinweis\/#breadcrumb"},"inLanguage":"de","potentialAction":[{"@type":"ReadAction","target":["https:\/\/joancerda.com\/de\/rechtlicher-hinweis\/"]}]},{"@type":"BreadcrumbList","@id":"https:\/\/joancerda.com\/de\/rechtlicher-hinweis\/#breadcrumb","itemListElement":[{"@type":"ListItem","position":1,"name":"Portada","item":"https:\/\/joancerda.com\/de\/"},{"@type":"ListItem","position":2,"name":"Rechtlicher Hinweis"}]},{"@type":"WebSite","@id":"https:\/\/joancerda.com\/de\/#website","url":"https:\/\/joancerda.com\/de\/","name":"Joan Cerd\u00e0","description":"Firma Consultor\u00eda Fiscal","publisher":{"@id":"https:\/\/joancerda.com\/de\/#organization"},"potentialAction":[{"@type":"SearchAction","target":{"@type":"EntryPoint","urlTemplate":"https:\/\/joancerda.com\/de\/?s={search_term_string}"},"query-input":{"@type":"PropertyValueSpecification","valueRequired":true,"valueName":"search_term_string"}}],"inLanguage":"de"},{"@type":"Organization","@id":"https:\/\/joancerda.com\/de\/#organization","name":"Joan Cerd\u00e0 Consultor\u00eda Fiscal","url":"https:\/\/joancerda.com\/de\/","logo":{"@type":"ImageObject","inLanguage":"de","@id":"https:\/\/joancerda.com\/de\/#\/schema\/logo\/image\/","url":"https:\/\/joancerda.com\/wp-content\/uploads\/2021\/12\/JoanCerda-Logo-Web-Horizontal-White-scaled.jpg","contentUrl":"https:\/\/joancerda.com\/wp-content\/uploads\/2021\/12\/JoanCerda-Logo-Web-Horizontal-White-scaled.jpg","width":1920,"height":415,"caption":"Joan Cerd\u00e0 Consultor\u00eda Fiscal"},"image":{"@id":"https:\/\/joancerda.com\/de\/#\/schema\/logo\/image\/"}}]}},"_links":{"self":[{"href":"https:\/\/joancerda.com\/de\/wp-json\/wp\/v2\/pages\/342178","targetHints":{"allow":["GET"]}}],"collection":[{"href":"https:\/\/joancerda.com\/de\/wp-json\/wp\/v2\/pages"}],"about":[{"href":"https:\/\/joancerda.com\/de\/wp-json\/wp\/v2\/types\/page"}],"author":[{"embeddable":true,"href":"https:\/\/joancerda.com\/de\/wp-json\/wp\/v2\/users\/1"}],"replies":[{"embeddable":true,"href":"https:\/\/joancerda.com\/de\/wp-json\/wp\/v2\/comments?post=342178"}],"version-history":[{"count":2,"href":"https:\/\/joancerda.com\/de\/wp-json\/wp\/v2\/pages\/342178\/revisions"}],"predecessor-version":[{"id":342180,"href":"https:\/\/joancerda.com\/de\/wp-json\/wp\/v2\/pages\/342178\/revisions\/342180"}],"wp:attachment":[{"href":"https:\/\/joancerda.com\/de\/wp-json\/wp\/v2\/media?parent=342178"}],"curies":[{"name":"wp","href":"https:\/\/api.w.org\/{rel}","templated":true}]}}