{"id":342184,"date":"2025-12-04T10:40:28","date_gmt":"2025-12-04T10:40:28","guid":{"rendered":"https:\/\/joancerda.com\/cookie-richtlinie\/"},"modified":"2025-12-04T10:40:32","modified_gmt":"2025-12-04T10:40:32","slug":"cookie-richtlinie","status":"publish","type":"page","link":"https:\/\/joancerda.com\/de\/cookie-richtlinie\/","title":{"rendered":"Cookie-Richtlinie"},"content":{"rendered":"<p>[et_pb_section fb_built=&#8220;1&#8243; fullwidth=&#8220;on&#8220; _builder_version=&#8220;4.14.2&#8243; _module_preset=&#8220;default&#8220; locked=&#8220;off&#8220; global_colors_info=&#8220;{}&#8220;][et_pb_fullwidth_slider _builder_version=&#8220;4.14.7&#8243; _module_preset=&#8220;default&#8220; custom_padding=&#8220;30vh||30vh||true|false&#8220; hover_enabled=&#8220;0&#8243; global_colors_info=&#8220;{}&#8220; sticky_enabled=&#8220;0&#8243;][et_pb_slide heading=&#8220;Cookie-Richtlinie&#8220; _builder_version=&#8220;4.14.7&#8243; _module_preset=&#8220;default&#8220; header_level=&#8220;h1&#8243; header_font=&#8220;ogg||||||||&#8220; header_font_size=&#8220;36px&#8220; header_letter_spacing=&#8220;1px&#8220; body_font=&#8220;|300|||||||&#8220; body_font_size=&#8220;24px&#8220; background_color=&#8220;#152052&#8243; background_enable_color=&#8220;on&#8220; background_enable_image=&#8220;off&#8220; background_size=&#8220;initial&#8220; background_blend=&#8220;multiply&#8220; custom_button=&#8220;on&#8220; button_text_size=&#8220;14px&#8220; button_text_color=&#8220;#F7F7F7&#8243; button_border_color=&#8220;#152052&#8243; button_border_radius=&#8220;0px&#8220; button_font=&#8220;|600||on|||||&#8220; button_use_icon=&#8220;off&#8220; button_custom_margin=&#8220;20px||||false|false&#8220; button_custom_padding=&#8220;12px|40px|12px|40px|true|true&#8220; hover_enabled=&#8220;0&#8243; header_font_size_tablet=&#8220;32px&#8220; header_font_size_phone=&#8220;28px&#8220; header_font_size_last_edited=&#8220;off|desktop&#8220; body_font_size_tablet=&#8220;22px&#8220; body_font_size_phone=&#8220;18px&#8220; body_font_size_last_edited=&#8220;on|desktop&#8220; global_colors_info=&#8220;{}&#8220; button_text_size__hover_enabled=&#8220;on|desktop&#8220; button_text_color__hover=&#8220;#ffffff&#8220; button_text_color__hover_enabled=&#8220;on|hover&#8220; button_bg_color__hover=&#8220;#152052&#8243; button_bg_color__hover_enabled=&#8220;on|hover&#8220; button_border_color__hover=&#8220;#152052&#8243; button_border_color__hover_enabled=&#8220;on|hover&#8220; button_text_size__hover=&#8220;14px&#8220; sticky_transition=&#8220;on&#8220; sticky_enabled=&#8220;0&#8243;][\/et_pb_slide][\/et_pb_fullwidth_slider][\/et_pb_section][et_pb_section fb_built=&#8220;1&#8243; module_id=&#8220;Escribenos&#8220; _builder_version=&#8220;4.14.2&#8243; _module_preset=&#8220;default&#8220; background_color=&#8220;#F7F7F7&#8243; global_colors_info=&#8220;{}&#8220;][et_pb_row _builder_version=&#8220;4.14.2&#8243; _module_preset=&#8220;default&#8220; locked=&#8220;off&#8220; global_colors_info=&#8220;{}&#8220;][et_pb_column type=&#8220;4_4&#8243; _builder_version=&#8220;4.10.8&#8243; _module_preset=&#8220;default&#8220; global_colors_info=&#8220;{}&#8220;][et_pb_text _builder_version=&#8220;4.14.2&#8243; _module_preset=&#8220;default&#8220; text_font=&#8220;||||||||&#8220; text_text_color=&#8220;#152052&#8243; text_font_size=&#8220;18px&#8220; text_line_height=&#8220;1.6em&#8220; header_2_font=&#8220;||||||||&#8220; header_3_font=&#8220;|600|||||||&#8220; header_3_text_color=&#8220;#152052&#8243; header_3_font_size=&#8220;24px&#8220; max_width=&#8220;1024px&#8220; module_alignment=&#8220;center&#8220; custom_margin=&#8220;10px||10px||true|false&#8220; custom_padding=&#8220;20px||20px||true|false&#8220; text_font_size_tablet=&#8220;21px&#8220; text_font_size_phone=&#8220;18px&#8220; text_font_size_last_edited=&#8220;on|desktop&#8220; global_colors_info=&#8220;{}&#8220;]<\/p>\n<h3><strong>1. Definition und Funktionen von Cookies.<\/strong><\/h3>\n<p><\/p>\n<p>Ein Cookie ist eine Datei, die beim Besuch bestimmter Websites auf den Computer des Nutzers heruntergeladen wird. Cookies erm\u00f6glichen es der Website unter anderem, Informationen \u00fcber das Surfverhalten des Nutzers oder seinen Computer zu speichern und abzurufen. Je nach den enthaltenen Informationen und der Art der Computernutzung k\u00f6nnen sie dazu verwendet werden, den Nutzer wiederzuerkennen.<\/p>\n<p><\/p>\n<h3><strong>2. Arten von Cookies, die diese Website verwenden kann.<\/strong><\/h3>\n<p><\/p>\n<ul>\n<li><strong>Erstanbieter-Cookies:<\/strong> Diese Cookies werden vom Betreiber an das Endger\u00e4t des Nutzers gesendet und dienen der Bereitstellung des angeforderten Dienstes.<\/li>\n<li><strong>Drittanbieter-Cookies:<\/strong> Diese Cookies werden von einem anderen Unternehmen an das Endger\u00e4t des Nutzers gesendet, das die \u00fcber die Cookies gewonnenen Daten verarbeitet.<\/li>\n<li><strong>Sitzungs-Cookies:<\/strong> Diese Cookies erfassen und speichern Daten, solange der Nutzer eine Website besucht.<\/li>\n<li><strong>Persistente Cookies:<\/strong> Diese Cookies speichern Daten auf dem Endger\u00e4t des Nutzers. Die Daten k\u00f6nnen f\u00fcr einen vom Cookie-Anbieter festgelegten Zeitraum abgerufen und verarbeitet werden, der von wenigen Minuten bis zu mehreren Jahren reichen kann.<\/li>\n<li><strong>Analyse-Cookies:<\/strong> Diese Cookies, unabh\u00e4ngig davon, ob sie vom Betreiber oder von Drittanbietern verarbeitet werden, erm\u00f6glichen die Z\u00e4hlung der Nutzer und somit die statistische Auswertung der Nutzung des angebotenen Dienstes. Dazu wird das Surfverhalten der Nutzer analysiert, um das Produkt- oder Dienstleistungsangebot zu verbessern.<\/li>\n<\/ul>\n<p><\/p>\n<h3><strong>3. Widerruf und L\u00f6schung von Cookies.<\/strong><\/h3>\n<p><\/p>\n<p>Nutzer k\u00f6nnen die auf ihrem Ger\u00e4t installierten Cookies \u00fcber ihre Browsereinstellungen zulassen, blockieren oder l\u00f6schen. Wenn Cookies im Browser nicht zugelassen sind, sind einige Bereiche der Website m\u00f6glicherweise nicht zug\u00e4nglich. Informationen zur Konfiguration von Cookies in verschiedenen Browsern finden Sie unter den folgenden Links (Stand: Datum dieses Textes).<\/p>\n<p><\/p>\n<p>Weitere Informationen zum Blockieren von Cookies im Internet Explorer finden Sie hier. <u><a href=\"http:\/\/windows.microsoft.com\/es-es\/windows7\/how-to-manage-cookies-in-internet-explorer-9\">https:\/\/support.microsoft.com\/es-es\/help\/17442\/windows-internet-explorer-delete-manage-cookies<\/a><\/u><\/p>\n<p><\/p>\n<p>Weitere Informationen zum Blockieren von Cookies in Chrome finden Sie hier.<u> <a href=\"http:\/\/support.google.com\/chrome\/bin\/answer.py?hl=es&amp;answer=95647\">http:\/\/support.google.com\/chrome\/bin\/answer.py?hl=es&amp;answer=95647<\/a><\/u><\/p>\n<p><\/p>\n<p>Weitere Informationen zum Blockieren von Cookies in <strong>Firefox<\/strong> finden Sie hier<strong><br \/><\/strong><u><a href=\"http:\/\/support.mozilla.org\/es\/kb\/habilitar-y-deshabilitar-cookies-que-los-sitios-we\">http:\/\/support.mozilla.org\/es\/kb\/habilitar-y-deshabilitar-cookies-que-los-sitios-we<\/a><\/u><\/p>\n<p><\/p>\n<p>Weitere Informationen zum Blockieren von Cookies in <strong>Safari<\/strong> finden Sie hier.<strong><br \/><\/strong><u><a href=\"http:\/\/support.apple.com\/kb\/ph5042\">http:\/\/support.apple.com\/kb\/ph5042<\/a><\/u><\/p>\n<p><\/p>\n<p>Der Eigent\u00fcmer ist nicht verantwortlich f\u00fcr den Inhalt und die Richtigkeit der Datenschutzrichtlinien von Drittanbietern, auf deren Websites die Links in diesem Rechtshinweis verweisen.<\/p>\n<p><\/p>\n<h3>4. Drittanbieter von Dienstleistungen.<\/h3>\n<p><\/p>\n<p>Im Einzelnen handelt es sich bei den Drittanbietern, mit denen wir Dienste verwalten, die die Verwendung von Cookies erfordern, um folgende:<\/p>\n<p><\/p>\n<table width=\"711\">\n<tbody>\n<tr>\n<td width=\"120\">\n<p><strong>Anbieter<\/strong><\/p>\n<p>&nbsp;<\/p>\n<\/td>\n<td width=\"151\"><strong>Zweck des Cookies<\/strong><\/td>\n<td width=\"265\"><strong>Zweck des Cookies Beschreibung des Zwecks des Cookies<\/strong><\/td>\n<td width=\"176\"><strong>Lagerdauer<\/strong><\/td>\n<\/tr>\n<tr>\n<td width=\"120\">Google\u00a0Analytics<\/td>\n<td width=\"151\">Webanalyse<\/td>\n<td width=\"265\">Website-Besuchsstatistiken<\/td>\n<td width=\"176\">http:\/\/www.google.es\/intl\/es\/analytics\/<\/td>\n<\/tr>\n<tr>\n<td width=\"120\">Facebook Connect<\/td>\n<td width=\"151\">Widget, Social<\/td>\n<td width=\"265\">Nutzerverbindung zum sozialen Netzwerk<\/td>\n<td width=\"176\">http:\/\/developers.facebook.com\/<\/td>\n<\/tr>\n<\/tbody>\n<\/table>\n<p><\/p>\n<p>Der Betreiber \u00fcbernimmt keine Verantwortung f\u00fcr den Inhalt und die Richtigkeit der Informationen sowie f\u00fcr die Datenschutzrichtlinien bez\u00fcglich Cookies von Drittanbietern.<\/p>\n<p><\/p>\n<p>Weitere Informationen zur Verwendung von Cookies auf dieser Website k\u00f6nnen Sie \u00fcber das Kontaktformular anfordern\u00a0<a href=\"mailto:info@joancerda.com\">info@joancerda.com<\/a><\/p>\n<p><\/p>\n<p>Diese Richtlinie wurde am 1. Januar 2022 ge\u00e4ndert.<\/p>\n<p>[\/et_pb_text][\/et_pb_column][\/et_pb_row][\/et_pb_section]<\/p>\n","protected":false},"excerpt":{"rendered":"<p>1. Definition und Funktionen von Cookies.Ein Cookie ist eine Datei, die beim Besuch bestimmter Websites auf den Computer des Nutzers heruntergeladen wird. Cookies erm\u00f6glichen es der Website unter anderem, Informationen \u00fcber das Surfverhalten des Nutzers oder seinen Computer zu speichern und abzurufen. Je nach den enthaltenen Informationen und der Art der Computernutzung k\u00f6nnen sie dazu [&hellip;]<\/p>\n","protected":false},"author":1,"featured_media":0,"parent":0,"menu_order":0,"comment_status":"closed","ping_status":"closed","template":"","meta":{"_et_pb_use_builder":"on","_et_pb_old_content":"","_et_gb_content_width":"","inline_featured_image":false,"footnotes":""},"class_list":["post-342184","page","type-page","status-publish","hentry"],"yoast_head":"<!-- This site is optimized with the Yoast SEO plugin v27.1.1 - https:\/\/yoast.com\/product\/yoast-seo-wordpress\/ -->\n<title>Cookie-Richtlinie | Joan Cerd\u00e0<\/title>\n<meta name=\"robots\" content=\"index, follow, max-snippet:-1, max-image-preview:large, max-video-preview:-1\" \/>\n<link rel=\"canonical\" href=\"https:\/\/joancerda.com\/de\/cookie-richtlinie\/\" \/>\n<meta property=\"og:locale\" content=\"de_DE\" \/>\n<meta property=\"og:type\" content=\"article\" \/>\n<meta property=\"og:title\" content=\"Cookie-Richtlinie | Joan Cerd\u00e0\" \/>\n<meta property=\"og:description\" content=\"1. Definition und Funktionen von Cookies.Ein Cookie ist eine Datei, die beim Besuch bestimmter Websites auf den Computer des Nutzers heruntergeladen wird. Cookies erm\u00f6glichen es der Website unter anderem, Informationen \u00fcber das Surfverhalten des Nutzers oder seinen Computer zu speichern und abzurufen. Je nach den enthaltenen Informationen und der Art der Computernutzung k\u00f6nnen sie dazu [&hellip;]\" \/>\n<meta property=\"og:url\" content=\"https:\/\/joancerda.com\/de\/cookie-richtlinie\/\" \/>\n<meta property=\"og:site_name\" content=\"Joan Cerd\u00e0\" \/>\n<meta property=\"article:modified_time\" content=\"2025-12-04T10:40:32+00:00\" \/>\n<meta name=\"twitter:card\" content=\"summary_large_image\" \/>\n<meta name=\"twitter:label1\" content=\"Gesch\u00e4tzte Lesezeit\" \/>\n\t<meta name=\"twitter:data1\" content=\"4\u00a0Minuten\" \/>\n<script type=\"application\/ld+json\" class=\"yoast-schema-graph\">{\"@context\":\"https:\/\/schema.org\",\"@graph\":[{\"@type\":\"WebPage\",\"@id\":\"https:\/\/joancerda.com\/de\/cookie-richtlinie\/\",\"url\":\"https:\/\/joancerda.com\/de\/cookie-richtlinie\/\",\"name\":\"Cookie-Richtlinie | Joan Cerd\u00e0\",\"isPartOf\":{\"@id\":\"https:\/\/joancerda.com\/de\/#website\"},\"datePublished\":\"2025-12-04T10:40:28+00:00\",\"dateModified\":\"2025-12-04T10:40:32+00:00\",\"breadcrumb\":{\"@id\":\"https:\/\/joancerda.com\/de\/cookie-richtlinie\/#breadcrumb\"},\"inLanguage\":\"de\",\"potentialAction\":[{\"@type\":\"ReadAction\",\"target\":[\"https:\/\/joancerda.com\/de\/cookie-richtlinie\/\"]}]},{\"@type\":\"BreadcrumbList\",\"@id\":\"https:\/\/joancerda.com\/de\/cookie-richtlinie\/#breadcrumb\",\"itemListElement\":[{\"@type\":\"ListItem\",\"position\":1,\"name\":\"Portada\",\"item\":\"https:\/\/joancerda.com\/de\/\"},{\"@type\":\"ListItem\",\"position\":2,\"name\":\"Cookie-Richtlinie\"}]},{\"@type\":\"WebSite\",\"@id\":\"https:\/\/joancerda.com\/de\/#website\",\"url\":\"https:\/\/joancerda.com\/de\/\",\"name\":\"Joan Cerd\u00e0\",\"description\":\"Firma Consultor\u00eda Fiscal\",\"publisher\":{\"@id\":\"https:\/\/joancerda.com\/de\/#organization\"},\"potentialAction\":[{\"@type\":\"SearchAction\",\"target\":{\"@type\":\"EntryPoint\",\"urlTemplate\":\"https:\/\/joancerda.com\/de\/?s={search_term_string}\"},\"query-input\":{\"@type\":\"PropertyValueSpecification\",\"valueRequired\":true,\"valueName\":\"search_term_string\"}}],\"inLanguage\":\"de\"},{\"@type\":\"Organization\",\"@id\":\"https:\/\/joancerda.com\/de\/#organization\",\"name\":\"Joan Cerd\u00e0 Consultor\u00eda Fiscal\",\"url\":\"https:\/\/joancerda.com\/de\/\",\"logo\":{\"@type\":\"ImageObject\",\"inLanguage\":\"de\",\"@id\":\"https:\/\/joancerda.com\/de\/#\/schema\/logo\/image\/\",\"url\":\"https:\/\/joancerda.com\/wp-content\/uploads\/2021\/12\/JoanCerda-Logo-Web-Horizontal-White-scaled.jpg\",\"contentUrl\":\"https:\/\/joancerda.com\/wp-content\/uploads\/2021\/12\/JoanCerda-Logo-Web-Horizontal-White-scaled.jpg\",\"width\":1920,\"height\":415,\"caption\":\"Joan Cerd\u00e0 Consultor\u00eda Fiscal\"},\"image\":{\"@id\":\"https:\/\/joancerda.com\/de\/#\/schema\/logo\/image\/\"}}]}<\/script>\n<!-- \/ Yoast SEO plugin. -->","yoast_head_json":{"title":"Cookie-Richtlinie | Joan Cerd\u00e0","robots":{"index":"index","follow":"follow","max-snippet":"max-snippet:-1","max-image-preview":"max-image-preview:large","max-video-preview":"max-video-preview:-1"},"canonical":"https:\/\/joancerda.com\/de\/cookie-richtlinie\/","og_locale":"de_DE","og_type":"article","og_title":"Cookie-Richtlinie | Joan Cerd\u00e0","og_description":"1. Definition und Funktionen von Cookies.Ein Cookie ist eine Datei, die beim Besuch bestimmter Websites auf den Computer des Nutzers heruntergeladen wird. Cookies erm\u00f6glichen es der Website unter anderem, Informationen \u00fcber das Surfverhalten des Nutzers oder seinen Computer zu speichern und abzurufen. Je nach den enthaltenen Informationen und der Art der Computernutzung k\u00f6nnen sie dazu [&hellip;]","og_url":"https:\/\/joancerda.com\/de\/cookie-richtlinie\/","og_site_name":"Joan Cerd\u00e0","article_modified_time":"2025-12-04T10:40:32+00:00","twitter_card":"summary_large_image","twitter_misc":{"Gesch\u00e4tzte Lesezeit":"4\u00a0Minuten"},"schema":{"@context":"https:\/\/schema.org","@graph":[{"@type":"WebPage","@id":"https:\/\/joancerda.com\/de\/cookie-richtlinie\/","url":"https:\/\/joancerda.com\/de\/cookie-richtlinie\/","name":"Cookie-Richtlinie | Joan Cerd\u00e0","isPartOf":{"@id":"https:\/\/joancerda.com\/de\/#website"},"datePublished":"2025-12-04T10:40:28+00:00","dateModified":"2025-12-04T10:40:32+00:00","breadcrumb":{"@id":"https:\/\/joancerda.com\/de\/cookie-richtlinie\/#breadcrumb"},"inLanguage":"de","potentialAction":[{"@type":"ReadAction","target":["https:\/\/joancerda.com\/de\/cookie-richtlinie\/"]}]},{"@type":"BreadcrumbList","@id":"https:\/\/joancerda.com\/de\/cookie-richtlinie\/#breadcrumb","itemListElement":[{"@type":"ListItem","position":1,"name":"Portada","item":"https:\/\/joancerda.com\/de\/"},{"@type":"ListItem","position":2,"name":"Cookie-Richtlinie"}]},{"@type":"WebSite","@id":"https:\/\/joancerda.com\/de\/#website","url":"https:\/\/joancerda.com\/de\/","name":"Joan Cerd\u00e0","description":"Firma Consultor\u00eda Fiscal","publisher":{"@id":"https:\/\/joancerda.com\/de\/#organization"},"potentialAction":[{"@type":"SearchAction","target":{"@type":"EntryPoint","urlTemplate":"https:\/\/joancerda.com\/de\/?s={search_term_string}"},"query-input":{"@type":"PropertyValueSpecification","valueRequired":true,"valueName":"search_term_string"}}],"inLanguage":"de"},{"@type":"Organization","@id":"https:\/\/joancerda.com\/de\/#organization","name":"Joan Cerd\u00e0 Consultor\u00eda Fiscal","url":"https:\/\/joancerda.com\/de\/","logo":{"@type":"ImageObject","inLanguage":"de","@id":"https:\/\/joancerda.com\/de\/#\/schema\/logo\/image\/","url":"https:\/\/joancerda.com\/wp-content\/uploads\/2021\/12\/JoanCerda-Logo-Web-Horizontal-White-scaled.jpg","contentUrl":"https:\/\/joancerda.com\/wp-content\/uploads\/2021\/12\/JoanCerda-Logo-Web-Horizontal-White-scaled.jpg","width":1920,"height":415,"caption":"Joan Cerd\u00e0 Consultor\u00eda Fiscal"},"image":{"@id":"https:\/\/joancerda.com\/de\/#\/schema\/logo\/image\/"}}]}},"_links":{"self":[{"href":"https:\/\/joancerda.com\/de\/wp-json\/wp\/v2\/pages\/342184","targetHints":{"allow":["GET"]}}],"collection":[{"href":"https:\/\/joancerda.com\/de\/wp-json\/wp\/v2\/pages"}],"about":[{"href":"https:\/\/joancerda.com\/de\/wp-json\/wp\/v2\/types\/page"}],"author":[{"embeddable":true,"href":"https:\/\/joancerda.com\/de\/wp-json\/wp\/v2\/users\/1"}],"replies":[{"embeddable":true,"href":"https:\/\/joancerda.com\/de\/wp-json\/wp\/v2\/comments?post=342184"}],"version-history":[{"count":2,"href":"https:\/\/joancerda.com\/de\/wp-json\/wp\/v2\/pages\/342184\/revisions"}],"predecessor-version":[{"id":342186,"href":"https:\/\/joancerda.com\/de\/wp-json\/wp\/v2\/pages\/342184\/revisions\/342186"}],"wp:attachment":[{"href":"https:\/\/joancerda.com\/de\/wp-json\/wp\/v2\/media?parent=342184"}],"curies":[{"name":"wp","href":"https:\/\/api.w.org\/{rel}","templated":true}]}}