{"id":342190,"date":"2025-12-04T10:56:22","date_gmt":"2025-12-04T10:56:22","guid":{"rendered":"https:\/\/joancerda.com\/datenschutzrichtlinie\/"},"modified":"2025-12-04T10:56:23","modified_gmt":"2025-12-04T10:56:23","slug":"datenschutzrichtlinie","status":"publish","type":"page","link":"https:\/\/joancerda.com\/de\/datenschutzrichtlinie\/","title":{"rendered":"Datenschutzrichtlinie"},"content":{"rendered":"<p>[et_pb_section fb_built=&#8220;1&#8243; fullwidth=&#8220;on&#8220; _builder_version=&#8220;4.16&#8243; _module_preset=&#8220;default&#8220; locked=&#8220;off&#8220; global_colors_info=&#8220;{}&#8220;][et_pb_fullwidth_slider _builder_version=&#8220;4.16&#8243; _module_preset=&#8220;default&#8220; header_font=&#8220;ogg||||||||&#8220; custom_padding=&#8220;30vh||30vh||true|false&#8220; global_colors_info=&#8220;{}&#8220;][et_pb_slide heading=&#8220;Datenschutzrichtlinie&#8220; _builder_version=&#8220;4.16&#8243; _module_preset=&#8220;default&#8220; header_level=&#8220;h1&#8243; header_font=&#8220;||||||||&#8220; header_font_size=&#8220;36px&#8220; header_letter_spacing=&#8220;1px&#8220; body_font=&#8220;|300|||||||&#8220; body_font_size=&#8220;24px&#8220; background_color=&#8220;#152052&#8243; background_enable_color=&#8220;on&#8220; background_enable_image=&#8220;off&#8220; background_size=&#8220;initial&#8220; background_blend=&#8220;multiply&#8220; custom_button=&#8220;on&#8220; button_text_size=&#8220;14px&#8220; button_text_color=&#8220;#F7F7F7&#8243; button_border_color=&#8220;#152052&#8243; button_border_radius=&#8220;0px&#8220; button_font=&#8220;|600||on|||||&#8220; button_use_icon=&#8220;off&#8220; button_custom_margin=&#8220;20px||||false|false&#8220; button_custom_padding=&#8220;12px|40px|12px|40px|true|true&#8220; header_font_size_tablet=&#8220;32px&#8220; header_font_size_phone=&#8220;28px&#8220; header_font_size_last_edited=&#8220;off|desktop&#8220; body_font_size_tablet=&#8220;22px&#8220; body_font_size_phone=&#8220;18px&#8220; body_font_size_last_edited=&#8220;on|desktop&#8220; global_colors_info=&#8220;{}&#8220; button_text_size__hover_enabled=&#8220;on|desktop&#8220; button_text_color__hover=&#8220;#ffffff&#8220; button_text_color__hover_enabled=&#8220;on|hover&#8220; button_bg_color__hover=&#8220;#152052&#8243; button_bg_color__hover_enabled=&#8220;on|hover&#8220; button_border_color__hover=&#8220;#152052&#8243; button_border_color__hover_enabled=&#8220;on|hover&#8220; button_text_size__hover=&#8220;14px&#8220; sticky_transition=&#8220;on&#8220;][\/et_pb_slide][\/et_pb_fullwidth_slider][\/et_pb_section][et_pb_section fb_built=&#8220;1&#8243; module_id=&#8220;Escribenos&#8220; _builder_version=&#8220;4.16&#8243; _module_preset=&#8220;default&#8220; background_color=&#8220;#F7F7F7&#8243; global_colors_info=&#8220;{}&#8220;][et_pb_row _builder_version=&#8220;4.16&#8243; _module_preset=&#8220;default&#8220; locked=&#8220;off&#8220; global_colors_info=&#8220;{}&#8220;][et_pb_column type=&#8220;4_4&#8243; _builder_version=&#8220;4.16&#8243; _module_preset=&#8220;default&#8220; global_colors_info=&#8220;{}&#8220;][et_pb_text _builder_version=&#8220;4.27.4&#8243; _module_preset=&#8220;default&#8220; text_font=&#8220;||||||||&#8220; text_text_color=&#8220;#152052&#8243; text_font_size=&#8220;18px&#8220; text_line_height=&#8220;1.6em&#8220; header_2_font=&#8220;||||||||&#8220; header_3_font=&#8220;|600|||||||&#8220; header_3_text_color=&#8220;#152052&#8243; header_3_font_size=&#8220;24px&#8220; max_width=&#8220;1024px&#8220; module_alignment=&#8220;center&#8220; custom_margin=&#8220;10px||10px||true|false&#8220; custom_padding=&#8220;20px||20px||true|false&#8220; hover_enabled=&#8220;0&#8243; text_font_size_tablet=&#8220;21px&#8220; text_font_size_phone=&#8220;18px&#8220; text_font_size_last_edited=&#8220;on|desktop&#8220; global_colors_info=&#8220;{}&#8220; sticky_enabled=&#8220;0&#8243;]<\/p>\n<p>Der Datenverantwortliche verpflichtet sich zur Einhaltung der Datenschutzbestimmungen und zur Wahrung der Privatsph\u00e4re der Nutzer. Ziel ist es, dem Nutzer den bestm\u00f6glichen Service zu bieten; hierf\u00fcr ist die Erhebung seiner Daten erforderlich.<\/p>\n<p><\/p>\n<h3><strong>1. Verantwortlicher f\u00fcr die Datenverarbeitung<\/strong><\/h3>\n<p><\/p>\n<p>JOAN CERD\u00c1 &amp; ASSOCIATS ASESORES S.L.<br \/>NIF: B57917650<br \/>Adresse: C\/ Jes\u00fas Nr. 18-3\u00ba. 07003. Palma de Mallorca, Balearen<br \/>Telefon: 971 764242<\/p>\n<p><\/p>\n<h3><strong>2. Zwecke und Legitimit\u00e4t<\/strong><\/h3>\n<p><\/p>\n<p><strong>Bearbeitung von Anfragen:<\/strong> Wir beantworten Anfragen von Nutzern, die uns \u00fcber die Formulare oder Kommunikationsmittel auf der Website kontaktieren. Wenn Sie WhatsApp f\u00fcr Anfragen nutzen, willigen Sie ausdr\u00fccklich in die Verarbeitung Ihrer Daten durch diese Anwendung ein. Dies kann die \u00dcbermittlung Ihrer Daten in ein Land au\u00dferhalb der EU beinhalten. Rechtsgrundlage f\u00fcr diese Verarbeitung ist Ihre Einwilligung gem\u00e4\u00df Art. 6 Abs. 1 lit. a DSGVO.<\/p>\n<p><\/p>\n<p><strong>Intranet-Zugang:<\/strong> Verarbeitung der Registrierung als Website-Nutzer zum Zweck der Bereitstellung des Dokumentenmanagementsystems. Rechtsgrundlage f\u00fcr diese Verarbeitung ist die Einwilligung des Nutzers gem\u00e4\u00df Art. 6 Abs. 1 lit. a) DSGVO.<\/p>\n<p><\/p>\n<p><strong>Kommentare:<\/strong> Verwaltung der Kommentare registrierter Nutzer im Blog. Rechtsgrundlage f\u00fcr die Verarbeitung ist die Einwilligung des Nutzers gem\u00e4\u00df Art. 6 Abs. 1 lit. a) DSGVO.<\/p>\n<p><\/p>\n<p><strong>Personalabteilung:<\/strong> Zur Verwaltung des Lebenslaufs des Nutzers, der das Formular als Jobsuchender ausf\u00fcllt. Rechtsgrundlage f\u00fcr die Verarbeitung ist die Einwilligung des Nutzers gem\u00e4\u00df Art. 6 Abs. 1 lit. a) DSGVO.<\/p>\n<p><\/p>\n<p><strong>Browserdaten:<\/strong> Daten, die von Erstanbieter- oder Drittanbieter-Cookies dieser Website erfasst werden, nachdem der Nutzer dar\u00fcber informiert wurde und diese akzeptiert hat. Rechtsgrundlage f\u00fcr die Verarbeitung ist die Einwilligung des Nutzers gem\u00e4\u00df Art. 6 Abs. 1 lit. a DSGVO.<\/p>\n<p><\/p>\n<p><strong>Kommunikationskanal:<\/strong> \u00dcber das Formular des Kommunikationskanals werden Daten sowohl vom Beschwerdef\u00fchrer als auch von betroffenen Dritten erhoben, die f\u00fcr die Verwaltung des internen Beschwerde- und Anregungssystems des Unternehmens erforderlich sind. Nutzer dieses Kanals k\u00f6nnen sich freiwillig identifizieren oder anonym bleiben. Rechtsgrundlage f\u00fcr die Verarbeitung ist die Einwilligung des Nutzers gem\u00e4\u00df Art. 6 Abs. 1 lit. a) DSGVO. Werden \u00fcber den Kommunikationskanal Daten Dritter \u00fcbermittelt, ist die Rechtsgrundlage das \u00f6ffentliche Interesse gem\u00e4\u00df Art. 6 Abs. 1 lit. e) DSGVO.<\/p>\n<p><\/p>\n<p><strong>Kommerzielle Mitteilungen:<\/strong> Nutzer, die diese Option freiwillig w\u00e4hlen, erhalten vom Verantwortlichen f\u00fcr die Datenverarbeitung Werbeaktionen, Angebote, Neuigkeiten, Einladungen zu Veranstaltungen und sonstige kommerzielle Informationen. Rechtsgrundlage f\u00fcr diese Verarbeitung ist die Einwilligung des Nutzers gem\u00e4\u00df Art. 6 Abs. 1 lit. a DSGVO.<\/p>\n<p><\/p>\n<p><strong>Personalisierte Marketingkommunikation:<\/strong> Nutzer, die sich freiwillig daf\u00fcr anmelden, erhalten Werbeaktionen, Angebote, Neuigkeiten, Einladungen zu Veranstaltungen und weitere personalisierte Marketinginformationen, die der Verantwortliche auf Grundlage ihres Verhaltens, ihrer Pr\u00e4ferenzen und ihres pers\u00f6nlichen Profils festlegt. Rechtsgrundlage f\u00fcr diese Verarbeitung ist die Einwilligung des Nutzers gem\u00e4\u00df Art. 6 Abs. 1 lit. a DSGVO.<\/p>\n<p><\/p>\n<p>Der Nutzer kann jederzeit dem Erhalt kommerzieller Mitteilungen widersprechen, indem er eine E-Mail von demselben Konto, \u00fcber das die Mitteilungen empfangen werden, an <a href=\"mailto:info@joancerda.com\">info@joancerda.com<\/a> sendet.<\/p>\n<p><\/p>\n<h3><strong>3. Lagerdauer<\/strong><\/h3>\n<p><\/p>\n<p>Die Daten werden so lange aufbewahrt, wie die Gesch\u00e4ftsbeziehung besteht und ihre L\u00f6schung nicht beantragt wird, und in jedem Fall unter Einhaltung der geltenden gesetzlichen Verj\u00e4hrungsfristen.<\/p>\n<p><\/p>\n<h3><strong>4. Transfers<\/strong><\/h3>\n<p><\/p>\n<p>Es ist nicht geplant, die \u00fcber diese Website erhobenen Daten an Dritte weiterzugeben, sofern im entsprechenden Informationstext nicht ausdr\u00fccklich darauf hingewiesen wird.<\/p>\n<p><\/p>\n<p>Der Betreiber nutzt externe Anbieter, die Cookies verwenden, um die Website-Nutzung zu analysieren und gegebenenfalls verhaltensbasierte Werbung zu schalten. Der Betreiber hat keinen Zugriff auf die durch diese Cookies generierten Daten. Nutzer k\u00f6nnen vorab ausw\u00e4hlen, welche Cookies auf dieser Website gesetzt werden, ihre Einstellungen sp\u00e4ter \u00e4ndern und die Cookie-Richtlinie jederzeit einsehen.<\/p>\n<p><\/p>\n<p>Im Hinblick auf die Verwaltung von Diensten k\u00f6nnen Nutzerdaten von Unternehmen verarbeitet werden, die dem Inhaber verschiedene Dienstleistungen erbringen, darunter Versand, Kurierdienste, Buchhaltung, Beratung, IT-Wartung oder sonstige Dienstleistungen, bei denen der Zugriff auf oder die Verarbeitung dieser Daten aufgrund ihrer Rolle als Datenverarbeiter unerl\u00e4sslich oder unvermeidbar ist. Diese Verarbeitung stellt unter keinen Umst\u00e4nden eine Daten\u00fcbermittlung dar.<\/p>\n<p><\/p>\n<h3><strong>5. Rechte der Beteiligten<\/strong><\/h3>\n<p><\/p>\n<p>Nutzer k\u00f6nnen ihre Rechte auf Auskunft, Berichtigung, L\u00f6schung, Widerspruch, Einschr\u00e4nkung der Verarbeitung, Daten\u00fcbertragbarkeit und das Recht, nicht einer ausschlie\u00dflich auf automatisierter Verarbeitung beruhenden Entscheidung unterworfen zu werden (einschlie\u00dflich Profiling), aus\u00fcben, indem sie eine Anfrage mit dem Betreff \u201eDatenschutz\u201c an folgende Adresse senden: C\/ Jes\u00fas n\u00ba 18, 3\u00ba, 07003 Palma de Mallorca, Balearen, oder per E-Mail an <a href=\"mailto:info@joancerda.com\">info@joancerda.com<\/a> von der angegebenen E-Mail-Adresse. Bitte geben Sie dabei stets Ihre Kontaktdaten an. Sollten Sie der Ansicht sein, dass Ihre Rechte verletzt wurden, k\u00f6nnen Sie eine Beschwerde bei der spanischen Datenschutzbeh\u00f6rde (www.aepd.es) einreichen.<\/p>\n<p><\/p>\n<h3><strong>6. Freitextfelder<\/strong><\/h3>\n<p><\/p>\n<p>Die Freitextfelder in den Formularen der Website dienen ausschlie\u00dflich der Erfassung von Informationen zur Verbesserung der Servicequalit\u00e4t.<\/p>\n<p><\/p>\n<p>Der Nutzer darf in den Freitextfeldern der Website keine personenbezogenen Daten angeben, die eines besonderen Schutzes bed\u00fcrfen. Zu diesen Daten geh\u00f6ren unter anderem Informationen \u00fcber die finanzielle Situation, psychologische Profile, Weltanschauung, Religion, \u00dcberzeugungen, Gewerkschaftszugeh\u00f6rigkeit, Gesundheit, ethnische Herkunft und\/oder das Sexualleben.<\/p>\n<p><\/p>\n<h3><strong>7. Optionale Felder<\/strong><\/h3>\n<p><\/p>\n<p>Der Inhaber weist den Nutzer darauf hin, dass die Angabe bestimmter Daten nicht verpflichtend ist, au\u00dfer in den mit einem Sternchen (*) gekennzeichneten Feldern. Die Nichtbereitstellung dieser Daten kann jedoch die Erbringung aller mit diesen Daten verbundenen Dienste verhindern, wodurch der Inhaber von jeglicher Haftung f\u00fcr die Nichtbereitstellung oder unvollst\u00e4ndige Bereitstellung dieser Dienste befreit wird.<\/p>\n<p><\/p>\n<h3><strong>8. Zugang zu und Berichtigung personenbezogener Daten<\/strong><\/h3>\n<p><\/p>\n<p>Der Nutzer verpflichtet sich, korrekte Angaben zu seinen personenbezogenen Daten zu machen und diese dem Betreiber aktuell zu halten. Der Nutzer tr\u00e4gt in jedem Fall die Verantwortung f\u00fcr die Richtigkeit der angegebenen Daten. Der Betreiber beh\u00e4lt sich das Recht vor, Nutzer, die falsche Daten angegeben haben, von den Diensten auszuschlie\u00dfen, unbeschadet etwaiger weiterer rechtlicher Schritte. Die vom Nutzer angegebenen Daten gelten als korrekt. Sollte der Nutzer jedoch falsche Daten angeben, \u00fcbernimmt der Betreiber keine Haftung f\u00fcr die fehlerhafte oder nicht erfolgte Bearbeitung der Daten sowie f\u00fcr die fehlerhafte Durchf\u00fchrung der erforderlichen administrativen Schritte.<\/p>\n<p><\/p>\n<h3><strong>9. Vertraulichkeit<\/strong><\/h3>\n<p><\/p>\n<p>Des Weiteren gelten alle zwischen den Parteien ausgetauschten Informationen, Informationen, die sie als vertraulich einstufen, sowie Informationen, die sich lediglich auf den Inhalt solcher Informationen beziehen, ebenfalls als vertraulich. Das Einsehen von Daten \u00fcber das Internet stellt keinen direkten Zugriff darauf dar, es sei denn, der Dateneigent\u00fcmer hat in jedem Einzelfall ausdr\u00fccklich seine Einwilligung dazu erteilt.<\/p>\n<p><\/p>\n<h3><strong>10. Fotografien<\/strong><\/h3>\n<p><\/p>\n<p>Gem\u00e4\u00df den geltenden Datenschutzbestimmungen weisen wir darauf hin, dass Fotos von Personen als personenbezogene Daten gelten. Diese Mitteilung informiert Sie dar\u00fcber, dass Fotos von Personen auf dieser Website zu Werbezwecken erscheinen k\u00f6nnen und dass die abgebildeten Personen ihrer Ver\u00f6ffentlichung freiwillig zugestimmt haben. Sollte eine abgebildete Person die Entfernung des Fotos w\u00fcnschen, kontaktieren Sie uns bitte. Wir werden es dann schnellstm\u00f6glich entfernen. Diese Regelung gilt nicht f\u00fcr Personen, die Dienstleistungen professionell erbracht haben.<\/p>\n<p><\/p>\n<p>Der Nutzer darf in den von der Website als \u201eFreitextfelder\u201c angebotenen Bereichen keine personenbezogenen Daten angeben, die als Daten eingestuft werden k\u00f6nnen, f\u00fcr die ein besonderes Schutzniveau erforderlich ist; zu diesen Daten geh\u00f6ren beispielsweise, aber nicht ausschlie\u00dflich, solche, die sich auf die wirtschaftlich-finanzielle Situation, psychologische Profile, Ideologie, Religion, \u00dcberzeugungen, Gewerkschaftszugeh\u00f6rigkeit, Gesundheit, rassische Herkunft und\/oder das Sexualleben beziehen.<\/p>\n<p>[\/et_pb_text][\/et_pb_column][\/et_pb_row][\/et_pb_section]<\/p>\n","protected":false},"excerpt":{"rendered":"<p>Der Datenverantwortliche verpflichtet sich zur Einhaltung der Datenschutzbestimmungen und zur Wahrung der Privatsph\u00e4re der Nutzer. Ziel ist es, dem Nutzer den bestm\u00f6glichen Service zu bieten; hierf\u00fcr ist die Erhebung seiner Daten erforderlich.1. Verantwortlicher f\u00fcr die DatenverarbeitungJOAN CERD\u00c1 &amp; ASSOCIATS ASESORES S.L.NIF: B57917650Adresse: C\/ Jes\u00fas Nr. 18-3\u00ba. 07003. Palma de Mallorca, BalearenTelefon: 971 7642422. Zwecke und [&hellip;]<\/p>\n","protected":false},"author":1,"featured_media":0,"parent":0,"menu_order":0,"comment_status":"closed","ping_status":"closed","template":"","meta":{"_et_pb_use_builder":"on","_et_pb_old_content":"","_et_gb_content_width":"","inline_featured_image":false,"footnotes":""},"class_list":["post-342190","page","type-page","status-publish","hentry"],"yoast_head":"<!-- This site is optimized with the Yoast SEO plugin v27.1.1 - https:\/\/yoast.com\/product\/yoast-seo-wordpress\/ -->\n<title>Datenschutzrichtlinie | Joan Cerd\u00e0<\/title>\n<meta name=\"robots\" content=\"index, follow, max-snippet:-1, max-image-preview:large, max-video-preview:-1\" \/>\n<link rel=\"canonical\" href=\"https:\/\/joancerda.com\/de\/datenschutzrichtlinie\/\" \/>\n<meta property=\"og:locale\" content=\"de_DE\" \/>\n<meta property=\"og:type\" content=\"article\" \/>\n<meta property=\"og:title\" content=\"Datenschutzrichtlinie | Joan Cerd\u00e0\" \/>\n<meta property=\"og:description\" content=\"Der Datenverantwortliche verpflichtet sich zur Einhaltung der Datenschutzbestimmungen und zur Wahrung der Privatsph\u00e4re der Nutzer. Ziel ist es, dem Nutzer den bestm\u00f6glichen Service zu bieten; hierf\u00fcr ist die Erhebung seiner Daten erforderlich.1. Verantwortlicher f\u00fcr die DatenverarbeitungJOAN CERD\u00c1 &amp; ASSOCIATS ASESORES S.L.NIF: B57917650Adresse: C\/ Jes\u00fas Nr. 18-3\u00ba. 07003. Palma de Mallorca, BalearenTelefon: 971 7642422. Zwecke und [&hellip;]\" \/>\n<meta property=\"og:url\" content=\"https:\/\/joancerda.com\/de\/datenschutzrichtlinie\/\" \/>\n<meta property=\"og:site_name\" content=\"Joan Cerd\u00e0\" \/>\n<meta property=\"article:modified_time\" content=\"2025-12-04T10:56:23+00:00\" \/>\n<meta name=\"twitter:card\" content=\"summary_large_image\" \/>\n<meta name=\"twitter:label1\" content=\"Gesch\u00e4tzte Lesezeit\" \/>\n\t<meta name=\"twitter:data1\" content=\"7\u00a0Minuten\" \/>\n<script type=\"application\/ld+json\" class=\"yoast-schema-graph\">{\"@context\":\"https:\/\/schema.org\",\"@graph\":[{\"@type\":\"WebPage\",\"@id\":\"https:\/\/joancerda.com\/de\/datenschutzrichtlinie\/\",\"url\":\"https:\/\/joancerda.com\/de\/datenschutzrichtlinie\/\",\"name\":\"Datenschutzrichtlinie | Joan Cerd\u00e0\",\"isPartOf\":{\"@id\":\"https:\/\/joancerda.com\/de\/#website\"},\"datePublished\":\"2025-12-04T10:56:22+00:00\",\"dateModified\":\"2025-12-04T10:56:23+00:00\",\"breadcrumb\":{\"@id\":\"https:\/\/joancerda.com\/de\/datenschutzrichtlinie\/#breadcrumb\"},\"inLanguage\":\"de\",\"potentialAction\":[{\"@type\":\"ReadAction\",\"target\":[\"https:\/\/joancerda.com\/de\/datenschutzrichtlinie\/\"]}]},{\"@type\":\"BreadcrumbList\",\"@id\":\"https:\/\/joancerda.com\/de\/datenschutzrichtlinie\/#breadcrumb\",\"itemListElement\":[{\"@type\":\"ListItem\",\"position\":1,\"name\":\"Portada\",\"item\":\"https:\/\/joancerda.com\/de\/\"},{\"@type\":\"ListItem\",\"position\":2,\"name\":\"Datenschutzrichtlinie\"}]},{\"@type\":\"WebSite\",\"@id\":\"https:\/\/joancerda.com\/de\/#website\",\"url\":\"https:\/\/joancerda.com\/de\/\",\"name\":\"Joan Cerd\u00e0\",\"description\":\"Firma Consultor\u00eda Fiscal\",\"publisher\":{\"@id\":\"https:\/\/joancerda.com\/de\/#organization\"},\"potentialAction\":[{\"@type\":\"SearchAction\",\"target\":{\"@type\":\"EntryPoint\",\"urlTemplate\":\"https:\/\/joancerda.com\/de\/?s={search_term_string}\"},\"query-input\":{\"@type\":\"PropertyValueSpecification\",\"valueRequired\":true,\"valueName\":\"search_term_string\"}}],\"inLanguage\":\"de\"},{\"@type\":\"Organization\",\"@id\":\"https:\/\/joancerda.com\/de\/#organization\",\"name\":\"Joan Cerd\u00e0 Consultor\u00eda Fiscal\",\"url\":\"https:\/\/joancerda.com\/de\/\",\"logo\":{\"@type\":\"ImageObject\",\"inLanguage\":\"de\",\"@id\":\"https:\/\/joancerda.com\/de\/#\/schema\/logo\/image\/\",\"url\":\"https:\/\/joancerda.com\/wp-content\/uploads\/2021\/12\/JoanCerda-Logo-Web-Horizontal-White-scaled.jpg\",\"contentUrl\":\"https:\/\/joancerda.com\/wp-content\/uploads\/2021\/12\/JoanCerda-Logo-Web-Horizontal-White-scaled.jpg\",\"width\":1920,\"height\":415,\"caption\":\"Joan Cerd\u00e0 Consultor\u00eda Fiscal\"},\"image\":{\"@id\":\"https:\/\/joancerda.com\/de\/#\/schema\/logo\/image\/\"}}]}<\/script>\n<!-- \/ Yoast SEO plugin. -->","yoast_head_json":{"title":"Datenschutzrichtlinie | Joan Cerd\u00e0","robots":{"index":"index","follow":"follow","max-snippet":"max-snippet:-1","max-image-preview":"max-image-preview:large","max-video-preview":"max-video-preview:-1"},"canonical":"https:\/\/joancerda.com\/de\/datenschutzrichtlinie\/","og_locale":"de_DE","og_type":"article","og_title":"Datenschutzrichtlinie | Joan Cerd\u00e0","og_description":"Der Datenverantwortliche verpflichtet sich zur Einhaltung der Datenschutzbestimmungen und zur Wahrung der Privatsph\u00e4re der Nutzer. Ziel ist es, dem Nutzer den bestm\u00f6glichen Service zu bieten; hierf\u00fcr ist die Erhebung seiner Daten erforderlich.1. Verantwortlicher f\u00fcr die DatenverarbeitungJOAN CERD\u00c1 &amp; ASSOCIATS ASESORES S.L.NIF: B57917650Adresse: C\/ Jes\u00fas Nr. 18-3\u00ba. 07003. Palma de Mallorca, BalearenTelefon: 971 7642422. Zwecke und [&hellip;]","og_url":"https:\/\/joancerda.com\/de\/datenschutzrichtlinie\/","og_site_name":"Joan Cerd\u00e0","article_modified_time":"2025-12-04T10:56:23+00:00","twitter_card":"summary_large_image","twitter_misc":{"Gesch\u00e4tzte Lesezeit":"7\u00a0Minuten"},"schema":{"@context":"https:\/\/schema.org","@graph":[{"@type":"WebPage","@id":"https:\/\/joancerda.com\/de\/datenschutzrichtlinie\/","url":"https:\/\/joancerda.com\/de\/datenschutzrichtlinie\/","name":"Datenschutzrichtlinie | Joan Cerd\u00e0","isPartOf":{"@id":"https:\/\/joancerda.com\/de\/#website"},"datePublished":"2025-12-04T10:56:22+00:00","dateModified":"2025-12-04T10:56:23+00:00","breadcrumb":{"@id":"https:\/\/joancerda.com\/de\/datenschutzrichtlinie\/#breadcrumb"},"inLanguage":"de","potentialAction":[{"@type":"ReadAction","target":["https:\/\/joancerda.com\/de\/datenschutzrichtlinie\/"]}]},{"@type":"BreadcrumbList","@id":"https:\/\/joancerda.com\/de\/datenschutzrichtlinie\/#breadcrumb","itemListElement":[{"@type":"ListItem","position":1,"name":"Portada","item":"https:\/\/joancerda.com\/de\/"},{"@type":"ListItem","position":2,"name":"Datenschutzrichtlinie"}]},{"@type":"WebSite","@id":"https:\/\/joancerda.com\/de\/#website","url":"https:\/\/joancerda.com\/de\/","name":"Joan Cerd\u00e0","description":"Firma Consultor\u00eda Fiscal","publisher":{"@id":"https:\/\/joancerda.com\/de\/#organization"},"potentialAction":[{"@type":"SearchAction","target":{"@type":"EntryPoint","urlTemplate":"https:\/\/joancerda.com\/de\/?s={search_term_string}"},"query-input":{"@type":"PropertyValueSpecification","valueRequired":true,"valueName":"search_term_string"}}],"inLanguage":"de"},{"@type":"Organization","@id":"https:\/\/joancerda.com\/de\/#organization","name":"Joan Cerd\u00e0 Consultor\u00eda Fiscal","url":"https:\/\/joancerda.com\/de\/","logo":{"@type":"ImageObject","inLanguage":"de","@id":"https:\/\/joancerda.com\/de\/#\/schema\/logo\/image\/","url":"https:\/\/joancerda.com\/wp-content\/uploads\/2021\/12\/JoanCerda-Logo-Web-Horizontal-White-scaled.jpg","contentUrl":"https:\/\/joancerda.com\/wp-content\/uploads\/2021\/12\/JoanCerda-Logo-Web-Horizontal-White-scaled.jpg","width":1920,"height":415,"caption":"Joan Cerd\u00e0 Consultor\u00eda Fiscal"},"image":{"@id":"https:\/\/joancerda.com\/de\/#\/schema\/logo\/image\/"}}]}},"_links":{"self":[{"href":"https:\/\/joancerda.com\/de\/wp-json\/wp\/v2\/pages\/342190","targetHints":{"allow":["GET"]}}],"collection":[{"href":"https:\/\/joancerda.com\/de\/wp-json\/wp\/v2\/pages"}],"about":[{"href":"https:\/\/joancerda.com\/de\/wp-json\/wp\/v2\/types\/page"}],"author":[{"embeddable":true,"href":"https:\/\/joancerda.com\/de\/wp-json\/wp\/v2\/users\/1"}],"replies":[{"embeddable":true,"href":"https:\/\/joancerda.com\/de\/wp-json\/wp\/v2\/comments?post=342190"}],"version-history":[{"count":2,"href":"https:\/\/joancerda.com\/de\/wp-json\/wp\/v2\/pages\/342190\/revisions"}],"predecessor-version":[{"id":342192,"href":"https:\/\/joancerda.com\/de\/wp-json\/wp\/v2\/pages\/342190\/revisions\/342192"}],"wp:attachment":[{"href":"https:\/\/joancerda.com\/de\/wp-json\/wp\/v2\/media?parent=342190"}],"curies":[{"name":"wp","href":"https:\/\/api.w.org\/{rel}","templated":true}]}}