{"id":338599,"date":"2022-02-18T10:59:52","date_gmt":"2022-02-18T10:59:52","guid":{"rendered":"https:\/\/joancerda.com\/team\/"},"modified":"2026-02-04T08:05:00","modified_gmt":"2026-02-04T08:05:00","slug":"team","status":"publish","type":"page","link":"https:\/\/joancerda.com\/en\/team\/","title":{"rendered":"Team"},"content":{"rendered":"<p>[et_pb_section fb_built=&#8221;1&#8243; _builder_version=&#8221;4.16&#8243; _module_preset=&#8221;default&#8221; background_color=&#8221;#F3F2EF&#8221; background_enable_image=&#8221;off&#8221; background_size=&#8221;contain&#8221; background_position=&#8221;center_right&#8221; custom_padding=&#8221;120px||120px||true|false&#8221; locked=&#8221;off&#8221; global_colors_info=&#8221;{}&#8221;][et_pb_row _builder_version=&#8221;4.16&#8243; _module_preset=&#8221;default&#8221; width_tablet=&#8221;&#8221; width_phone=&#8221;90%&#8221; width_last_edited=&#8221;on|phone&#8221; max_width=&#8221;1400px&#8221; custom_margin=&#8221;|auto|8vh|auto|false|false&#8221; global_colors_info=&#8221;{}&#8221;][et_pb_column type=&#8221;4_4&#8243; _builder_version=&#8221;4.16&#8243; _module_preset=&#8221;default&#8221; global_colors_info=&#8221;{}&#8221;][et_pb_text _builder_version=&#8221;4.16&#8243; _module_preset=&#8221;default&#8221; header_3_font=&#8221;Lato|700|||||||&#8221; header_3_text_color=&#8221;#152052&#8243; header_3_font_size=&#8221;18px&#8221; header_3_letter_spacing=&#8221;2.5px&#8221; header_4_font=&#8221;|700|||||||&#8221; header_4_text_color=&#8221;#152052&#8243; header_4_letter_spacing=&#8221;2.5px&#8221; custom_margin=&#8221;||15px||false|false&#8221; custom_padding=&#8221;||||false|false&#8221; header_3_font_size_tablet=&#8221;16px&#8221; header_3_font_size_phone=&#8221;14px&#8221; header_3_font_size_last_edited=&#8221;on|tablet&#8221; locked=&#8221;off&#8221; global_colors_info=&#8221;{}&#8221;]<\/p>\n<h3 style=\"text-align: center;\">TEAM<\/h3>\n<p>[\/et_pb_text][et_pb_text _builder_version=&#8221;4.16&#8243; _module_preset=&#8221;default&#8221; text_font=&#8221;ogg||||||||&#8221; text_text_color=&#8221;#152052&#8243; text_font_size=&#8221;56px&#8221; text_letter_spacing=&#8221;0.2px&#8221; text_line_height=&#8221;1em&#8221; header_font=&#8221;ogg||||||||&#8221; header_text_color=&#8221;#152052&#8243; header_font_size=&#8221;56px&#8221; header_4_font=&#8221;|700|||||||&#8221; header_4_text_color=&#8221;#00C6DA&#8221; header_4_letter_spacing=&#8221;2.5px&#8221; custom_margin=&#8221;||||false|false&#8221; custom_padding=&#8221;||||false|false&#8221; custom_padding_tablet=&#8221;||30px||false|false&#8221; custom_padding_phone=&#8221;||30px||false|false&#8221; custom_padding_last_edited=&#8221;on|phone&#8221; text_font_size_tablet=&#8221;50px&#8221; text_font_size_phone=&#8221;42px&#8221; text_font_size_last_edited=&#8221;on|phone&#8221; header_font_size_tablet=&#8221;52px&#8221; header_font_size_phone=&#8221;48px&#8221; header_font_size_last_edited=&#8221;on|phone&#8221; global_colors_info=&#8221;{}&#8221;]<\/p>\n<h1 style=\"text-align: center;\">Excellence can only be achieved with a great team and by being true to your values<\/h1>\n<p>[\/et_pb_text][et_pb_button button_url=&#8221;#Conocenos&#8221; button_text=&#8221;GET TO KNOW US&#8221; button_alignment=&#8221;center&#8221; _builder_version=&#8221;4.16&#8243; _module_preset=&#8221;default&#8221; custom_button=&#8221;on&#8221; button_text_size=&#8221;14px&#8221; button_text_color=&#8221;#00C6DA&#8221; button_border_width=&#8221;0px&#8221; button_border_color=&#8221;RGBA(255,255,255,0)&#8221; button_border_radius=&#8221;0px&#8221; button_letter_spacing=&#8221;1px&#8221; button_font=&#8221;|600|||||||&#8221; button_icon=&#8221;&#x22;||divi||400&#8243; button_icon_color=&#8221;#00C6DA&#8221; button_on_hover=&#8221;off&#8221; custom_margin=&#8221;20px||||false|false&#8221; custom_padding=&#8221;12px|45px|12px|45px|true|true&#8221; locked=&#8221;off&#8221; global_colors_info=&#8221;{}&#8221; button_text_size__hover_enabled=&#8221;on|hover&#8221; button_text_color__hover_enabled=&#8221;on|hover&#8221; button_text_color__hover=&#8221;#152052&#8243; button_bg_color__hover_enabled=&#8221;on|desktop&#8221; button_bg_color__hover=&#8221;RGBA(255,255,255,0)&#8221; button_bg_enable_color__hover=&#8221;on&#8221; button_border_color__hover_enabled=&#8221;on|hover&#8221; button_border_color__hover=&#8221;#152052&#8243; button_text_size__hover=&#8221;14px&#8221; button_icon_color__hover_enabled=&#8221;on|desktop&#8221; button_icon_color__hover=&#8221;#152052&#8243; button_letter_spacing__hover_enabled=&#8221;on|hover&#8221; button_letter_spacing__hover=&#8221;1.5px&#8221;][\/et_pb_button][\/et_pb_column][\/et_pb_row][et_pb_row module_id=&#8221;Conocenos&#8221; _builder_version=&#8221;4.16&#8243; _module_preset=&#8221;default&#8221; global_colors_info=&#8221;{}&#8221;][et_pb_column type=&#8221;4_4&#8243; _builder_version=&#8221;4.16&#8243; _module_preset=&#8221;default&#8221; global_colors_info=&#8221;{}&#8221;][et_pb_filterable_portfolio fullwidth=&#8221;off&#8221; posts_number=&#8221;50&#8243; zoom_icon_color=&#8221;RGBA(255,255,255,0)&#8221; hover_overlay_color=&#8221;RGBA(255,255,255,0)&#8221; module_id=&#8221;equipos&#8221; module_class=&#8221;three-column-grid&#8221; _builder_version=&#8221;4.21.0&#8243; _module_preset=&#8221;default&#8221; title_font=&#8221;ogg|700|||||||&#8221; title_text_align=&#8221;left&#8221; title_text_color=&#8221;#F7F7F7&#8243; title_font_size=&#8221;20px&#8221; title_letter_spacing=&#8221;0.5px&#8221; title_line_height=&#8221;1.2em&#8221; caption_font=&#8221;Lato||||||||&#8221; caption_text_align=&#8221;left&#8221; caption_text_color=&#8221;#00C6DA&#8221; caption_font_size=&#8221;14px&#8221; caption_line_height=&#8221;1.2em&#8221; pagination_font=&#8221;Lato|||on|||||&#8221; pagination_text_align=&#8221;left&#8221; pagination_text_color=&#8221;#152052&#8243; pagination_font_size=&#8221;14px&#8221; pagination_letter_spacing=&#8221;0.5px&#8221; text_orientation=&#8221;center&#8221; custom_margin=&#8221;||||false|false&#8221; custom_padding=&#8221;||||false|false&#8221; title_font_size_tablet=&#8221;18px&#8221; title_font_size_phone=&#8221;16px&#8221; title_font_size_last_edited=&#8221;on|phone&#8221; caption_font_size_tablet=&#8221;14px&#8221; caption_font_size_phone=&#8221;12px&#8221; caption_font_size_last_edited=&#8221;on|phone&#8221; custom_css_overlay=&#8221;||  -webkit-filter: grayscale(100%); \/* Safari 6.0 &#8211; 9.0 *\/||  filter: grayscale(100%);||&#8221; custom_css_portfolio_pagination_active=&#8221;color: #00C6DA!important;||background: #152052;||padding: 5px 9px 5px 9px;||border-radius: 30px;&#8221; border_radii_image=&#8221;on|6px|6px|6px|6px&#8221; box_shadow_style_image=&#8221;preset2&#8243; box_shadow_blur_image=&#8221;15px&#8221; box_shadow_color_image=&#8221;RGBA(255,255,255,0)&#8221; global_colors_info=&#8221;{}&#8221; pagination_text_color__hover_enabled=&#8221;off|hover&#8221; pagination_text_color__hover=&#8221;#00C6DA&#8221;][\/et_pb_filterable_portfolio][\/et_pb_column][\/et_pb_row][\/et_pb_section][et_pb_section fb_built=&#8221;1&#8243; admin_label=&#8221;M\u00f3dulo botones flotantes&#8221; _builder_version=&#8221;4.27.4&#8243; _module_preset=&#8221;default&#8221; custom_margin=&#8221;0px||0px||false|false&#8221; custom_padding=&#8221;0px||0px||false|false&#8221; locked=&#8221;off&#8221; collapsed=&#8221;off&#8221; global_colors_info=&#8221;{}&#8221;][et_pb_row _builder_version=&#8221;4.27.4&#8243; _module_preset=&#8221;default&#8221; custom_margin=&#8221;0px||0px||false|false&#8221; custom_padding=&#8221;0px||0px||false|false&#8221; global_colors_info=&#8221;{}&#8221;][et_pb_column type=&#8221;4_4&#8243; _builder_version=&#8221;4.27.4&#8243; _module_preset=&#8221;default&#8221; global_colors_info=&#8221;{}&#8221;][et_pb_code _builder_version=&#8221;4.27.4&#8243; _module_preset=&#8221;default&#8221; custom_margin=&#8221;0px||0px||false|false&#8221; custom_padding=&#8221;0px||0px||false|false&#8221; custom_css_main_element=&#8221;.floating-contact-buttons {||  position: fixed;||  top: 40%;||  left: 0;||  display: flex;||  flex-direction: column;||  gap: 12px;||  z-index: 9999;||}||||.floating-btn {||  display: flex;||  align-items: center;||  padding: 12px;||  background-color: #00c6da; \/* por defecto rojo *\/||  color: #fff;||  text-decoration: none;||  border-radius: 0 30px 30px 0;||  overflow: hidden;||  width: 50px;||  transition: width 0.3s ease;||  white-space: nowrap;||}||||.floating-btn .text {||  margin-left: 10px;||  opacity: 0;||  transition: opacity 0.3s ease;||  font-size: 16px;||  font-family: &#8216;Lato&#8217;, sans-serif;||  font-weight: 700; \/* Bold *\/||  letter-spacing: -0.5px;||}||||.floating-btn:hover {||  width: 180px;||}||||.floating-btn:hover .text {||  opacity: 1;||}||||\/* Colores espec\u00edficos *\/||.floating-btn.email {||  background-color: #333;||}||.floating-btn.email:hover {||  background-color: #000;||}&#8221; custom_css_free_form=&#8221;\/* &#8212;&#8212;&#8212;- Posicionamiento general &#8212;&#8212;&#8212;- *\/||.floating-contact-buttons{||  position: fixed;||  right: 20px;||  bottom: 20px;||  display: flex;||  flex-direction: column;||  gap: 14px;||  z-index: 9999;||}||||\/* &#8212;&#8212;&#8212;- Bot\u00f3n base &#8212;&#8212;&#8212;- *\/||.floating-btn{||  display: flex;||  align-items: center;||                  \/* separaci\u00f3n icono-texto *\/||  padding: 10px 14px;||  border-radius: 30px;||  text-decoration: none;||  color: #fff;||  font-family: sans-serif;||  font-weight: 600;||  overflow: hidden;             \/* oculta el texto antes de desplegar *\/||  transition: max-width .3s ease, opacity .3s ease;||  max-width: 48px;              \/* solo icono visible al principio *\/||}||||\/* Colores de cada acci\u00f3n *\/||.floating-btn.phone  { background:#00c7d9; }||.floating-btn.email  { background:#333;   }||||\/* &#8212;&#8212;&#8212;- Texto que se despliega &#8212;&#8212;&#8212;- *\/||.floating-btn .text{||  white-space: nowrap;||  opacity: 0;||}||||\/* \u2500\u2500\u2500\u2500\u2500\u2500\u2500\u2500\u2500\u2500\u2500\u2500\u2500\u2500\u2500\u2500\u2500\u2500\u2500\u2500\u2500\u2500\u2500\u2500\u2500\u2500\u2500\u2500\u2500\u2500\u2500\u2500 *\/||\/* 1. SOLO para dispositivos con RAT\u00d3N (hover &#038; pointer:fine)||      aqu\u00ed S\u00cd mostramos la animaci\u00f3n                *\/||\/* \u2500\u2500\u2500\u2500\u2500\u2500\u2500\u2500\u2500\u2500\u2500\u2500\u2500\u2500\u2500\u2500\u2500\u2500\u2500\u2500\u2500\u2500\u2500\u2500\u2500\u2500\u2500\u2500\u2500\u2500\u2500\u2500 *\/||@media (hover:hover) and (pointer:fine){||  .floating-btn:hover{||    max-width: 220px;           \/* ancho suficiente para el texto *\/||  }||  .floating-btn:hover .text{||    opacity: 1;||  }||}||||\/* \u2500\u2500\u2500\u2500\u2500\u2500\u2500\u2500\u2500\u2500\u2500\u2500\u2500\u2500\u2500\u2500\u2500\u2500\u2500\u2500\u2500\u2500\u2500\u2500\u2500\u2500\u2500\u2500\u2500\u2500\u2500\u2500 *\/||\/* 2. Pantallas T\u00c1CTILES (hover:none  &#038;  pointer:coarse)||      \u2192 desactivamos la animaci\u00f3n y||        dejamos el bot\u00f3n \u201cfijo\u201d               *\/||\/* \u2500\u2500\u2500\u2500\u2500\u2500\u2500\u2500\u2500\u2500\u2500\u2500\u2500\u2500\u2500\u2500\u2500\u2500\u2500\u2500\u2500\u2500\u2500\u2500\u2500\u2500\u2500\u2500\u2500\u2500\u2500\u2500 *\/||@media (hover:none) and (pointer:coarse){||  \/* Opci\u00f3n A: que se vean solo los iconos||     (quedan \u2018fijos\u2019 tal como pides)        *\/||  .floating-btn{||    max-width: 48px;            \/* no se desplegar\u00e1 nunca *\/||  }||  .floating-btn .text{||    display: none;              \/* ocultamos totalmente el texto *\/||  }||||  \/* Si prefieres que en m\u00f3vil se vea SIEMPRE el texto,||     comenta el bloque anterior y descomenta este:     *\/||  \/*||  .floating-btn{||    max-width: 220px;||  }||  .floating-btn .text{||    opacity: 1;||  }||  *\/||}||&#8221; global_colors_info=&#8221;{}&#8221;]<\/p>\n<div class=\"floating-contact-buttons\"><!-- [et_pb_line_break_holder] -->  <!-- Tel\u00e9fono --><!-- [et_pb_line_break_holder] -->  <a href=\"tel:+34971764242\" class=\"floating-btn phone\"><!-- [et_pb_line_break_holder] -->    <i class=\"fas fa-phone-alt\"><\/i><!-- [et_pb_line_break_holder] -->    <span class=\"text\">+34 971 76 42 42<\/span><!-- [et_pb_line_break_holder] -->  <\/a><!-- [et_pb_line_break_holder] --><!-- [et_pb_line_break_holder] -->  <!-- Email --><!-- [et_pb_line_break_holder] -->  <a href=\"mailto:info@tudominio.com\" class=\"floating-btn email\"><!-- [et_pb_line_break_holder] -->    <i class=\"fas fa-envelope\"><\/i><!-- [et_pb_line_break_holder] -->    <span class=\"text\">info@joancerda.com<\/span><!-- [et_pb_line_break_holder] -->  <\/a><!-- [et_pb_line_break_holder] --><\/div>\n<p><!-- [et_pb_line_break_holder] -->[\/et_pb_code][\/et_pb_column][\/et_pb_row][\/et_pb_section][et_pb_section fb_built=&#8221;1&#8243; admin_label=&#8221;Contact Banner&#8221; _builder_version=&#8221;4.27.5&#8243; _module_preset=&#8221;default&#8221; background_color=&#8221;rgba(21,32,82,0.4)&#8221; background_image=&#8221;https:\/\/joancerda.com\/wp-content\/uploads\/2026\/01\/Img_Contacto_Joan_Cerda.jpg&#8221; background_blend=&#8221;multiply&#8221; custom_padding=&#8221;110px||110px||true|false&#8221; global_colors_info=&#8221;{}&#8221; locked=&#8221;off&#8221;][et_pb_row _builder_version=&#8221;4.16&#8243; _module_preset=&#8221;default&#8221; max_width=&#8221;1400px&#8221; global_colors_info=&#8221;{}&#8221;][et_pb_column type=&#8221;4_4&#8243; _builder_version=&#8221;4.16&#8243; _module_preset=&#8221;default&#8221; global_colors_info=&#8221;{}&#8221;][et_pb_text _builder_version=&#8221;4.27.5&#8243; _module_preset=&#8221;default&#8221; header_font=&#8221;|600|||||||&#8221; header_3_font=&#8221;Lato|700|||||||&#8221; header_3_text_color=&#8221;#F7F7F7&#8243; header_3_font_size=&#8221;14px&#8221; header_3_letter_spacing=&#8221;0.5px&#8221; header_4_font=&#8221;|700|||||||&#8221; header_4_text_color=&#8221;#00C6DA&#8221; header_4_letter_spacing=&#8221;2.5px&#8221; custom_margin=&#8221;||1%||false|false&#8221; custom_padding=&#8221;||||false|false&#8221; header_3_font_size_tablet=&#8221;16px&#8221; header_3_font_size_phone=&#8221;14px&#8221; header_3_font_size_last_edited=&#8221;on|desktop&#8221; global_colors_info=&#8221;{}&#8221;]<\/p>\n<h3><span class=\"s1\">HELP &amp; SUPPORT<\/span><\/h3>\n<p>[\/et_pb_text][et_pb_text _builder_version=&#8221;4.27.5&#8243; _module_preset=&#8221;default&#8221; text_font=&#8221;ogg||||||||&#8221; text_text_color=&#8221;#152052&#8243; text_font_size=&#8221;56px&#8221; text_letter_spacing=&#8221;0.2px&#8221; text_line_height=&#8221;1em&#8221; header_text_color=&#8221;#00C6DA&#8221; header_2_font=&#8221;ogg||||||||&#8221; header_2_text_color=&#8221;#152052&#8243; header_2_font_size=&#8221;56px&#8221; header_4_font=&#8221;|700|||||||&#8221; header_4_text_color=&#8221;#00C6DA&#8221; header_4_letter_spacing=&#8221;2.5px&#8221; custom_margin=&#8221;||15px||false|false&#8221; custom_padding=&#8221;||||false|false&#8221; custom_padding_tablet=&#8221;||30px||false|false&#8221; custom_padding_phone=&#8221;||30px||false|false&#8221; custom_padding_last_edited=&#8221;on|phone&#8221; text_font_size_tablet=&#8221;50px&#8221; text_font_size_phone=&#8221;42px&#8221; text_font_size_last_edited=&#8221;on|phone&#8221; header_2_font_size_tablet=&#8221;52px&#8221; header_2_font_size_phone=&#8221;48px&#8221; header_2_font_size_last_edited=&#8221;on|desktop&#8221; global_colors_info=&#8221;{}&#8221;]<\/p>\n<h2><strong>Contact Us<\/strong><\/h2>\n<p>[\/et_pb_text][et_pb_text _builder_version=&#8221;4.27.5&#8243; _module_preset=&#8221;default&#8221; text_font=&#8221;||||||||&#8221; text_text_color=&#8221;#ffffff&#8221; text_font_size=&#8221;26px&#8221; text_letter_spacing=&#8221;0.2px&#8221; text_line_height=&#8221;1.2em&#8221; header_2_font=&#8221;||||||||&#8221; width=&#8221;450px&#8221; width_tablet=&#8221;450px&#8221; width_phone=&#8221;320px&#8221; width_last_edited=&#8221;on|tablet&#8221; module_alignment=&#8221;left&#8221; custom_margin=&#8221;||15px||false|false&#8221; custom_padding=&#8221;||0px||false|false&#8221; text_font_size_tablet=&#8221;22px&#8221; text_font_size_phone=&#8221;18px&#8221; text_font_size_last_edited=&#8221;on|phone&#8221; locked=&#8221;off&#8221; global_colors_info=&#8221;{}&#8221;]<\/p>\n<p class=\"p1\"><span class=\"s1\">We will be happy to<br \/>answer your queries<\/span><\/p>\n<p>[\/et_pb_text][et_pb_button button_url=&#8221;https:\/\/joancerda.com\/en\/contact\/#Escribenos&#8221; button_text=&#8221;CONTACT US&#8221; _builder_version=&#8221;4.16&#8243; _module_preset=&#8221;default&#8221; custom_button=&#8221;on&#8221; button_text_size=&#8221;14px&#8221; button_text_color=&#8221;#F7F7F7&#8243; button_bg_color=&#8221;#152052&#8243; button_border_color=&#8221;#152052&#8243; button_border_radius=&#8221;0px&#8221; button_letter_spacing=&#8221;1.5px&#8221; button_font=&#8221;|600|||||||&#8221; button_use_icon=&#8221;off&#8221; custom_margin=&#8221;40px||||false|false&#8221; custom_padding=&#8221;12px|45px|12px|45px|true|true&#8221; global_colors_info=&#8221;{}&#8221; button_text_size__hover_enabled=&#8221;on|desktop&#8221; button_text_color__hover_enabled=&#8221;on|hover&#8221; button_text_color__hover=&#8221;#ffffff&#8221; button_bg_color__hover_enabled=&#8221;on|desktop&#8221; button_bg_color__hover=&#8221;RGBA(255,255,255,0)&#8221; button_bg_enable_color__hover=&#8221;on&#8221; button_border_color__hover_enabled=&#8221;on|hover&#8221; button_border_color__hover=&#8221;#152052&#8243; button_text_size__hover=&#8221;14px&#8221;][\/et_pb_button][\/et_pb_column][\/et_pb_row][\/et_pb_section]<\/p>\n","protected":false},"excerpt":{"rendered":"<p>TEAMExcellence can only be achieved with a great team and by being true to your valuesHELP &amp; SUPPORTContact UsWe will be happy toanswer your queries<\/p>\n","protected":false},"author":1,"featured_media":0,"parent":0,"menu_order":0,"comment_status":"closed","ping_status":"closed","template":"","meta":{"_et_pb_use_builder":"on","_et_pb_old_content":"","_et_gb_content_width":"","inline_featured_image":false,"footnotes":""},"class_list":["post-338599","page","type-page","status-publish","hentry"],"yoast_head":"<!-- This site is optimized with the Yoast SEO plugin v27.1.1 - https:\/\/yoast.com\/product\/yoast-seo-wordpress\/ -->\n<title>We are a great team | Joan Cerd\u00e0<\/title>\n<meta name=\"description\" content=\"Excellence can only be achieved with a great team and by being true to your values. Meet our team.\" \/>\n<meta name=\"robots\" content=\"index, follow, max-snippet:-1, max-image-preview:large, max-video-preview:-1\" \/>\n<link rel=\"canonical\" href=\"https:\/\/joancerda.com\/en\/team\/\" \/>\n<meta property=\"og:locale\" content=\"en_US\" \/>\n<meta property=\"og:type\" content=\"article\" \/>\n<meta property=\"og:title\" content=\"We are a great team | Joan Cerd\u00e0\" \/>\n<meta property=\"og:description\" content=\"Excellence can only be achieved with a great team and by being true to your values. Meet our team.\" \/>\n<meta property=\"og:url\" content=\"https:\/\/joancerda.com\/en\/team\/\" \/>\n<meta property=\"og:site_name\" content=\"Joan Cerd\u00e0\" \/>\n<meta property=\"article:modified_time\" content=\"2026-02-04T08:05:00+00:00\" \/>\n<meta name=\"twitter:card\" content=\"summary_large_image\" \/>\n<meta name=\"twitter:label1\" content=\"Est. reading time\" \/>\n\t<meta name=\"twitter:data1\" content=\"2 minutes\" \/>\n<script type=\"application\/ld+json\" class=\"yoast-schema-graph\">{\"@context\":\"https:\/\/schema.org\",\"@graph\":[{\"@type\":\"WebPage\",\"@id\":\"https:\/\/joancerda.com\/en\/team\/\",\"url\":\"https:\/\/joancerda.com\/en\/team\/\",\"name\":\"We are a great team | Joan Cerd\u00e0\",\"isPartOf\":{\"@id\":\"https:\/\/joancerda.com\/en\/#website\"},\"datePublished\":\"2022-02-18T10:59:52+00:00\",\"dateModified\":\"2026-02-04T08:05:00+00:00\",\"description\":\"Excellence can only be achieved with a great team and by being true to your values. Meet our team.\",\"breadcrumb\":{\"@id\":\"https:\/\/joancerda.com\/en\/team\/#breadcrumb\"},\"inLanguage\":\"en-US\",\"potentialAction\":[{\"@type\":\"ReadAction\",\"target\":[\"https:\/\/joancerda.com\/en\/team\/\"]}]},{\"@type\":\"BreadcrumbList\",\"@id\":\"https:\/\/joancerda.com\/en\/team\/#breadcrumb\",\"itemListElement\":[{\"@type\":\"ListItem\",\"position\":1,\"name\":\"Portada\",\"item\":\"https:\/\/joancerda.com\/en\/\"},{\"@type\":\"ListItem\",\"position\":2,\"name\":\"Team\"}]},{\"@type\":\"WebSite\",\"@id\":\"https:\/\/joancerda.com\/en\/#website\",\"url\":\"https:\/\/joancerda.com\/en\/\",\"name\":\"Joan Cerd\u00e0\",\"description\":\"Firma Consultor\u00eda Fiscal\",\"publisher\":{\"@id\":\"https:\/\/joancerda.com\/en\/#organization\"},\"potentialAction\":[{\"@type\":\"SearchAction\",\"target\":{\"@type\":\"EntryPoint\",\"urlTemplate\":\"https:\/\/joancerda.com\/en\/?s={search_term_string}\"},\"query-input\":{\"@type\":\"PropertyValueSpecification\",\"valueRequired\":true,\"valueName\":\"search_term_string\"}}],\"inLanguage\":\"en-US\"},{\"@type\":\"Organization\",\"@id\":\"https:\/\/joancerda.com\/en\/#organization\",\"name\":\"Joan Cerd\u00e0 Consultor\u00eda Fiscal\",\"url\":\"https:\/\/joancerda.com\/en\/\",\"logo\":{\"@type\":\"ImageObject\",\"inLanguage\":\"en-US\",\"@id\":\"https:\/\/joancerda.com\/en\/#\/schema\/logo\/image\/\",\"url\":\"https:\/\/joancerda.com\/wp-content\/uploads\/2021\/12\/JoanCerda-Logo-Web-Horizontal-White-scaled.jpg\",\"contentUrl\":\"https:\/\/joancerda.com\/wp-content\/uploads\/2021\/12\/JoanCerda-Logo-Web-Horizontal-White-scaled.jpg\",\"width\":1920,\"height\":415,\"caption\":\"Joan Cerd\u00e0 Consultor\u00eda Fiscal\"},\"image\":{\"@id\":\"https:\/\/joancerda.com\/en\/#\/schema\/logo\/image\/\"}}]}<\/script>\n<!-- \/ Yoast SEO plugin. -->","yoast_head_json":{"title":"We are a great team | Joan Cerd\u00e0","description":"Excellence can only be achieved with a great team and by being true to your values. Meet our team.","robots":{"index":"index","follow":"follow","max-snippet":"max-snippet:-1","max-image-preview":"max-image-preview:large","max-video-preview":"max-video-preview:-1"},"canonical":"https:\/\/joancerda.com\/en\/team\/","og_locale":"en_US","og_type":"article","og_title":"We are a great team | Joan Cerd\u00e0","og_description":"Excellence can only be achieved with a great team and by being true to your values. Meet our team.","og_url":"https:\/\/joancerda.com\/en\/team\/","og_site_name":"Joan Cerd\u00e0","article_modified_time":"2026-02-04T08:05:00+00:00","twitter_card":"summary_large_image","twitter_misc":{"Est. reading time":"2 minutes"},"schema":{"@context":"https:\/\/schema.org","@graph":[{"@type":"WebPage","@id":"https:\/\/joancerda.com\/en\/team\/","url":"https:\/\/joancerda.com\/en\/team\/","name":"We are a great team | Joan Cerd\u00e0","isPartOf":{"@id":"https:\/\/joancerda.com\/en\/#website"},"datePublished":"2022-02-18T10:59:52+00:00","dateModified":"2026-02-04T08:05:00+00:00","description":"Excellence can only be achieved with a great team and by being true to your values. Meet our team.","breadcrumb":{"@id":"https:\/\/joancerda.com\/en\/team\/#breadcrumb"},"inLanguage":"en-US","potentialAction":[{"@type":"ReadAction","target":["https:\/\/joancerda.com\/en\/team\/"]}]},{"@type":"BreadcrumbList","@id":"https:\/\/joancerda.com\/en\/team\/#breadcrumb","itemListElement":[{"@type":"ListItem","position":1,"name":"Portada","item":"https:\/\/joancerda.com\/en\/"},{"@type":"ListItem","position":2,"name":"Team"}]},{"@type":"WebSite","@id":"https:\/\/joancerda.com\/en\/#website","url":"https:\/\/joancerda.com\/en\/","name":"Joan Cerd\u00e0","description":"Firma Consultor\u00eda Fiscal","publisher":{"@id":"https:\/\/joancerda.com\/en\/#organization"},"potentialAction":[{"@type":"SearchAction","target":{"@type":"EntryPoint","urlTemplate":"https:\/\/joancerda.com\/en\/?s={search_term_string}"},"query-input":{"@type":"PropertyValueSpecification","valueRequired":true,"valueName":"search_term_string"}}],"inLanguage":"en-US"},{"@type":"Organization","@id":"https:\/\/joancerda.com\/en\/#organization","name":"Joan Cerd\u00e0 Consultor\u00eda Fiscal","url":"https:\/\/joancerda.com\/en\/","logo":{"@type":"ImageObject","inLanguage":"en-US","@id":"https:\/\/joancerda.com\/en\/#\/schema\/logo\/image\/","url":"https:\/\/joancerda.com\/wp-content\/uploads\/2021\/12\/JoanCerda-Logo-Web-Horizontal-White-scaled.jpg","contentUrl":"https:\/\/joancerda.com\/wp-content\/uploads\/2021\/12\/JoanCerda-Logo-Web-Horizontal-White-scaled.jpg","width":1920,"height":415,"caption":"Joan Cerd\u00e0 Consultor\u00eda Fiscal"},"image":{"@id":"https:\/\/joancerda.com\/en\/#\/schema\/logo\/image\/"}}]}},"_links":{"self":[{"href":"https:\/\/joancerda.com\/en\/wp-json\/wp\/v2\/pages\/338599","targetHints":{"allow":["GET"]}}],"collection":[{"href":"https:\/\/joancerda.com\/en\/wp-json\/wp\/v2\/pages"}],"about":[{"href":"https:\/\/joancerda.com\/en\/wp-json\/wp\/v2\/types\/page"}],"author":[{"embeddable":true,"href":"https:\/\/joancerda.com\/en\/wp-json\/wp\/v2\/users\/1"}],"replies":[{"embeddable":true,"href":"https:\/\/joancerda.com\/en\/wp-json\/wp\/v2\/comments?post=338599"}],"version-history":[{"count":11,"href":"https:\/\/joancerda.com\/en\/wp-json\/wp\/v2\/pages\/338599\/revisions"}],"predecessor-version":[{"id":342574,"href":"https:\/\/joancerda.com\/en\/wp-json\/wp\/v2\/pages\/338599\/revisions\/342574"}],"wp:attachment":[{"href":"https:\/\/joancerda.com\/en\/wp-json\/wp\/v2\/media?parent=338599"}],"curies":[{"name":"wp","href":"https:\/\/api.w.org\/{rel}","templated":true}]}}