{"id":342169,"date":"2025-12-04T10:01:40","date_gmt":"2025-12-04T10:01:40","guid":{"rendered":"https:\/\/joancerda.com\/communication-channel\/"},"modified":"2025-12-04T10:01:42","modified_gmt":"2025-12-04T10:01:42","slug":"communication-channel","status":"publish","type":"page","link":"https:\/\/joancerda.com\/en\/communication-channel\/","title":{"rendered":"Communication channel"},"content":{"rendered":"<p>[et_pb_section fb_built=&#8221;1&#8243; fullwidth=&#8221;on&#8221; _builder_version=&#8221;4.16&#8243; _module_preset=&#8221;default&#8221; locked=&#8221;off&#8221; global_colors_info=&#8221;{}&#8221;][et_pb_fullwidth_slider _builder_version=&#8221;4.21.0&#8243; _module_preset=&#8221;default&#8221; custom_padding=&#8221;30vh||30vh||true|false&#8221; global_colors_info=&#8221;{}&#8221;][et_pb_slide heading=&#8221;Communication channel&#8221; _builder_version=&#8221;4.21.0&#8243; _module_preset=&#8221;default&#8221; header_level=&#8221;h1&#8243; header_font=&#8221;ogg||||||||&#8221; header_font_size=&#8221;36px&#8221; header_letter_spacing=&#8221;1px&#8221; body_font=&#8221;|300|||||||&#8221; body_font_size=&#8221;24px&#8221; background_color=&#8221;#152052&#8243; background_enable_color=&#8221;on&#8221; background_enable_image=&#8221;off&#8221; background_size=&#8221;initial&#8221; background_blend=&#8221;multiply&#8221; custom_button=&#8221;on&#8221; button_text_size=&#8221;14px&#8221; button_text_color=&#8221;#F7F7F7&#8243; button_border_color=&#8221;#152052&#8243; button_border_radius=&#8221;0px&#8221; button_font=&#8221;|600||on|||||&#8221; button_use_icon=&#8221;off&#8221; button_custom_margin=&#8221;20px||||false|false&#8221; button_custom_padding=&#8221;12px|40px|12px|40px|true|true&#8221; header_font_size_tablet=&#8221;32px&#8221; header_font_size_phone=&#8221;28px&#8221; header_font_size_last_edited=&#8221;off|desktop&#8221; body_font_size_tablet=&#8221;22px&#8221; body_font_size_phone=&#8221;18px&#8221; body_font_size_last_edited=&#8221;on|desktop&#8221; global_colors_info=&#8221;{}&#8221; button_text_size__hover_enabled=&#8221;on|desktop&#8221; button_text_color__hover=&#8221;#ffffff&#8221; button_text_color__hover_enabled=&#8221;on|hover&#8221; button_bg_color__hover=&#8221;#152052&#8243; button_bg_color__hover_enabled=&#8221;on|hover&#8221; button_border_color__hover=&#8221;#152052&#8243; button_border_color__hover_enabled=&#8221;on|hover&#8221; button_text_size__hover=&#8221;14px&#8221; sticky_transition=&#8221;on&#8221;][\/et_pb_slide][\/et_pb_fullwidth_slider][\/et_pb_section][et_pb_section fb_built=&#8221;1&#8243; module_id=&#8221;Escribenos&#8221; _builder_version=&#8221;4.16&#8243; _module_preset=&#8221;default&#8221; background_color=&#8221;#F7F7F7&#8243; global_colors_info=&#8221;{}&#8221;][et_pb_row _builder_version=&#8221;4.16&#8243; _module_preset=&#8221;default&#8221; locked=&#8221;off&#8221; global_colors_info=&#8221;{}&#8221;][et_pb_column type=&#8221;4_4&#8243; _builder_version=&#8221;4.16&#8243; _module_preset=&#8221;default&#8221; global_colors_info=&#8221;{}&#8221;][et_pb_text _builder_version=&#8221;4.27.4&#8243; _module_preset=&#8221;default&#8221; text_font=&#8221;||||||||&#8221; text_text_color=&#8221;#152052&#8243; text_font_size=&#8221;18px&#8221; text_line_height=&#8221;1.6em&#8221; header_2_font=&#8221;||||||||&#8221; header_3_font=&#8221;|600|||||||&#8221; header_3_text_color=&#8221;#152052&#8243; header_3_font_size=&#8221;24px&#8221; max_width=&#8221;1024px&#8221; module_alignment=&#8221;center&#8221; custom_margin=&#8221;10px||10px||true|false&#8221; custom_padding=&#8221;20px||20px||true|false&#8221; hover_enabled=&#8221;0&#8243; text_font_size_tablet=&#8221;21px&#8221; text_font_size_phone=&#8221;18px&#8221; text_font_size_last_edited=&#8221;on|desktop&#8221; global_colors_info=&#8221;{}&#8221; sticky_enabled=&#8221;0&#8243;]<\/p>\n<p>Welcome,<\/p>\n<p><\/p>\n<p>In compliance with the provisions of \u202f<a id=\"m_-7366755985289402853OWAe9e220e1-e307-0ad7-e470-01eaaa87ea57\" href=\"https:\/\/www.boe.es\/eli\/es\/l\/2023\/02\/20\/2\/con\" target=\"_blank\" rel=\"noopener\" data-saferedirecturl=\"https:\/\/www.google.com\/url?q=https:\/\/www.boe.es\/eli\/es\/l\/2023\/02\/20\/2\/con&amp;source=gmail&amp;ust=1705475689625000&amp;usg=AOvVaw0iZzTFPL81FqvR547oriGz\">Ley 2\/2023, de 20 de febrero, reguladora de la protecci\u00f3n de las personas que informen sobre infracciones normativas y de lucha contra la corrupci\u00f3n<\/a>, JOAN CERD\u00c1 &amp; ASSOCIATS, ASESORES S.L. has implemented an Internal Information System, hereinafter referred to as the SII, which will be operational from January 2024.<\/p>\n<p><\/p>\n<h3><strong>What is the SII?<\/strong><\/h3>\n<p><\/p>\n<p>This system provides a channel for individuals who, in a work or professional context, have obtained information about actions or omissions that may constitute violations of European Union law or serious or very serious criminal or administrative offenses within the organization, to report them with full guarantees of confidentiality, data protection, and the secrecy of communications.<\/p>\n<p><\/p>\n<p>The law establishes the legal framework for the internal information system, encompassing both the channel\u2014understood as the mailbox or channel for receiving information\u2014and the person responsible for the system and the procedure.<\/p>\n<p><\/p>\n<p><b style=\"color: #333333; font-size: 22px;\"><i>Aim<\/i><\/b><\/p>\n<p><\/p>\n<p>Strengthening information culture, organizational integrity infrastructure, and promoting information and communication culture as a mechanism to prevent and detect threats to the public interest.<\/p>\n<p><\/p>\n<p>Therefore, the following documentation is provided for all those who may be interested:<\/p>\n<p><\/p>\n<ul>\n<li><strong><a href=\"https:\/\/joancerda.com\/wp-content\/uploads\/2024\/01\/Politica-del-Sistema-Interno-de-Informacion-rev01.pdf\">Pol\u00edtica del SII\u00a0\u00a0<\/a><\/strong><\/li>\n<li><strong><a href=\"https:\/\/joancerda.com\/wp-content\/uploads\/2025\/11\/Protocolo-del-canal-de-comunicacion.docx\" target=\"_blank\" rel=\"noopener\">Protocolo del SII\u00a0\u00a0<\/a><\/strong><\/li>\n<li><strong><a href=\"https:\/\/joancerda.com\/wp-content\/uploads\/2024\/01\/Anexo-III-DEL-ANEXO-IV-MANUAL-USUARIO-CANAL-DE-COMUNICACIONES-PUBLICO.pdf\" target=\"_blank\" rel=\"noopener\">Manual de uso de la herramienta del Canal interno de informaci\u00f3n<\/a><\/strong><\/li>\n<li><strong>Canal de infor<\/strong><strong>maci\u00f3n, <a href=\"https:\/\/www.ovetauki.com\/canal\/joan-cerda%20\" target=\"_blank\" rel=\"noopener\">click aqu\u00ed.<\/a><\/strong><\/li>\n<\/ul>\n<p><\/p>\n<p>Finally, if you have any questions about the implementation of the SII, the use of its tools, or the relevant legislation, the SII manager,<strong> Catalina Ferrer Garcias<\/strong> (<a href=\"mailto:cferrer@joancerda.com\">cferrer@joancerda.com<\/a>), is at your complete disposal.<\/p>\n<p>[\/et_pb_text][\/et_pb_column][\/et_pb_row][\/et_pb_section]<\/p>\n","protected":false},"excerpt":{"rendered":"<p>Welcome,In compliance with the provisions of \u202fLey 2\/2023, de 20 de febrero, reguladora de la protecci\u00f3n de las personas que informen sobre infracciones normativas y de lucha contra la corrupci\u00f3n, JOAN CERD\u00c1 &amp; ASSOCIATS, ASESORES S.L. has implemented an Internal Information System, hereinafter referred to as the SII, which will be operational from January 2024.What [&hellip;]<\/p>\n","protected":false},"author":1,"featured_media":0,"parent":0,"menu_order":0,"comment_status":"closed","ping_status":"closed","template":"","meta":{"_et_pb_use_builder":"on","_et_pb_old_content":"","_et_gb_content_width":"","inline_featured_image":false,"footnotes":""},"class_list":["post-342169","page","type-page","status-publish","hentry"],"yoast_head":"<!-- This site is optimized with the Yoast SEO plugin v27.3 - https:\/\/yoast.com\/product\/yoast-seo-wordpress\/ -->\n<title>Communication channel | Joan Cerd\u00e0<\/title>\n<meta name=\"robots\" content=\"index, follow, max-snippet:-1, max-image-preview:large, max-video-preview:-1\" \/>\n<link rel=\"canonical\" href=\"https:\/\/joancerda.com\/en\/communication-channel\/\" \/>\n<meta property=\"og:locale\" content=\"en_US\" \/>\n<meta property=\"og:type\" content=\"article\" \/>\n<meta property=\"og:title\" content=\"Communication channel | Joan Cerd\u00e0\" \/>\n<meta property=\"og:description\" content=\"Welcome,In compliance with the provisions of \u202fLey 2\/2023, de 20 de febrero, reguladora de la protecci\u00f3n de las personas que informen sobre infracciones normativas y de lucha contra la corrupci\u00f3n, JOAN CERD\u00c1 &amp; ASSOCIATS, ASESORES S.L. has implemented an Internal Information System, hereinafter referred to as the SII, which will be operational from January 2024.What [&hellip;]\" \/>\n<meta property=\"og:url\" content=\"https:\/\/joancerda.com\/en\/communication-channel\/\" \/>\n<meta property=\"og:site_name\" content=\"Joan Cerd\u00e0\" \/>\n<meta property=\"article:modified_time\" content=\"2025-12-04T10:01:42+00:00\" \/>\n<meta name=\"twitter:card\" content=\"summary_large_image\" \/>\n<meta name=\"twitter:label1\" content=\"Est. reading time\" \/>\n\t<meta name=\"twitter:data1\" content=\"3 minutes\" \/>\n<script type=\"application\/ld+json\" class=\"yoast-schema-graph\">{\"@context\":\"https:\\\/\\\/schema.org\",\"@graph\":[{\"@type\":\"WebPage\",\"@id\":\"https:\\\/\\\/joancerda.com\\\/en\\\/communication-channel\\\/\",\"url\":\"https:\\\/\\\/joancerda.com\\\/en\\\/communication-channel\\\/\",\"name\":\"Communication channel | Joan Cerd\u00e0\",\"isPartOf\":{\"@id\":\"https:\\\/\\\/joancerda.com\\\/en\\\/#website\"},\"datePublished\":\"2025-12-04T10:01:40+00:00\",\"dateModified\":\"2025-12-04T10:01:42+00:00\",\"breadcrumb\":{\"@id\":\"https:\\\/\\\/joancerda.com\\\/en\\\/communication-channel\\\/#breadcrumb\"},\"inLanguage\":\"en-US\",\"potentialAction\":[{\"@type\":\"ReadAction\",\"target\":[\"https:\\\/\\\/joancerda.com\\\/en\\\/communication-channel\\\/\"]}]},{\"@type\":\"BreadcrumbList\",\"@id\":\"https:\\\/\\\/joancerda.com\\\/en\\\/communication-channel\\\/#breadcrumb\",\"itemListElement\":[{\"@type\":\"ListItem\",\"position\":1,\"name\":\"Portada\",\"item\":\"https:\\\/\\\/joancerda.com\\\/en\\\/\"},{\"@type\":\"ListItem\",\"position\":2,\"name\":\"Communication channel\"}]},{\"@type\":\"WebSite\",\"@id\":\"https:\\\/\\\/joancerda.com\\\/en\\\/#website\",\"url\":\"https:\\\/\\\/joancerda.com\\\/en\\\/\",\"name\":\"Joan Cerd\u00e0\",\"description\":\"Firma Consultor\u00eda Fiscal\",\"publisher\":{\"@id\":\"https:\\\/\\\/joancerda.com\\\/en\\\/#organization\"},\"potentialAction\":[{\"@type\":\"SearchAction\",\"target\":{\"@type\":\"EntryPoint\",\"urlTemplate\":\"https:\\\/\\\/joancerda.com\\\/en\\\/?s={search_term_string}\"},\"query-input\":{\"@type\":\"PropertyValueSpecification\",\"valueRequired\":true,\"valueName\":\"search_term_string\"}}],\"inLanguage\":\"en-US\"},{\"@type\":\"Organization\",\"@id\":\"https:\\\/\\\/joancerda.com\\\/en\\\/#organization\",\"name\":\"Joan Cerd\u00e0 Consultor\u00eda Fiscal\",\"url\":\"https:\\\/\\\/joancerda.com\\\/en\\\/\",\"logo\":{\"@type\":\"ImageObject\",\"inLanguage\":\"en-US\",\"@id\":\"https:\\\/\\\/joancerda.com\\\/en\\\/#\\\/schema\\\/logo\\\/image\\\/\",\"url\":\"https:\\\/\\\/joancerda.com\\\/wp-content\\\/uploads\\\/2021\\\/12\\\/JoanCerda-Logo-Web-Horizontal-White-scaled.jpg\",\"contentUrl\":\"https:\\\/\\\/joancerda.com\\\/wp-content\\\/uploads\\\/2021\\\/12\\\/JoanCerda-Logo-Web-Horizontal-White-scaled.jpg\",\"width\":1920,\"height\":415,\"caption\":\"Joan Cerd\u00e0 Consultor\u00eda Fiscal\"},\"image\":{\"@id\":\"https:\\\/\\\/joancerda.com\\\/en\\\/#\\\/schema\\\/logo\\\/image\\\/\"}}]}<\/script>\n<!-- \/ Yoast SEO plugin. -->","yoast_head_json":{"title":"Communication channel | Joan Cerd\u00e0","robots":{"index":"index","follow":"follow","max-snippet":"max-snippet:-1","max-image-preview":"max-image-preview:large","max-video-preview":"max-video-preview:-1"},"canonical":"https:\/\/joancerda.com\/en\/communication-channel\/","og_locale":"en_US","og_type":"article","og_title":"Communication channel | Joan Cerd\u00e0","og_description":"Welcome,In compliance with the provisions of \u202fLey 2\/2023, de 20 de febrero, reguladora de la protecci\u00f3n de las personas que informen sobre infracciones normativas y de lucha contra la corrupci\u00f3n, JOAN CERD\u00c1 &amp; ASSOCIATS, ASESORES S.L. has implemented an Internal Information System, hereinafter referred to as the SII, which will be operational from January 2024.What [&hellip;]","og_url":"https:\/\/joancerda.com\/en\/communication-channel\/","og_site_name":"Joan Cerd\u00e0","article_modified_time":"2025-12-04T10:01:42+00:00","twitter_card":"summary_large_image","twitter_misc":{"Est. reading time":"3 minutes"},"schema":{"@context":"https:\/\/schema.org","@graph":[{"@type":"WebPage","@id":"https:\/\/joancerda.com\/en\/communication-channel\/","url":"https:\/\/joancerda.com\/en\/communication-channel\/","name":"Communication channel | Joan Cerd\u00e0","isPartOf":{"@id":"https:\/\/joancerda.com\/en\/#website"},"datePublished":"2025-12-04T10:01:40+00:00","dateModified":"2025-12-04T10:01:42+00:00","breadcrumb":{"@id":"https:\/\/joancerda.com\/en\/communication-channel\/#breadcrumb"},"inLanguage":"en-US","potentialAction":[{"@type":"ReadAction","target":["https:\/\/joancerda.com\/en\/communication-channel\/"]}]},{"@type":"BreadcrumbList","@id":"https:\/\/joancerda.com\/en\/communication-channel\/#breadcrumb","itemListElement":[{"@type":"ListItem","position":1,"name":"Portada","item":"https:\/\/joancerda.com\/en\/"},{"@type":"ListItem","position":2,"name":"Communication channel"}]},{"@type":"WebSite","@id":"https:\/\/joancerda.com\/en\/#website","url":"https:\/\/joancerda.com\/en\/","name":"Joan Cerd\u00e0","description":"Firma Consultor\u00eda Fiscal","publisher":{"@id":"https:\/\/joancerda.com\/en\/#organization"},"potentialAction":[{"@type":"SearchAction","target":{"@type":"EntryPoint","urlTemplate":"https:\/\/joancerda.com\/en\/?s={search_term_string}"},"query-input":{"@type":"PropertyValueSpecification","valueRequired":true,"valueName":"search_term_string"}}],"inLanguage":"en-US"},{"@type":"Organization","@id":"https:\/\/joancerda.com\/en\/#organization","name":"Joan Cerd\u00e0 Consultor\u00eda Fiscal","url":"https:\/\/joancerda.com\/en\/","logo":{"@type":"ImageObject","inLanguage":"en-US","@id":"https:\/\/joancerda.com\/en\/#\/schema\/logo\/image\/","url":"https:\/\/joancerda.com\/wp-content\/uploads\/2021\/12\/JoanCerda-Logo-Web-Horizontal-White-scaled.jpg","contentUrl":"https:\/\/joancerda.com\/wp-content\/uploads\/2021\/12\/JoanCerda-Logo-Web-Horizontal-White-scaled.jpg","width":1920,"height":415,"caption":"Joan Cerd\u00e0 Consultor\u00eda Fiscal"},"image":{"@id":"https:\/\/joancerda.com\/en\/#\/schema\/logo\/image\/"}}]}},"_links":{"self":[{"href":"https:\/\/joancerda.com\/en\/wp-json\/wp\/v2\/pages\/342169","targetHints":{"allow":["GET"]}}],"collection":[{"href":"https:\/\/joancerda.com\/en\/wp-json\/wp\/v2\/pages"}],"about":[{"href":"https:\/\/joancerda.com\/en\/wp-json\/wp\/v2\/types\/page"}],"author":[{"embeddable":true,"href":"https:\/\/joancerda.com\/en\/wp-json\/wp\/v2\/users\/1"}],"replies":[{"embeddable":true,"href":"https:\/\/joancerda.com\/en\/wp-json\/wp\/v2\/comments?post=342169"}],"version-history":[{"count":2,"href":"https:\/\/joancerda.com\/en\/wp-json\/wp\/v2\/pages\/342169\/revisions"}],"predecessor-version":[{"id":342171,"href":"https:\/\/joancerda.com\/en\/wp-json\/wp\/v2\/pages\/342169\/revisions\/342171"}],"wp:attachment":[{"href":"https:\/\/joancerda.com\/en\/wp-json\/wp\/v2\/media?parent=342169"}],"curies":[{"name":"wp","href":"https:\/\/api.w.org\/{rel}","templated":true}]}}